{"id":9515,"date":"2024-04-22T14:28:02","date_gmt":"2024-04-22T12:28:02","guid":{"rendered":"https:\/\/woffu.midaweb.net\/?page_id=9515"},"modified":"2025-07-30T22:08:16","modified_gmt":"2025-07-30T20:08:16","slug":"gestion-de-turnos-y-horarios-de-trabajo","status":"publish","type":"page","link":"https:\/\/woffu.midaweb.net\/es\/gestion-de-turnos-y-horarios-de-trabajo\/","title":{"rendered":"Gesti\u00f3n de turnos y horarios de trabajo"},"content":{"rendered":"<div class=\"wpb-content-wrapper\"><p>[vc_section el_class=&#8221;features-hero&#8221;][vc_row][vc_column][vc_column_text el_class=&#8221;features-hero-caption&#8221;]<\/p>\n<h1>Gesti\u00f3n de turnos de trabajo y horarios<\/h1>\n<p>Planifica y coordina los turnos de tus empleados de forma digital, monitoriza sus horas trabajadas y aseg\u00farate que toda tu plantilla tiene acceso a sus horarios en cualquier momento y lugar.[\/vc_column_text][vc_btn title=&#8221;Solicita una demo&#8221; css=&#8221;&#8221; link=&#8221;url:https%3A%2F%2Fwoffu.midaweb.net%2Fdemo%2F|title:Solicita%20una%20demo&#8221; el_class=&#8221;btn btn-dark-new&#8221;][vc_single_image image=&#8221;9517&#8243; img_size=&#8221;full&#8221;][\/vc_column][\/vc_row][\/vc_section][vc_section el_class=&#8221;features-section&#8221;][vc_row][vc_column el_class=&#8221;features-section-caption&#8221;][vc_column_text]<\/p>\n<h2>Gesti\u00f3n de turnos de trabajo accesible, f\u00e1cil e intuitivo<\/h2>\n<p>Deja atr\u00e1s los cuadrantes de turnos en Excel o papel. Con Woffu, centraliza toda la informaci\u00f3n del registro horario de tu equipo y elimina errores humanos.[\/vc_column_text][\/vc_column][\/vc_row][vc_row el_class=&#8221;features-row&#8221;][vc_column width=&#8221;1\/2&#8243; el_class=&#8221;features-row-caption&#8221;][vc_column_text]<\/p>\n<h3>Configuraci\u00f3n y gesti\u00f3n de turnos de trabajo<\/h3>\n<p>Planificaci\u00f3n a medida de turnos rotativos y cuadrantes de trabajo siempre disponibles para consultar.<\/p>\n<ul>\n<li>Crea una variedad ilimitada de <strong>horarios fijos, flexibles y rotativos<\/strong> acorde a cada convenio y contrato de trabajo.<\/li>\n<li>Selecciona los <strong>minutos de flexibilidad<\/strong> de entrada y salida fuera del horario te\u00f3rico.<\/li>\n<li>Limita las <strong>horas extra<\/strong> que puedan suceder dentro de cada turno.<\/li>\n<li>A\u00f1ade <strong>descansos<\/strong>, con opci\u00f3n a descontarse autom\u00e1ticamente del horario.<\/li>\n<li><strong>Personaliza ajustes<\/strong> puntuales o temporales: d\u00edas festivos con horario especial, cambios de \u00faltima hora por empleado, equipo o centro, etc.<\/li>\n<li>Crea <strong>turnos rotativos<\/strong> determinando el n\u00famero de repeticiones de cada periodo (semana) de rotaci\u00f3n.<\/li>\n<li>F\u00e1cil configuraci\u00f3n del calendario de acuerdo con el <strong>contrato de trabajo y convenios<\/strong>.<\/li>\n<\/ul>\n<p>[\/vc_column_text][vc_btn title=&#8221;Saber m\u00e1s&#8221; css=&#8221;&#8221; link=&#8221;url:https%3A%2F%2Fwoffu.midaweb.net%2Fdemo%2F|title:Saber%20m%C3%A1s&#8221; el_class=&#8221;btn btn-more-new&#8221;][\/vc_column][vc_column width=&#8221;1\/2&#8243; el_class=&#8221;features-row-picture&#8221;][vc_single_image image=&#8221;11221&#8243; img_size=&#8221;full&#8221; alignment=&#8221;right&#8221; css=&#8221;&#8221;][\/vc_column][\/vc_row][vc_row el_class=&#8221;features-row features-row-right&#8221;][vc_column width=&#8221;1\/2&#8243; el_class=&#8221;features-row-caption&#8221;][vc_column_text css=&#8221;&#8221;]<\/p>\n<h3>Asigna los horarios a empleados, equipos o centros<\/h3>\n<p>Gestiona los turnos por centros de trabajo o departamentos y comp\u00e1rtelos con tus empleados.<\/p>\n<ul>\n<li>Comparte f\u00e1cilmente los turnos con tus empleados para que tengan <strong>acceso desde cualquier lugar<\/strong> y en cualquier momento.<\/li>\n<li><strong>Adjudica turnos<\/strong> de trabajo por persona o d\u00edas, de forma puntual o peri\u00f3dica.<\/li>\n<li>Asigna turnos a cada <strong>empleado y departamentos<\/strong> de tu empresa.<\/li>\n<li><strong>Notifica<\/strong> a tu plantilla de sus turnos al instante.<\/li>\n<li>Elige a los empleados y el n\u00famero de repeticiones de cada <strong>patr\u00f3n de turnos<\/strong>.<\/li>\n<li>Ofrece <strong>m\u00e1s transparencia<\/strong> a tus empleados, evita posibles conflictos y reduce fricciones.<\/li>\n<\/ul>\n<p>[\/vc_column_text][vc_btn title=&#8221;Solicita una Demo&#8221; css=&#8221;&#8221; link=&#8221;url:https%3A%2F%2Fwoffu.midaweb.net%2Fdemo%2F|title:Solicita%20una%20Demo&#8221; el_class=&#8221;btn btn-more-new&#8221;][\/vc_column][vc_column width=&#8221;1\/2&#8243; el_class=&#8221;features-row-picture&#8221;][vc_single_image image=&#8221;9525&#8243; img_size=&#8221;full&#8221; alignment=&#8221;right&#8221;][\/vc_column][\/vc_row][vc_row el_class=&#8221;features-row&#8221;][vc_column width=&#8221;1\/2&#8243; el_class=&#8221;features-row-caption&#8221;][vc_column_text css=&#8221;&#8221;]<\/p>\n<h3>Visualiza todos los horarios y turnos en un calendario<\/h3>\n<p>Gesti\u00f3n de turnos de trabajo centralizada para toda la empresa: consulta la informaci\u00f3n sobre horarios en un mismo lugar y dales a tus empleados visibilidad de sus pr\u00f3ximos turnos y los ya trabajados.<\/p>\n<ul>\n<li>Visualiza todos los <strong>turnos de trabajo y disponibilidad<\/strong> de tu equipo en tiempo real.<\/li>\n<li>Consulta la informaci\u00f3n de las <strong>horas de trabajo asignadas<\/strong> por d\u00eda y semana.<\/li>\n<li><strong>Filtra la vista<\/strong> de calendario por persona, departamento y centro.<\/li>\n<li><strong>Exporta tus cuadrantes<\/strong> en un clic en formato pdf.<\/li>\n<li>Toda la plantilla podr\u00e1 <strong>consultar sus turnos<\/strong>.<\/li>\n<li>Ten una <strong>visi\u00f3n global<\/strong> de qu\u00e9 empleados est\u00e1n trabajando por departamento con una vista r\u00e1pida.<\/li>\n<\/ul>\n<p>[\/vc_column_text][vc_btn title=&#8221;Consulta planes&#8221; css=&#8221;&#8221; link=&#8221;url:https%3A%2F%2Fwoffu.midaweb.net%2Fprecios-woffu%2F|title:Consulta%20planes&#8221; el_class=&#8221;btn btn-more-new&#8221;][\/vc_column][vc_column width=&#8221;1\/2&#8243; el_class=&#8221;features-row-picture&#8221;][vc_single_image image=&#8221;9530&#8243; img_size=&#8221;full&#8221; alignment=&#8221;right&#8221;][\/vc_column][\/vc_row][vc_row el_class=&#8221;features-row features-row-right&#8221;][vc_column width=&#8221;1\/2&#8243; el_class=&#8221;features-row-caption&#8221;][vc_column_text css=&#8221;&#8221;]<\/p>\n<h3>Integra los turnos con la jornada laboral efectiva<\/h3>\n<p>Sincroniza en tiempo real la informaci\u00f3n de los turnos con el <a href=\"https:\/\/woffu.midaweb.net\/control-horario-y-registro-de-la-jornada-laboral\/\">control horario, fichajes<\/a>, vacaciones y ausencias.<\/p>\n<ul>\n<li><strong>Integra los turnos<\/strong> con las ausencias y fichajes de tu equipo.<\/li>\n<li>Mant\u00e9n los datos <strong>autom\u00e1ticamente actualizados<\/strong> ante cualquier modificaci\u00f3n del cuadrante.<\/li>\n<li>Acceso directo y visual a las <a href=\"https:\/\/woffu.midaweb.net\/control-de-vacaciones-y-ausencias-de-empleados\/\"><strong>ausencias y vacaciones<\/strong><\/a> aprobadas de tus empleados para evitar errores y solapamientos.<\/li>\n<li><strong>Minimiza las incidencias<\/strong> en los horarios y mant\u00e9n la informaci\u00f3n siempre actualizada.<\/li>\n<li>Recopila los <strong>datos clave necesarios<\/strong> para controlar correctamente los turnos y preparar la n\u00f3mina.<\/li>\n<li>Compara los datos de la jornada planificada y las <strong>horas trabajadas efectivas<\/strong>.<\/li>\n<\/ul>\n<p>[\/vc_column_text][vc_btn title=&#8221;Saber m\u00e1s&#8221; css=&#8221;&#8221; link=&#8221;url:https%3A%2F%2Fwoffu.midaweb.net%2Fdemo%2F|title:Saber%20m%C3%A1s&#8221; el_class=&#8221;btn btn-more-new&#8221;][\/vc_column][vc_column width=&#8221;1\/2&#8243; el_class=&#8221;features-row-picture&#8221;][vc_single_image image=&#8221;9535&#8243; img_size=&#8221;full&#8221; alignment=&#8221;right&#8221;][\/vc_column][\/vc_row][vc_row el_class=&#8221;features-row&#8221;][vc_column width=&#8221;1\/2&#8243; el_class=&#8221;features-row-caption&#8221;][vc_column_text css=&#8221;&#8221;]<\/p>\n<h3>Normativa del Registro de la Jornada y gesti\u00f3n de turnos de trabajo<\/h3>\n<p>Con Woffu, est\u00e1s cubierto para cumplir la normativa laboral: lleva un control del personal externo sin turno preestablecido y adapta los horarios de trabajo a la normativa vigente.<\/p>\n<ul>\n<li>Adapta los horarios de trabajo a la <strong>normativa vigente<\/strong> del registro de la jornada.<\/li>\n<li><strong>Identifica a los visitantes<\/strong> y al personal externo sin turno preestablecido.<\/li>\n<li>Exporta el <strong>informe de asistencia<\/strong> en tiempo real.<\/li>\n<li>Consulta los registros hist\u00f3ricos de turnos de trabajo para hacer frente a <strong>inspecciones o auditor\u00edas<\/strong>.<\/li>\n<li>Obt\u00e9n <a href=\"https:\/\/woffu.midaweb.net\/informes-de-recursos-humanos\/\"><strong>informes de seguridad<\/strong><\/a> y control de visitas vinculados con tus dispositivos de acceso.<\/li>\n<\/ul>\n<p>[\/vc_column_text][vc_btn title=&#8221;Habla con un experto&#8221; css=&#8221;&#8221; link=&#8221;url:https%3A%2F%2Fwoffu.midaweb.net%2Fdemo%2F|title:Habla%20con%20un%20experto&#8221; el_class=&#8221;btn btn-more-new&#8221;][\/vc_column][vc_column width=&#8221;1\/2&#8243; el_class=&#8221;features-row-picture&#8221;][vc_single_image image=&#8221;9540&#8243; img_size=&#8221;full&#8221; alignment=&#8221;right&#8221;][\/vc_column][\/vc_row][\/vc_section][vc_section el_class=&#8221;qa-section&#8221;][vc_row][vc_column][vc_custom_heading text=&#8221;Preguntas frecuentes&#8221; font_container=&#8221;tag:h2|text_align:center&#8221;][vc_toggle title=&#8221;\u00bfQu\u00e9 hace \u00fanica a la gesti\u00f3n de turnos de trabajo de Woffu frente a m\u00e9todos tradicionales como Excel o papel?&#8221; open=&#8221;true&#8221;]Woffu centraliza y digitaliza la gesti\u00f3n de turnos de trabajo, eliminando errores humanos y facilitando el acceso y la modificaci\u00f3n de los horarios en tiempo real, a diferencia de los m\u00e9todos tradicionales que suelen ser m\u00e1s propensos a errores y menos accesibles.[\/vc_toggle][vc_toggle title=&#8221;\u00bfQu\u00e9 son los turnos rotativos?&#8221;]Los turnos rotativos son un sistema de organizaci\u00f3n del tiempo de trabajo en el que los empleados alternan sus horarios laborales en un ciclo recurrente. Los trabajadores cambian de turno (ma\u00f1ana, tarde, noche) despu\u00e9s de un per\u00edodo establecido, que puede ser de d\u00edas, semanas o incluso meses.<\/p>\n<p>Este tipo de turnos es com\u00fan en industrias que operan las 24 horas del d\u00eda, los 7 d\u00edas de la semana, como el sector industrial y f\u00e1bricas, los servicios esenciales como los sanitarios, de transporte, de seguridad o de emergencias, y ciertos tipos de comercios y servicios.[\/vc_toggle][vc_toggle title=&#8221;\u00bfQu\u00e9 deber\u00edas tener en cuenta a la hora de organizar turnos de trabajo rotativos?&#8221; css=&#8221;&#8221;]<\/p>\n<ol>\n<li>La planificaci\u00f3n de turnos debe ser justa y flexible, permitiendo a tus empleados compartir sus preferencias y as\u00ed reducir la rotaci\u00f3n. Esto puede conseguirse con la implementaci\u00f3n de sistemas colaborativos como Woffu.<\/li>\n<li>Minimizar la fatiga de tus empleados, lo que afectar\u00eda negativamente a la concentraci\u00f3n, productividad y salud de tu equipo. Para ello, hay que evitar cambios demasiado frecuentes entre turnos, programar descansos regulares y permitir suficiente tiempo de transici\u00f3n entre un turno de d\u00eda y noche, si es posible.<\/li>\n<li>Tener en cuenta las necesidades personales de tus empleados y facilitar la conciliaci\u00f3n. Contar con una herramienta flexible y adaptable es clave.<\/li>\n<li>Ofrecer capacitaci\u00f3n y apoyo a tus trabajadores para manejar los desaf\u00edos de los turnos rotativos y mantener una buena salud f\u00edsica y mental.<\/li>\n<li>Hacer un monitoreo y ajustes constantes, para evaluar la efectividad de los turnos, identificar problemas y tomar decisiones para una mejora.<\/li>\n<li>Cumplir con la normativa laboral, lo que incluye l\u00edmites de horas trabajadas, el tiempo de descanso y el pago de los turnos nocturnos o fines de semana.<\/li>\n<li>Contar con tecnolog\u00eda y herramientas como Woffu que faciliten la programaci\u00f3n, seguimiento y an\u00e1lisis de los horarios de trabajo de tus empleados.<\/li>\n<\/ol>\n<p>[\/vc_toggle][vc_toggle title=&#8221;\u00bfC\u00f3mo facilita Woffu la planificaci\u00f3n de turnos rotativos y horarios flexibles?&#8221;]Woffu permite crear una variedad ilimitada de horarios, incluyendo turnos fijos, flexibles y rotativos, y ofrece opciones para ajustar la flexibilidad de entrada y salida, limitar horas extras, y a\u00f1adir pausas y descansos.[\/vc_toggle][vc_toggle title=&#8221;\u00bfC\u00f3mo ayuda Woffu en la visualizaci\u00f3n y gesti\u00f3n de los horarios de los empleados?&#8221;]Woffu ofrece una gesti\u00f3n centralizada de turnos, permitiendo visualizar todos los horarios y disponibilidades en tiempo real, filtrar por diferentes criterios, y exportar cuadrantes. Toda la plantilla tiene acceso a sus turnos (pasados, presentes y futuros) en cualquier momento y desde cualquier lugar.<\/p>\n<p>Al compartir f\u00e1cilmente los turnos con tus empleados y notificarles a trav\u00e9s de app m\u00f3vil o correo electr\u00f3nico, Woffu ofrece mayor transparencia, reduce las dudas y consultas a RR.HH. sobre horarios de trabajo y evita posibles conflictos.[\/vc_toggle][vc_toggle title=&#8221;\u00bfEs posible asignar horarios espec\u00edficos a diferentes equipos o centros de trabajo en Woffu?&#8221;]S\u00ed, Woffu permite gestionar turnos por centros de trabajo o departamentos, y asignar turnos espec\u00edficos a empleados, equipos o centros, con la capacidad de notificar a los empleados de sus turnos al instante.<\/p>\n<p>Woffu tambi\u00e9n permite realizar ajustes puntuales o temporales, como cambios de \u00faltima hora por empleado, equipo o centro, y d\u00edas festivos con horario especial, facilitando la adaptabilidad en situaciones espec\u00edficas.[\/vc_toggle][\/vc_column][\/vc_row][\/vc_section]<\/p>\n<\/div>","protected":false},"excerpt":{"rendered":"<p>[vc_section el_class=&#8221;features-hero&#8221;][vc_row][vc_column][vc_column_text el_class=&#8221;features-hero-caption&#8221;] Gesti\u00f3n de turnos de trabajo y horarios Planifica y coordina los turnos de tus empleados de forma [&hellip;]<\/p>\n","protected":false},"author":1,"featured_media":0,"parent":0,"menu_order":0,"comment_status":"closed","ping_status":"closed","template":"page-new.php","meta":{"_acf_changed":false,"inline_featured_image":false,"footnotes":""},"class_list":["post-9515","page","type-page","status-publish","hentry"],"acf":[],"yoast_head":"<!-- This site is optimized with the Yoast SEO plugin v26.5 - https:\/\/yoast.com\/wordpress\/plugins\/seo\/ -->\n<title>Gesti\u00f3n de turnos de trabajo y horarios | Woffu<\/title>\n<meta name=\"description\" content=\"Optimiza la gesti\u00f3n de turnos de trabajo con Woffu. Control horario inteligente, turnos rotativos y flexibilidad horaria adaptada a cada equipo\" \/>\n<meta name=\"robots\" content=\"noindex, follow, max-snippet:-1, max-image-preview:large, max-video-preview:-1\" \/>\n<meta property=\"og:locale\" content=\"es_ES\" \/>\n<meta property=\"og:type\" content=\"article\" \/>\n<meta property=\"og:title\" content=\"Gesti\u00f3n de turnos de trabajo y horarios | Woffu\" \/>\n<meta property=\"og:description\" content=\"Optimiza la gesti\u00f3n de turnos de trabajo con Woffu. Control horario inteligente, turnos rotativos y flexibilidad horaria adaptada a cada equipo\" \/>\n<meta property=\"og:url\" content=\"https:\/\/woffu.midaweb.net\/es\/gestion-de-turnos-y-horarios-de-trabajo\/\" \/>\n<meta property=\"og:site_name\" content=\"Woffu\" \/>\n<meta property=\"article:modified_time\" content=\"2025-07-30T20:08:16+00:00\" \/>\n<meta property=\"og:image\" content=\"https:\/\/woffu.midaweb.net\/wp-content\/uploads\/2025\/07\/woffu-logo-color-marketplace.webp\" \/>\n\t<meta property=\"og:image:width\" content=\"625\" \/>\n\t<meta property=\"og:image:height\" content=\"332\" \/>\n\t<meta property=\"og:image:type\" content=\"image\/webp\" \/>\n<meta name=\"twitter:card\" content=\"summary_large_image\" \/>\n<meta name=\"twitter:site\" content=\"@woffu_app\" \/>\n<meta name=\"twitter:label1\" content=\"Tiempo de lectura\" \/>\n\t<meta name=\"twitter:data1\" content=\"8 minutos\" \/>\n<script type=\"application\/ld+json\" class=\"yoast-schema-graph\">{\"@context\":\"https:\/\/schema.org\",\"@graph\":[{\"@type\":\"WebPage\",\"@id\":\"https:\/\/woffu.midaweb.net\/es\/gestion-de-turnos-y-horarios-de-trabajo\/\",\"url\":\"https:\/\/woffu.midaweb.net\/es\/gestion-de-turnos-y-horarios-de-trabajo\/\",\"name\":\"Gesti\u00f3n de turnos de trabajo y horarios | Woffu\",\"isPartOf\":{\"@id\":\"https:\/\/woffu.midaweb.net\/es\/#website\"},\"datePublished\":\"2024-04-22T12:28:02+00:00\",\"dateModified\":\"2025-07-30T20:08:16+00:00\",\"description\":\"Optimiza la gesti\u00f3n de turnos de trabajo con Woffu. Control horario inteligente, turnos rotativos y flexibilidad horaria adaptada a cada equipo\",\"breadcrumb\":{\"@id\":\"https:\/\/woffu.midaweb.net\/es\/gestion-de-turnos-y-horarios-de-trabajo\/#breadcrumb\"},\"inLanguage\":\"es\",\"potentialAction\":[{\"@type\":\"ReadAction\",\"target\":[\"https:\/\/woffu.midaweb.net\/es\/gestion-de-turnos-y-horarios-de-trabajo\/\"]}]},{\"@type\":\"BreadcrumbList\",\"@id\":\"https:\/\/woffu.midaweb.net\/es\/gestion-de-turnos-y-horarios-de-trabajo\/#breadcrumb\",\"itemListElement\":[{\"@type\":\"ListItem\",\"position\":1,\"name\":\"Portada\",\"item\":\"https:\/\/woffu.midaweb.net\/es\/\"},{\"@type\":\"ListItem\",\"position\":2,\"name\":\"Gesti\u00f3n de turnos y horarios de trabajo\"}]},{\"@type\":\"WebSite\",\"@id\":\"https:\/\/woffu.midaweb.net\/es\/#website\",\"url\":\"https:\/\/woffu.midaweb.net\/es\/\",\"name\":\"Woffu\",\"description\":\"Woffu es una plataforma digital que facilita la gesti\u00f3n del tiempo laboral, control horario, vacaciones y ausencias, optimizando procesos de recursos humanos y asegurando el cumplimiento normativo en las empresas.\",\"publisher\":{\"@id\":\"https:\/\/woffu.midaweb.net\/es\/#organization\"},\"alternateName\":\"Woffu\",\"potentialAction\":[{\"@type\":\"SearchAction\",\"target\":{\"@type\":\"EntryPoint\",\"urlTemplate\":\"https:\/\/woffu.midaweb.net\/es\/?s={search_term_string}\"},\"query-input\":{\"@type\":\"PropertyValueSpecification\",\"valueRequired\":true,\"valueName\":\"search_term_string\"}}],\"inLanguage\":\"es\"},{\"@type\":\"Organization\",\"@id\":\"https:\/\/woffu.midaweb.net\/es\/#organization\",\"name\":\"Woffu\",\"url\":\"https:\/\/woffu.midaweb.net\/es\/\",\"logo\":{\"@type\":\"ImageObject\",\"inLanguage\":\"es\",\"@id\":\"https:\/\/woffu.midaweb.net\/es\/#\/schema\/logo\/image\/\",\"url\":\"https:\/\/woffu.midaweb.net\/wp-content\/uploads\/2021\/08\/logo-woffu-dark.svg\",\"contentUrl\":\"https:\/\/woffu.midaweb.net\/wp-content\/uploads\/2021\/08\/logo-woffu-dark.svg\",\"width\":161,\"height\":38,\"caption\":\"Woffu\"},\"image\":{\"@id\":\"https:\/\/woffu.midaweb.net\/es\/#\/schema\/logo\/image\/\"},\"sameAs\":[\"https:\/\/x.com\/woffu_app\",\"https:\/\/www.instagram.com\/woffu\/\",\"https:\/\/www.linkedin.com\/company\/woffu\/mycompany\/\"]}]}<\/script>\n<!-- \/ Yoast SEO plugin. -->","yoast_head_json":{"title":"Gesti\u00f3n de turnos de trabajo y horarios | Woffu","description":"Optimiza la gesti\u00f3n de turnos de trabajo con Woffu. Control horario inteligente, turnos rotativos y flexibilidad horaria adaptada a cada equipo","robots":{"index":"noindex","follow":"follow","max-snippet":"max-snippet:-1","max-image-preview":"max-image-preview:large","max-video-preview":"max-video-preview:-1"},"og_locale":"es_ES","og_type":"article","og_title":"Gesti\u00f3n de turnos de trabajo y horarios | Woffu","og_description":"Optimiza la gesti\u00f3n de turnos de trabajo con Woffu. Control horario inteligente, turnos rotativos y flexibilidad horaria adaptada a cada equipo","og_url":"https:\/\/woffu.midaweb.net\/es\/gestion-de-turnos-y-horarios-de-trabajo\/","og_site_name":"Woffu","article_modified_time":"2025-07-30T20:08:16+00:00","og_image":[{"width":625,"height":332,"url":"https:\/\/woffu.midaweb.net\/wp-content\/uploads\/2025\/07\/woffu-logo-color-marketplace.webp","type":"image\/webp"}],"twitter_card":"summary_large_image","twitter_site":"@woffu_app","twitter_misc":{"Tiempo de lectura":"8 minutos"},"schema":{"@context":"https:\/\/schema.org","@graph":[{"@type":"WebPage","@id":"https:\/\/woffu.midaweb.net\/es\/gestion-de-turnos-y-horarios-de-trabajo\/","url":"https:\/\/woffu.midaweb.net\/es\/gestion-de-turnos-y-horarios-de-trabajo\/","name":"Gesti\u00f3n de turnos de trabajo y horarios | Woffu","isPartOf":{"@id":"https:\/\/woffu.midaweb.net\/es\/#website"},"datePublished":"2024-04-22T12:28:02+00:00","dateModified":"2025-07-30T20:08:16+00:00","description":"Optimiza la gesti\u00f3n de turnos de trabajo con Woffu. Control horario inteligente, turnos rotativos y flexibilidad horaria adaptada a cada equipo","breadcrumb":{"@id":"https:\/\/woffu.midaweb.net\/es\/gestion-de-turnos-y-horarios-de-trabajo\/#breadcrumb"},"inLanguage":"es","potentialAction":[{"@type":"ReadAction","target":["https:\/\/woffu.midaweb.net\/es\/gestion-de-turnos-y-horarios-de-trabajo\/"]}]},{"@type":"BreadcrumbList","@id":"https:\/\/woffu.midaweb.net\/es\/gestion-de-turnos-y-horarios-de-trabajo\/#breadcrumb","itemListElement":[{"@type":"ListItem","position":1,"name":"Portada","item":"https:\/\/woffu.midaweb.net\/es\/"},{"@type":"ListItem","position":2,"name":"Gesti\u00f3n de turnos y horarios de trabajo"}]},{"@type":"WebSite","@id":"https:\/\/woffu.midaweb.net\/es\/#website","url":"https:\/\/woffu.midaweb.net\/es\/","name":"Woffu","description":"Woffu es una plataforma digital que facilita la gesti\u00f3n del tiempo laboral, control horario, vacaciones y ausencias, optimizando procesos de recursos humanos y asegurando el cumplimiento normativo en las empresas.","publisher":{"@id":"https:\/\/woffu.midaweb.net\/es\/#organization"},"alternateName":"Woffu","potentialAction":[{"@type":"SearchAction","target":{"@type":"EntryPoint","urlTemplate":"https:\/\/woffu.midaweb.net\/es\/?s={search_term_string}"},"query-input":{"@type":"PropertyValueSpecification","valueRequired":true,"valueName":"search_term_string"}}],"inLanguage":"es"},{"@type":"Organization","@id":"https:\/\/woffu.midaweb.net\/es\/#organization","name":"Woffu","url":"https:\/\/woffu.midaweb.net\/es\/","logo":{"@type":"ImageObject","inLanguage":"es","@id":"https:\/\/woffu.midaweb.net\/es\/#\/schema\/logo\/image\/","url":"https:\/\/woffu.midaweb.net\/wp-content\/uploads\/2021\/08\/logo-woffu-dark.svg","contentUrl":"https:\/\/woffu.midaweb.net\/wp-content\/uploads\/2021\/08\/logo-woffu-dark.svg","width":161,"height":38,"caption":"Woffu"},"image":{"@id":"https:\/\/woffu.midaweb.net\/es\/#\/schema\/logo\/image\/"},"sameAs":["https:\/\/x.com\/woffu_app","https:\/\/www.instagram.com\/woffu\/","https:\/\/www.linkedin.com\/company\/woffu\/mycompany\/"]}]}},"_links":{"self":[{"href":"https:\/\/woffu.midaweb.net\/es\/wp-json\/wp\/v2\/pages\/9515","targetHints":{"allow":["GET"]}}],"collection":[{"href":"https:\/\/woffu.midaweb.net\/es\/wp-json\/wp\/v2\/pages"}],"about":[{"href":"https:\/\/woffu.midaweb.net\/es\/wp-json\/wp\/v2\/types\/page"}],"author":[{"embeddable":true,"href":"https:\/\/woffu.midaweb.net\/es\/wp-json\/wp\/v2\/users\/1"}],"replies":[{"embeddable":true,"href":"https:\/\/woffu.midaweb.net\/es\/wp-json\/wp\/v2\/comments?post=9515"}],"version-history":[{"count":0,"href":"https:\/\/woffu.midaweb.net\/es\/wp-json\/wp\/v2\/pages\/9515\/revisions"}],"wp:attachment":[{"href":"https:\/\/woffu.midaweb.net\/es\/wp-json\/wp\/v2\/media?parent=9515"}],"curies":[{"name":"wp","href":"https:\/\/api.w.org\/{rel}","templated":true}]}}