{"id":9447,"date":"2024-04-10T20:46:18","date_gmt":"2024-04-10T18:46:18","guid":{"rendered":"https:\/\/woffu.midaweb.net\/?page_id=9447"},"modified":"2025-07-30T21:40:20","modified_gmt":"2025-07-30T19:40:20","slug":"app-para-fichar-control-horario-y-vacaciones","status":"publish","type":"page","link":"https:\/\/woffu.midaweb.net\/es\/app-para-fichar-control-horario-y-vacaciones\/","title":{"rendered":"App de control horario y vacaciones para empleados"},"content":{"rendered":"<div class=\"wpb-content-wrapper\"><p>[vc_section el_class=&#8221;features-hero&#8221;][vc_row][vc_column][vc_column_text el_class=&#8221;features-hero-caption&#8221;]<\/p>\n<h1>App de control horario y vacaciones para empleados<\/h1>\n<p>Toda la gesti\u00f3n de fichajes y ausencias en tu bolsillo. App para fichar sin ning\u00fan precio a\u00f1adido y sincronizada con tus sistemas y dispositivos de RR. HH.[\/vc_column_text][vc_btn title=&#8221;Solicita una demo&#8221; css=&#8221;&#8221; link=&#8221;url:https%3A%2F%2Fwoffu.midaweb.net%2Fdemo%2F|title:Solicita%20una%20demo&#8221; el_class=&#8221;btn btn-dark-new&#8221;][vc_single_image image=&#8221;9449&#8243; img_size=&#8221;full&#8221;][\/vc_column][\/vc_row][\/vc_section][vc_section el_class=&#8221;features-section&#8221;][vc_row][vc_column el_class=&#8221;features-section-caption&#8221;][vc_column_text]<\/p>\n<h2>Accede a las principales funcionalidades de Woffu en cualquier momento y desde cualquier lugar con la app para fichar<\/h2>\n<p>Apuesta por pol\u00edticas de trabajo flexibles de manera segura con nuestra App de fichajes, control horario y ausencias.[\/vc_column_text][\/vc_column][\/vc_row][vc_row el_class=&#8221;features-row&#8221;][vc_column width=&#8221;1\/2&#8243; el_class=&#8221;features-row-caption&#8221;][vc_column_text css=&#8221;&#8221;]<\/p>\n<h3>App de control horario y fichajes<\/h3>\n<p>App para fichar en el trabajo, en casa o desde cualquier ubicaci\u00f3n, dise\u00f1ada para ofrecer flexibilidad y precisi\u00f3n.<\/p>\n<ul>\n<li>Registra los <strong>fichajes de forma f\u00e1cil<\/strong> y simple, con opci\u00f3n de geolocalizaci\u00f3n.<\/li>\n<li><strong>Fichaje por QR<\/strong> escaneando el c\u00f3digo a trav\u00e9s del tel\u00e9fono m\u00f3vil o tablet.<\/li>\n<li>El responsable puede <strong>consultar y validar<\/strong> las ediciones manuales de los fichajes de su equipo.<\/li>\n<li>Solicita <a href=\"https:\/\/woffu.midaweb.net\/control-horario-y-registro-de-la-jornada-laboral\/\"><strong>distintos motivos de presencia<\/strong><\/a>: teletrabajo, horas extraordinarias para compensar, trabajar en festivo u otras.<\/li>\n<li><strong>Visualizaci\u00f3n de horarios<\/strong>, horas trabajadas y disponibilidad del equipo en tiempo real.<\/li>\n<li>Calendario de horarios y festivos <strong>siempre a la mano<\/strong>.<\/li>\n<li><strong>Gesti\u00f3n f\u00e1cil e intuitiva<\/strong> para todo tipo de horarios y casu\u00edsticas.<\/li>\n<\/ul>\n<p>[\/vc_column_text][vc_btn title=&#8221;Saber m\u00e1s&#8221; css=&#8221;&#8221; link=&#8221;url:https%3A%2F%2Fwoffu.midaweb.net%2Fdemo%2F|title:Saber%20m%C3%A1s&#8221; el_class=&#8221;btn btn-more-new&#8221;][\/vc_column][vc_column width=&#8221;1\/2&#8243; el_class=&#8221;features-row-picture&#8221;][vc_single_image image=&#8221;9453&#8243; img_size=&#8221;full&#8221; alignment=&#8221;right&#8221;][\/vc_column][\/vc_row][vc_row el_class=&#8221;features-row features-row-right&#8221;][vc_column width=&#8221;1\/2&#8243; el_class=&#8221;features-row-caption&#8221;][vc_column_text css=&#8221;&#8221;]<\/p>\n<h3>App de vacaciones y ausencias<\/h3>\n<p>Un gestor de vacaciones de bolsillo para solicitar d\u00edas y horas de ausencia y adjuntar directamente los justificantes.<\/p>\n<ul>\n<li>Solicitud sencilla y r\u00e1pida de <a href=\"https:\/\/woffu.midaweb.net\/control-de-vacaciones-y-ausencias-de-empleados\/\"><strong>vacaciones y ausencias<\/strong><\/a> (por d\u00edas y horas) desde el m\u00f3vil o tablet.<\/li>\n<li><strong>Gesti\u00f3n y aprobaci\u00f3n<\/strong> de solicitudes por parte del responsable en cualquier momento y lugar.<\/li>\n<li>Subida sencilla de <strong>justificantes<\/strong> con una foto del m\u00f3vil.<\/li>\n<li>Consulta el <strong>estado de tus solicitudes<\/strong> al momento: aprobadas, pendientes, rechazadas y consumidas.<\/li>\n<li><strong>Notificaciones instant\u00e1neas<\/strong> de aprobaci\u00f3n o rechazo de solicitudes.<\/li>\n<\/ul>\n<p>[\/vc_column_text][vc_btn title=&#8221;Solicita una Demo&#8221; css=&#8221;&#8221; link=&#8221;url:https%3A%2F%2Fwoffu.midaweb.net%2Fdemo%2F|title:Solicita%20una%20Demo&#8221; el_class=&#8221;btn btn-more-new&#8221;][\/vc_column][vc_column width=&#8221;1\/2&#8243; el_class=&#8221;features-row-picture bg-simple&#8221;][vc_single_image image=&#8221;9457&#8243; img_size=&#8221;full&#8221; alignment=&#8221;right&#8221;][\/vc_column][\/vc_row][vc_row el_class=&#8221;features-row&#8221;][vc_column width=&#8221;1\/2&#8243; el_class=&#8221;features-row-caption&#8221;][vc_column_text css=&#8221;&#8221;]<\/p>\n<h3>App para fichar intuitiva para todo tu equipo<\/h3>\n<p>Una experiencia de usuario sin complicaciones, asegurando accesibilidad y eficiencia para empleados y responsables.<\/p>\n<ul>\n<li>Accesible y <strong>f\u00e1cil de usar<\/strong> para todos los empleados, sin necesidad de formaci\u00f3n.<\/li>\n<li>Los responsables pueden <strong>controlar a su equipo<\/strong> directamente desde la app, sin tener que entrar en la web.<\/li>\n<li>Dise\u00f1o intuitivo para una <strong>r\u00e1pida configuraci\u00f3n<\/strong> y uso.<\/li>\n<li>App para fichar compatible con todo tipo de dispositivos <strong>iOS y Android<\/strong>.<\/li>\n<li>Accede a <a href=\"https:\/\/woffu.midaweb.net\/comunicacion-interna-empresa\/\"><strong>documentos y comunicados<\/strong><\/a> del tabl\u00f3n de anuncios desde el m\u00f3vil.<\/li>\n<\/ul>\n<p>[\/vc_column_text][vc_btn title=&#8221;Consulta planes&#8221; css=&#8221;&#8221; link=&#8221;url:https%3A%2F%2Fwoffu.midaweb.net%2Fprecios-woffu%2F|title:Consulta%20planes&#8221; el_class=&#8221;btn btn-more-new&#8221;][\/vc_column][vc_column width=&#8221;1\/2&#8243; el_class=&#8221;features-row-picture&#8221;][vc_single_image image=&#8221;9463&#8243; img_size=&#8221;full&#8221; alignment=&#8221;right&#8221;][\/vc_column][\/vc_row][vc_row el_class=&#8221;features-row features-row-right&#8221;][vc_column width=&#8221;1\/2&#8243; el_class=&#8221;features-row-caption&#8221;][vc_column_text]<\/p>\n<h3>Flexibilidad horaria y control del teletrabajo<\/h3>\n<p>App para fichar adaptada al teletrabajo, la presencialidad y los modelos de trabajo h\u00edbridos.<\/p>\n<ul>\n<li>Apuesta por las nuevas tendencias laborales <strong>fichando de manera remota<\/strong>.<\/li>\n<li>Visualizaci\u00f3n y <strong>transparencia<\/strong> de la horas trabajadas, vacaciones y ausencias.<\/li>\n<li>Facilita <strong>flexibilidad horaria<\/strong> a tu equipo sin perder control de su jornada laboral.<\/li>\n<\/ul>\n<p>[\/vc_column_text][vc_btn title=&#8221;Saber m\u00e1s&#8221; css=&#8221;&#8221; link=&#8221;url:https%3A%2F%2Fwoffu.midaweb.net%2Fdemo%2F|title:Saber%20m%C3%A1s&#8221; el_class=&#8221;btn btn-more-new&#8221;][\/vc_column][vc_column width=&#8221;1\/2&#8243; el_class=&#8221;features-row-picture&#8221;][vc_single_image image=&#8221;9467&#8243; img_size=&#8221;full&#8221; alignment=&#8221;right&#8221;][\/vc_column][\/vc_row][vc_row el_class=&#8221;features-row&#8221;][vc_column width=&#8221;1\/2&#8243; el_class=&#8221;features-row-caption&#8221;][vc_column_text css=&#8221;&#8221;]<\/p>\n<h3>Cumple la Ley de Control Horario con la app para fichar<\/h3>\n<p>App de Recursos Humanos adaptada a la legalidad y a todas las nuevas normativas vigentes.<\/p>\n<ul>\n<li>Cumplimiento con el <strong>registro de la jornada<\/strong> laboral y normativas de teletrabajo.<\/li>\n<li><a href=\"https:\/\/woffu.midaweb.net\/informes-de-recursos-humanos\/\"><strong>Informes detallados<\/strong><\/a> de presencia y ausencia adaptados a la ley.<\/li>\n<li>Informaci\u00f3n centralizada y lista para ser presentada ante cualquier <strong>inspecci\u00f3n de trabajo<\/strong>.<\/li>\n<li>Control del <strong>saldo de horas<\/strong> efectivas trabajadas y horas extra vs. horas estipuladas por contrato.<\/li>\n<\/ul>\n<p>[\/vc_column_text][vc_btn title=&#8221;Habla con un experto&#8221; css=&#8221;&#8221; link=&#8221;url:https%3A%2F%2Fwoffu.midaweb.net%2Fdemo%2F|title:Habla%20con%20un%20experto&#8221; el_class=&#8221;btn btn-more-new&#8221;][\/vc_column][vc_column width=&#8221;1\/2&#8243; el_class=&#8221;features-row-picture&#8221;][vc_single_image image=&#8221;9471&#8243; img_size=&#8221;full&#8221; alignment=&#8221;right&#8221;][\/vc_column][\/vc_row][\/vc_section][vc_section el_class=&#8221;qa-section&#8221;][vc_row][vc_column][vc_custom_heading text=&#8221;Preguntas frecuentes&#8221; font_container=&#8221;tag:h2|text_align:center&#8221;][vc_toggle title=&#8221;\u00bfLa app de Recursos Humanos de Woffu tiene alg\u00fan coste adicional?&#8221; open=&#8221;true&#8221;]No, al contratar cualquier plan de Woffu, todo tu equipo tiene acceso a las funcionalidades de la app para fichar sin ning\u00fan coste adicional. La descarga es gratuita y est\u00e1 disponible para todos los dispositivos iOS y Android.[\/vc_toggle][vc_toggle title=&#8221;\u00bfC\u00f3mo se gestionan los fichajes con la app de Woffu?&#8221;]La app de fichaje de Woffu permite registrar la jornada laboral desde la misma aplicaci\u00f3n (con opci\u00f3n de activar la geolocalizaci\u00f3n del dispositivo m\u00f3vil) o escaneando un c\u00f3digo QR con la c\u00e1mara.<\/p>\n<p>El fichaje por geolocalizaci\u00f3n asegura precisi\u00f3n y control para fichar desde una ubicaci\u00f3n espec\u00edfica, mientras que el fichaje por QR es ideal para accesos r\u00e1pidos en el lugar de trabajo.[\/vc_toggle][vc_toggle title=&#8221;\u00bfC\u00f3mo puedo gestionar mis solicitudes de vacaciones y ausencias desde la app?&#8221;]Puedes solicitar f\u00e1cilmente d\u00edas y horas de ausencia desde la app de Woffu, con la opci\u00f3n de adjuntar justificantes directamente desde tu m\u00f3vil o tablet.<\/p>\n<p>Nuestra app de Recursos Humanos tambi\u00e9n te permite consultar en tiempo real el estado de tus solicitudes, mostr\u00e1ndote si est\u00e1n aprobadas, pendientes, rechazadas o ya consumidas.<\/p>\n<p>Adem\u00e1s, la app para fichar te enviar\u00e1 una notificaci\u00f3n cuando el estado de tu solicitud se actualice.[\/vc_toggle][vc_toggle title=&#8221;\u00bfQu\u00e9 valor aporta la app de Woffu a los responsables de equipo?&#8221;]<span style=\"font-weight: 400;\">Nuestra app de Recursos Humanos permite aprobar o rechazar las solicitudes de ausencia de tus empleados y validar ediciones de fichajes.\u00a0<\/span><\/p>\n<p><span style=\"font-weight: 400;\">Tambi\u00e9n permite tener una visi\u00f3n clara de la disponibilidad en tiempo real de qui\u00e9n ha fichado ese d\u00eda, lo cual facilita la planificaci\u00f3n del equipo sin necesidad de acceder a Woffu a trav\u00e9s de un PC.<\/span>[\/vc_toggle][vc_toggle title=&#8221;\u00bfQu\u00e9 informaci\u00f3n permite consultar la app de fichajes y ausencias?&#8221;]La app de Woffu proporciona una visi\u00f3n clara de los horarios, las horas trabajadas y el calendario de vacaciones y festivos de cada trabajador, todo en tiempo real.<\/p>\n<p>Tambi\u00e9n permite acceder a los mismos documentos y comunicados que en la versi\u00f3n escritorio de Woffu, incluso confirmar la recepci\u00f3n de estos archivos y realizar firmas digitales si as\u00ed lo requiere el responsable de RRHH.[\/vc_toggle][vc_toggle title=&#8221;\u00bfC\u00f3mo facilita la app de Recursos Humanos la movilidad y los modelos de trabajo h\u00edbridos?&#8221;]La app de Woffu permite el acceso a funciones de gesti\u00f3n del tiempo desde cualquier lugar con conexi\u00f3n a internet, facilitando la conciliaci\u00f3n laboral y la flexibilidad para realizar estas tareas fuera de la oficina.<\/p>\n<p>Todas las acciones realizadas en la app se sincronizan con la versi\u00f3n escritorio de Woffu en tiempo real.[\/vc_toggle][vc_toggle title=&#8221;\u00bfC\u00f3mo asegura la app la sencillez y seguridad en su uso?&#8221;]La app para fichar es intuitiva y f\u00e1cil de usar, siendo ideal para usar en entornos de teletrabajo o de viaje. Al mantener una alta seguridad en la conexi\u00f3n y transmisi\u00f3n de datos, cumple con los est\u00e1ndares de legalidad y privacidad.[\/vc_toggle][\/vc_column][\/vc_row][\/vc_section]<\/p>\n<\/div>","protected":false},"excerpt":{"rendered":"<p>[vc_section el_class=&#8221;features-hero&#8221;][vc_row][vc_column][vc_column_text el_class=&#8221;features-hero-caption&#8221;] App de control horario y vacaciones para empleados Toda la gesti\u00f3n de fichajes y ausencias en tu [&hellip;]<\/p>\n","protected":false},"author":1,"featured_media":0,"parent":0,"menu_order":0,"comment_status":"closed","ping_status":"closed","template":"page-new.php","meta":{"_acf_changed":false,"inline_featured_image":false,"footnotes":""},"class_list":["post-9447","page","type-page","status-publish","hentry"],"acf":[],"yoast_head":"<!-- This site is optimized with the Yoast SEO plugin v26.5 - https:\/\/yoast.com\/wordpress\/plugins\/seo\/ -->\n<title>App de control horario y vacaciones para empleados | Woffu<\/title>\n<meta name=\"description\" content=\"App de control horario de Woffu, tus empleados podr\u00e1n fichar en el trabajo y gestionar vacaciones desde tu m\u00f3vil con geolocalizaci\u00f3n y total comodidad\" \/>\n<meta name=\"robots\" content=\"noindex, follow, max-snippet:-1, max-image-preview:large, max-video-preview:-1\" \/>\n<meta property=\"og:locale\" content=\"es_ES\" \/>\n<meta property=\"og:type\" content=\"article\" \/>\n<meta property=\"og:title\" content=\"App de control horario y vacaciones para empleados | Woffu\" \/>\n<meta property=\"og:description\" content=\"App de control horario de Woffu, tus empleados podr\u00e1n fichar en el trabajo y gestionar vacaciones desde tu m\u00f3vil con geolocalizaci\u00f3n y total comodidad.\" \/>\n<meta property=\"og:url\" content=\"https:\/\/woffu.midaweb.net\/es\/app-para-fichar-control-horario-y-vacaciones\/\" \/>\n<meta property=\"og:site_name\" content=\"Woffu\" \/>\n<meta property=\"article:modified_time\" content=\"2025-07-30T19:40:20+00:00\" \/>\n<meta property=\"og:image\" content=\"https:\/\/woffu.midaweb.net\/wp-content\/uploads\/2025\/07\/woffu-logo-color-marketplace.webp\" \/>\n\t<meta property=\"og:image:width\" content=\"625\" \/>\n\t<meta property=\"og:image:height\" content=\"332\" \/>\n\t<meta property=\"og:image:type\" content=\"image\/webp\" \/>\n<meta name=\"twitter:card\" content=\"summary_large_image\" \/>\n<meta name=\"twitter:site\" content=\"@woffu_app\" \/>\n<meta name=\"twitter:label1\" content=\"Tiempo de lectura\" \/>\n\t<meta name=\"twitter:data1\" content=\"6 minutos\" \/>\n<script type=\"application\/ld+json\" class=\"yoast-schema-graph\">{\"@context\":\"https:\/\/schema.org\",\"@graph\":[{\"@type\":\"WebPage\",\"@id\":\"https:\/\/woffu.midaweb.net\/es\/app-para-fichar-control-horario-y-vacaciones\/\",\"url\":\"https:\/\/woffu.midaweb.net\/es\/app-para-fichar-control-horario-y-vacaciones\/\",\"name\":\"App de control horario y vacaciones para empleados | Woffu\",\"isPartOf\":{\"@id\":\"https:\/\/woffu.midaweb.net\/es\/#website\"},\"datePublished\":\"2024-04-10T18:46:18+00:00\",\"dateModified\":\"2025-07-30T19:40:20+00:00\",\"description\":\"App de control horario de Woffu, tus empleados podr\u00e1n fichar en el trabajo y gestionar vacaciones desde tu m\u00f3vil con geolocalizaci\u00f3n y total comodidad\",\"breadcrumb\":{\"@id\":\"https:\/\/woffu.midaweb.net\/es\/app-para-fichar-control-horario-y-vacaciones\/#breadcrumb\"},\"inLanguage\":\"es\",\"potentialAction\":[{\"@type\":\"ReadAction\",\"target\":[\"https:\/\/woffu.midaweb.net\/es\/app-para-fichar-control-horario-y-vacaciones\/\"]}]},{\"@type\":\"BreadcrumbList\",\"@id\":\"https:\/\/woffu.midaweb.net\/es\/app-para-fichar-control-horario-y-vacaciones\/#breadcrumb\",\"itemListElement\":[{\"@type\":\"ListItem\",\"position\":1,\"name\":\"Portada\",\"item\":\"https:\/\/woffu.midaweb.net\/es\/\"},{\"@type\":\"ListItem\",\"position\":2,\"name\":\"App de control horario y vacaciones para empleados\"}]},{\"@type\":\"WebSite\",\"@id\":\"https:\/\/woffu.midaweb.net\/es\/#website\",\"url\":\"https:\/\/woffu.midaweb.net\/es\/\",\"name\":\"Woffu\",\"description\":\"Woffu es una plataforma digital que facilita la gesti\u00f3n del tiempo laboral, control horario, vacaciones y ausencias, optimizando procesos de recursos humanos y asegurando el cumplimiento normativo en las empresas.\",\"publisher\":{\"@id\":\"https:\/\/woffu.midaweb.net\/es\/#organization\"},\"alternateName\":\"Woffu\",\"potentialAction\":[{\"@type\":\"SearchAction\",\"target\":{\"@type\":\"EntryPoint\",\"urlTemplate\":\"https:\/\/woffu.midaweb.net\/es\/?s={search_term_string}\"},\"query-input\":{\"@type\":\"PropertyValueSpecification\",\"valueRequired\":true,\"valueName\":\"search_term_string\"}}],\"inLanguage\":\"es\"},{\"@type\":\"Organization\",\"@id\":\"https:\/\/woffu.midaweb.net\/es\/#organization\",\"name\":\"Woffu\",\"url\":\"https:\/\/woffu.midaweb.net\/es\/\",\"logo\":{\"@type\":\"ImageObject\",\"inLanguage\":\"es\",\"@id\":\"https:\/\/woffu.midaweb.net\/es\/#\/schema\/logo\/image\/\",\"url\":\"https:\/\/woffu.midaweb.net\/wp-content\/uploads\/2021\/08\/logo-woffu-dark.svg\",\"contentUrl\":\"https:\/\/woffu.midaweb.net\/wp-content\/uploads\/2021\/08\/logo-woffu-dark.svg\",\"width\":161,\"height\":38,\"caption\":\"Woffu\"},\"image\":{\"@id\":\"https:\/\/woffu.midaweb.net\/es\/#\/schema\/logo\/image\/\"},\"sameAs\":[\"https:\/\/x.com\/woffu_app\",\"https:\/\/www.instagram.com\/woffu\/\",\"https:\/\/www.linkedin.com\/company\/woffu\/mycompany\/\"]}]}<\/script>\n<!-- \/ Yoast SEO plugin. -->","yoast_head_json":{"title":"App de control horario y vacaciones para empleados | Woffu","description":"App de control horario de Woffu, tus empleados podr\u00e1n fichar en el trabajo y gestionar vacaciones desde tu m\u00f3vil con geolocalizaci\u00f3n y total comodidad","robots":{"index":"noindex","follow":"follow","max-snippet":"max-snippet:-1","max-image-preview":"max-image-preview:large","max-video-preview":"max-video-preview:-1"},"og_locale":"es_ES","og_type":"article","og_title":"App de control horario y vacaciones para empleados | Woffu","og_description":"App de control horario de Woffu, tus empleados podr\u00e1n fichar en el trabajo y gestionar vacaciones desde tu m\u00f3vil con geolocalizaci\u00f3n y total comodidad.","og_url":"https:\/\/woffu.midaweb.net\/es\/app-para-fichar-control-horario-y-vacaciones\/","og_site_name":"Woffu","article_modified_time":"2025-07-30T19:40:20+00:00","og_image":[{"width":625,"height":332,"url":"https:\/\/woffu.midaweb.net\/wp-content\/uploads\/2025\/07\/woffu-logo-color-marketplace.webp","type":"image\/webp"}],"twitter_card":"summary_large_image","twitter_site":"@woffu_app","twitter_misc":{"Tiempo de lectura":"6 minutos"},"schema":{"@context":"https:\/\/schema.org","@graph":[{"@type":"WebPage","@id":"https:\/\/woffu.midaweb.net\/es\/app-para-fichar-control-horario-y-vacaciones\/","url":"https:\/\/woffu.midaweb.net\/es\/app-para-fichar-control-horario-y-vacaciones\/","name":"App de control horario y vacaciones para empleados | Woffu","isPartOf":{"@id":"https:\/\/woffu.midaweb.net\/es\/#website"},"datePublished":"2024-04-10T18:46:18+00:00","dateModified":"2025-07-30T19:40:20+00:00","description":"App de control horario de Woffu, tus empleados podr\u00e1n fichar en el trabajo y gestionar vacaciones desde tu m\u00f3vil con geolocalizaci\u00f3n y total comodidad","breadcrumb":{"@id":"https:\/\/woffu.midaweb.net\/es\/app-para-fichar-control-horario-y-vacaciones\/#breadcrumb"},"inLanguage":"es","potentialAction":[{"@type":"ReadAction","target":["https:\/\/woffu.midaweb.net\/es\/app-para-fichar-control-horario-y-vacaciones\/"]}]},{"@type":"BreadcrumbList","@id":"https:\/\/woffu.midaweb.net\/es\/app-para-fichar-control-horario-y-vacaciones\/#breadcrumb","itemListElement":[{"@type":"ListItem","position":1,"name":"Portada","item":"https:\/\/woffu.midaweb.net\/es\/"},{"@type":"ListItem","position":2,"name":"App de control horario y vacaciones para empleados"}]},{"@type":"WebSite","@id":"https:\/\/woffu.midaweb.net\/es\/#website","url":"https:\/\/woffu.midaweb.net\/es\/","name":"Woffu","description":"Woffu es una plataforma digital que facilita la gesti\u00f3n del tiempo laboral, control horario, vacaciones y ausencias, optimizando procesos de recursos humanos y asegurando el cumplimiento normativo en las empresas.","publisher":{"@id":"https:\/\/woffu.midaweb.net\/es\/#organization"},"alternateName":"Woffu","potentialAction":[{"@type":"SearchAction","target":{"@type":"EntryPoint","urlTemplate":"https:\/\/woffu.midaweb.net\/es\/?s={search_term_string}"},"query-input":{"@type":"PropertyValueSpecification","valueRequired":true,"valueName":"search_term_string"}}],"inLanguage":"es"},{"@type":"Organization","@id":"https:\/\/woffu.midaweb.net\/es\/#organization","name":"Woffu","url":"https:\/\/woffu.midaweb.net\/es\/","logo":{"@type":"ImageObject","inLanguage":"es","@id":"https:\/\/woffu.midaweb.net\/es\/#\/schema\/logo\/image\/","url":"https:\/\/woffu.midaweb.net\/wp-content\/uploads\/2021\/08\/logo-woffu-dark.svg","contentUrl":"https:\/\/woffu.midaweb.net\/wp-content\/uploads\/2021\/08\/logo-woffu-dark.svg","width":161,"height":38,"caption":"Woffu"},"image":{"@id":"https:\/\/woffu.midaweb.net\/es\/#\/schema\/logo\/image\/"},"sameAs":["https:\/\/x.com\/woffu_app","https:\/\/www.instagram.com\/woffu\/","https:\/\/www.linkedin.com\/company\/woffu\/mycompany\/"]}]}},"_links":{"self":[{"href":"https:\/\/woffu.midaweb.net\/es\/wp-json\/wp\/v2\/pages\/9447","targetHints":{"allow":["GET"]}}],"collection":[{"href":"https:\/\/woffu.midaweb.net\/es\/wp-json\/wp\/v2\/pages"}],"about":[{"href":"https:\/\/woffu.midaweb.net\/es\/wp-json\/wp\/v2\/types\/page"}],"author":[{"embeddable":true,"href":"https:\/\/woffu.midaweb.net\/es\/wp-json\/wp\/v2\/users\/1"}],"replies":[{"embeddable":true,"href":"https:\/\/woffu.midaweb.net\/es\/wp-json\/wp\/v2\/comments?post=9447"}],"version-history":[{"count":0,"href":"https:\/\/woffu.midaweb.net\/es\/wp-json\/wp\/v2\/pages\/9447\/revisions"}],"wp:attachment":[{"href":"https:\/\/woffu.midaweb.net\/es\/wp-json\/wp\/v2\/media?parent=9447"}],"curies":[{"name":"wp","href":"https:\/\/api.w.org\/{rel}","templated":true}]}}