{"id":5678,"date":"2021-06-21T18:57:56","date_gmt":"2021-06-21T16:57:56","guid":{"rendered":"https:\/\/woffu.midaweb.net\/legal-copy\/"},"modified":"2025-07-30T23:41:14","modified_gmt":"2025-07-30T21:41:14","slug":"licencia-de-uso-del-software-woffu","status":"publish","type":"page","link":"https:\/\/woffu.midaweb.net\/es\/licencia-de-uso-del-software-woffu\/","title":{"rendered":"Licencia de uso del software Woffu"},"content":{"rendered":"<div class=\"wpb-content-wrapper\"><p>[vc_row][vc_column][vc_column_text]<strong>LICENCIA DE USO DEL SOFTWARE WOFFU<\/strong><\/p>\n<p>&nbsp;<\/p>\n<p><b>1. LICENCIA DE USO DEL SOFTWARE.<\/b><\/p>\n<p><span style=\"font-weight: 400;\">WOFFU JOB ORGANIZER, S.L. es propietaria y titular de los derechos de explotaci\u00f3n (incluyendo expresamente los derechos de reproducci\u00f3n, modificaci\u00f3n, distribuci\u00f3n y transformaci\u00f3n, por cualquier medio conocido en la actualidad o que surja en un futuro fruto de tecnolog\u00edas actuales), del programa de software WOFFU objeto de la presente licencia, englobando ello tanto su c\u00f3digo fuente, como su c\u00f3digo objeto, documentaci\u00f3n relativa al mismo, aspecto, estructura, dise\u00f1o y organizaci\u00f3n.<\/span><\/p>\n<p><span style=\"font-weight: 400;\">El programa de software objeto de esta licencia est\u00e1 protegido por Ley de Propiedad Intelectual (LPI) espa\u00f1ola, as\u00ed como por los convenios y tratados internacionales en la materia suscritos por Espa\u00f1a.<\/span><\/p>\n<p><span style=\"font-weight: 400;\">El programa de software Woffu permite optimizar f\u00e1cilmente la gesti\u00f3n del tiempo de las personas, minimizando la intervenci\u00f3n manual y automatizando tareas.<\/span><\/p>\n<p><span style=\"font-weight: 400;\">Por el presente documento, Woffu Job Organizer, SL, previo pago \u00edntegro del importe correspondiente a la misma, otorga al LICENCIATARIO una licencia de uso del programa de software en los t\u00e9rminos que se especifican en este documento, reserv\u00e1ndose expresamente todos los derechos que posee sobre el mismo.<\/span><\/p>\n<p><span style=\"font-weight: 400;\">El contenido de dicha licencia se complementa, en los T\u00e9rminos y Condiciones (\u201cTyC\u201d) disponibles en <\/span><a href=\"https:\/\/woffu.midaweb.net\/terminos-y-condiciones\/\"><span style=\"font-weight: 400;\">https:\/\/woffu.midaweb.net\/terminos-y-condiciones\/<\/span><\/a><span style=\"font-weight: 400;\">, (2) las Condiciones de uso (\u201cCS\u201d) de Woffu disponibles en <\/span><a href=\"https:\/\/woffu.midaweb.net\/legal\/\"><span style=\"font-weight: 400;\">https:\/\/woffu.midaweb.net\/legal\/<\/span><\/a><span style=\"font-weight: 400;\"> y (3) la Pol\u00edtica de Privacidad (\u201cPdP\u201d) disponible en <\/span><a href=\"https:\/\/woffu.midaweb.net\/politica-de-privacidad\/\"><span style=\"font-weight: 400;\">https:\/\/woffu.midaweb.net\/politica-de-privacidad\/<\/span><\/a><span style=\"font-weight: 400;\">.<\/span><\/p>\n<p><span style=\"font-weight: 400;\">Aceptando los T\u00e9rminos de esta licencia, el Cliente tambi\u00e9n acepta los TyC, las CS y la PdP (conjuntamente el \u201cContrato\u201d), en el bien entendido de que el contenido de este documento prevalece sobre los t\u00e9rminos definidos en otros documentos propiedad de Woffu.<\/span><\/p>\n<p><span style=\"font-weight: 400;\">Woffu notificar\u00e1 al Cliente cualesquiera modificaciones que tengan lugar de los TyC, CS o PdP, que estar\u00e1n disponibles en estas mismas URLs.<\/span><\/p>\n<p><span style=\"font-weight: 400;\">A la presente licencia de uso se incorporan, los t\u00e9rminos comerciales del acuerdo, que incluyen el presupuesto aprobado por el Cliente y las condiciones de terminaci\u00f3n, renovaci\u00f3n, pol\u00edtica de pagos y facturaci\u00f3n, entre otras condiciones de uso del programa, as\u00ed como el acuerdo para el tratamiento de datos de los que Woffu se considera Encargado de Tratamiento. \u00a0<\/span><\/p>\n<p><b>2. CONTENIDO DE LA LICENCIA.<\/b><\/p>\n<p><span style=\"font-weight: 400;\">Esta licencia concede el derecho intransferible y no exclusivo de acceder al producto software objeto de licencia desde un equipo inform\u00e1tico y utilizarlo por el n\u00famero de usuarios autorizados que figuran en la misma y se especifiquen en el momento de contrataci\u00f3n de la licencia.\u00a0<\/span><\/p>\n<p><span style=\"font-weight: 400;\">Los usuarios autorizados vinculados a la licencia deber\u00e1n pertenecer a la organizaci\u00f3n del titular de la licencia y mantener relaci\u00f3n laboral con el mismo, quedando expresamente prohibido la titularidad compartida de una licencia entre dos o m\u00e1s organizaciones diferentes.<\/span><\/p>\n<p><span style=\"font-weight: 400;\">El n\u00famero de usuarios autorizados vinculados a la presente licencia podr\u00e1 ser incrementado o disminuido atendiendo a las modificaciones que el licenciatario pueda experimentar en su plantilla de trabajadores.<\/span><\/p>\n<p><span style=\"font-weight: 400;\">La licencia concedida incluye todas las actualizaciones del programa de software objeto de la misma.<\/span><\/p>\n<p><span style=\"font-weight: 400;\">Al aceptar los t\u00e9rminos de esta licencia, el cliente acepta que Woffu Job Organizer, S.L. recopile y utilice, a los exclusivos efectos de la funcionalidad y usabilidad del programa de software objeto de la misma,\u00a0datos de car\u00e1cter personal de los usuarios. Dicha informaci\u00f3n ser\u00e1 utilizada \u00fanicamente para la prestaci\u00f3n del servicio objeto del producto de software licenciado.<\/span><\/p>\n<p><b>3. PROHIBICIONES Y RESERVA DE DERECHOS<\/b><\/p>\n<p><i><span style=\"font-weight: 400;\">Ingenier\u00eda inversa<\/span><\/i><span style=\"font-weight: 400;\">.<\/span><\/p>\n<p><span style=\"font-weight: 400;\">El usuario no podr\u00e1 aplicar t\u00e9cnicas de ingenier\u00eda inversa, descompilar o desensamblar el Software, ni realizar cualquier otra operaci\u00f3n que tienda a descubrir el c\u00f3digo fuente.<\/span><\/p>\n<p><span style=\"font-weight: 400;\">Se autoriza el uso del Software como un producto \u00fanico. Las partes que lo componen no se podr\u00e1n separar ni hacer uso de ellas por separado.<\/span><\/p>\n<p><span style=\"font-weight: 400;\">\u00a0<\/span><i><span style=\"font-weight: 400;\">Cesi\u00f3n a terceros.<\/span><\/i><\/p>\n<p><span style=\"font-weight: 400;\">Est\u00e1 terminantemente prohibido arrendar, prestar ceder de cualquier otro modo o distribuir el producto software objeto de licencia.\u00a0<\/span><\/p>\n<p><i><span style=\"font-weight: 400;\">Reserva de derechos.<\/span><\/i><\/p>\n<p><span style=\"font-weight: 400;\">Woffu Job Organizer, SL se reserva expresamente los derechos de explotaci\u00f3n de que es titular sobre el producto software objeto de licencia, incluyendo expresamente los derechos de reproducci\u00f3n, transformaci\u00f3n, comunicaci\u00f3n p\u00fablica y distribuci\u00f3n en todas las formas posibles de explotaci\u00f3n que se conocen en la actualidad o que puedan desarrollarse en un futuro fruto de tecnolog\u00edas actuales.<\/span><\/p>\n<p><span style=\"font-weight: 400;\">Al tratarse de un producto software est\u00e1ndar, no se autoriza al cliente la transformaci\u00f3n o reproducci\u00f3n del mismo, incluida la correcci\u00f3n de errores, a pesar de que dichos actos puedan ser necesarios para la utilizaci\u00f3n del mismo por parte del usuario leg\u00edtimo, con arreglo a su finalidad propuesta, correspondiendo a Woffu la subsanaci\u00f3n de los mismos.\u00a0<\/span><\/p>\n<p><b>4. EXCLUSI\u00d3N DE GARANT\u00cdAS Y LIMITACI\u00d3N DE RESPONSABILIDADES.\u00a0<\/b><\/p>\n<p><i><span style=\"font-weight: 400;\">Exclusi\u00f3n de garant\u00edas<\/span><\/i><span style=\"font-weight: 400;\">.<\/span><\/p>\n<p><span style=\"font-weight: 400;\">Con la concesi\u00f3n de la presente licencia Woffu Job Organizer no otorga ninguna otra garant\u00eda adicional a las que les son exigibles legalmente.<\/span><\/p>\n<p><span style=\"font-weight: 400;\">El LICENCIATARIO asume toda la responsabilidad derivada del uso o mal uso del software ante cualquier persona u organismo, exonerando expresamente a Woffu Job Organizer, SL de cualquier responsabilidad.<\/span><\/p>\n<p><span style=\"font-weight: 400;\">A salvo las garant\u00edas legales, el producto se suministra \u2018tal como es\u2019, sin otra garant\u00eda, expl\u00edcita o impl\u00edcita, quedando por tanto excluidas, con car\u00e1cter meramente enunciativo y no limitativo, las garant\u00edas de comerciabilidad, de calidad satisfactoria, de idoneidad para un fin determinado, de exactitud, de disfrute y de no infracci\u00f3n de derechos de terceros. La elecci\u00f3n del programa adecuado para los resultados deseados, as\u00ed como su instalaci\u00f3n, utilizaci\u00f3n y los resultados son de responsabilidad del LICENCIATARIO.<\/span><\/p>\n<p><span style=\"font-weight: 400;\">Ninguna informaci\u00f3n o asesoramiento verbal o por escrito facilitados por Woffu Job Organizer SL o un representante de la misma, constituir\u00e1n garant\u00eda alguna.<\/span><\/p>\n<p><i><span style=\"font-weight: 400;\">Limitaci\u00f3n de responsabilidad<\/span><\/i><span style=\"font-weight: 400;\">.<\/span><\/p>\n<p><span style=\"font-weight: 400;\">Dentro de los l\u00edmites legales de la legislaci\u00f3n espa\u00f1ola, Woffu Job Organizer, S.L. no ser\u00e1 en ning\u00fan caso responsable ante el licenciatario por da\u00f1os personales o cualquier p\u00e9rdida o da\u00f1o indirecto, incidental, consecuencial, punitivo o especial, incluyendo pero no limitado a cualquier, p\u00e9rdida de beneficios, p\u00e9rdida de ingresos, p\u00e9rdida de ahorros o p\u00e9rdidas reales o de cualquier otro tipo, tales como p\u00e9rdida de datos, reclamaciones a terceros, p\u00e9rdida de fondo de comercio, por sanciones impuestas por la autoridad laboral, por interrupci\u00f3n de la actividad empresarial o cualquier otro tipo de p\u00e9rdida o da\u00f1o empresarial resultante de o relacionado con el uso o mal uso del producto software licenciado, a pesar de haber informado a Woffu Job Organizer, S.L.\u00a0<\/span><\/p>\n<p><span style=\"font-weight: 400;\">La responsabilidad total acumulada por Woffu durante la vigencia del contrato no exceder\u00e1 en total de una cantidad equivalente a 12 meses de honorarios. La limitaci\u00f3n de responsabilidad no se aplicar\u00e1 en caso de negligencia grave o dolo..\u00a0<\/span><\/p>\n<p><b>5. LEGISLACI\u00d3N Y JURISDICCI\u00d3N APLICABLE.<\/b><\/p>\n<p><span style=\"font-weight: 400;\">Para la soluci\u00f3n de cualesquiera controversias que pudiesen surgir con relaci\u00f3n a la interpretaci\u00f3n y ejecuci\u00f3n de la presente licencia, ambas partes se someten expresamente a la jurisdicci\u00f3n de los Juzgados y Tribunales de Barcelona, con renuncia expresa a otra que pudiera corresponderles.<\/span><\/p>\n<p><span style=\"font-weight: 400;\">Este documento recoge la expresi\u00f3n integra de la voluntad de las partes en relaci\u00f3n a la licencia de uso otorgada en el mismo, y sustituye todos los acuerdos anteriores o actuales en relaci\u00f3n a su objeto.<\/span><\/p>\n<p><span style=\"font-weight: 400;\">La presente licencia \u00fanicamente podr\u00e1 ser modificada en sus t\u00e9rminos mediante contrato escrito firmado con Woffu Job Organizer SL.<\/span>[\/vc_column_text][\/vc_column][\/vc_row]<\/p>\n<\/div>","protected":false},"excerpt":{"rendered":"<p>[vc_row][vc_column][vc_column_text]LICENCIA DE USO DEL SOFTWARE WOFFU &nbsp; 1. LICENCIA DE USO DEL SOFTWARE. WOFFU JOB ORGANIZER, S.L. es propietaria y [&hellip;]<\/p>\n","protected":false},"author":1,"featured_media":0,"parent":0,"menu_order":0,"comment_status":"closed","ping_status":"closed","template":"page-new-legal.php","meta":{"_acf_changed":false,"inline_featured_image":false,"footnotes":""},"class_list":["post-5678","page","type-page","status-publish","hentry"],"acf":[],"yoast_head":"<!-- This site is optimized with the Yoast SEO plugin v26.5 - https:\/\/yoast.com\/wordpress\/plugins\/seo\/ -->\n<title>Licencia de uso del software Woffu | Woffu<\/title>\n<meta name=\"description\" content=\"Consulta la licencia de uso del software Woffu. Todo lo que tu empresa debe saber sobre control horario, recursos humanos y condiciones de uso\" \/>\n<meta name=\"robots\" content=\"noindex, nofollow\" \/>\n<meta property=\"og:locale\" content=\"es_ES\" \/>\n<meta property=\"og:type\" content=\"article\" \/>\n<meta property=\"og:title\" content=\"Licencia de uso del software Woffu | Woffu\" \/>\n<meta property=\"og:description\" content=\"Consulta la licencia de uso del software Woffu. Todo lo que tu empresa debe saber sobre control horario, recursos humanos y condiciones de uso\" \/>\n<meta property=\"og:url\" content=\"https:\/\/woffu.midaweb.net\/es\/licencia-de-uso-del-software-woffu\/\" \/>\n<meta property=\"og:site_name\" content=\"Woffu\" \/>\n<meta property=\"article:modified_time\" content=\"2025-07-30T21:41:14+00:00\" \/>\n<meta property=\"og:image\" content=\"https:\/\/woffu.midaweb.net\/wp-content\/uploads\/2025\/07\/woffu-logo-color-marketplace.webp\" \/>\n\t<meta property=\"og:image:width\" content=\"625\" \/>\n\t<meta property=\"og:image:height\" content=\"332\" \/>\n\t<meta property=\"og:image:type\" content=\"image\/webp\" \/>\n<meta name=\"twitter:card\" content=\"summary_large_image\" \/>\n<meta name=\"twitter:site\" content=\"@woffu_app\" \/>\n<meta name=\"twitter:label1\" content=\"Tiempo de lectura\" \/>\n\t<meta name=\"twitter:data1\" content=\"6 minutos\" \/>\n<script type=\"application\/ld+json\" class=\"yoast-schema-graph\">{\"@context\":\"https:\/\/schema.org\",\"@graph\":[{\"@type\":\"WebPage\",\"@id\":\"https:\/\/woffu.midaweb.net\/es\/licencia-de-uso-del-software-woffu\/\",\"url\":\"https:\/\/woffu.midaweb.net\/es\/licencia-de-uso-del-software-woffu\/\",\"name\":\"Licencia de uso del software Woffu | Woffu\",\"isPartOf\":{\"@id\":\"https:\/\/woffu.midaweb.net\/es\/#website\"},\"datePublished\":\"2021-06-21T16:57:56+00:00\",\"dateModified\":\"2025-07-30T21:41:14+00:00\",\"description\":\"Consulta la licencia de uso del software Woffu. Todo lo que tu empresa debe saber sobre control horario, recursos humanos y condiciones de uso\",\"breadcrumb\":{\"@id\":\"https:\/\/woffu.midaweb.net\/es\/licencia-de-uso-del-software-woffu\/#breadcrumb\"},\"inLanguage\":\"es\",\"potentialAction\":[{\"@type\":\"ReadAction\",\"target\":[\"https:\/\/woffu.midaweb.net\/es\/licencia-de-uso-del-software-woffu\/\"]}]},{\"@type\":\"BreadcrumbList\",\"@id\":\"https:\/\/woffu.midaweb.net\/es\/licencia-de-uso-del-software-woffu\/#breadcrumb\",\"itemListElement\":[{\"@type\":\"ListItem\",\"position\":1,\"name\":\"Portada\",\"item\":\"https:\/\/woffu.midaweb.net\/es\/\"},{\"@type\":\"ListItem\",\"position\":2,\"name\":\"Licencia de uso del software Woffu\"}]},{\"@type\":\"WebSite\",\"@id\":\"https:\/\/woffu.midaweb.net\/es\/#website\",\"url\":\"https:\/\/woffu.midaweb.net\/es\/\",\"name\":\"Woffu\",\"description\":\"Woffu es una plataforma digital que facilita la gesti\u00f3n del tiempo laboral, control horario, vacaciones y ausencias, optimizando procesos de recursos humanos y asegurando el cumplimiento normativo en las empresas.\",\"publisher\":{\"@id\":\"https:\/\/woffu.midaweb.net\/es\/#organization\"},\"alternateName\":\"Woffu\",\"potentialAction\":[{\"@type\":\"SearchAction\",\"target\":{\"@type\":\"EntryPoint\",\"urlTemplate\":\"https:\/\/woffu.midaweb.net\/es\/?s={search_term_string}\"},\"query-input\":{\"@type\":\"PropertyValueSpecification\",\"valueRequired\":true,\"valueName\":\"search_term_string\"}}],\"inLanguage\":\"es\"},{\"@type\":\"Organization\",\"@id\":\"https:\/\/woffu.midaweb.net\/es\/#organization\",\"name\":\"Woffu\",\"url\":\"https:\/\/woffu.midaweb.net\/es\/\",\"logo\":{\"@type\":\"ImageObject\",\"inLanguage\":\"es\",\"@id\":\"https:\/\/woffu.midaweb.net\/es\/#\/schema\/logo\/image\/\",\"url\":\"https:\/\/woffu.midaweb.net\/wp-content\/uploads\/2021\/08\/logo-woffu-dark.svg\",\"contentUrl\":\"https:\/\/woffu.midaweb.net\/wp-content\/uploads\/2021\/08\/logo-woffu-dark.svg\",\"width\":161,\"height\":38,\"caption\":\"Woffu\"},\"image\":{\"@id\":\"https:\/\/woffu.midaweb.net\/es\/#\/schema\/logo\/image\/\"},\"sameAs\":[\"https:\/\/x.com\/woffu_app\",\"https:\/\/www.instagram.com\/woffu\/\",\"https:\/\/www.linkedin.com\/company\/woffu\/mycompany\/\"]}]}<\/script>\n<!-- \/ Yoast SEO plugin. -->","yoast_head_json":{"title":"Licencia de uso del software Woffu | Woffu","description":"Consulta la licencia de uso del software Woffu. Todo lo que tu empresa debe saber sobre control horario, recursos humanos y condiciones de uso","robots":{"index":"noindex","follow":"nofollow"},"og_locale":"es_ES","og_type":"article","og_title":"Licencia de uso del software Woffu | Woffu","og_description":"Consulta la licencia de uso del software Woffu. Todo lo que tu empresa debe saber sobre control horario, recursos humanos y condiciones de uso","og_url":"https:\/\/woffu.midaweb.net\/es\/licencia-de-uso-del-software-woffu\/","og_site_name":"Woffu","article_modified_time":"2025-07-30T21:41:14+00:00","og_image":[{"width":625,"height":332,"url":"https:\/\/woffu.midaweb.net\/wp-content\/uploads\/2025\/07\/woffu-logo-color-marketplace.webp","type":"image\/webp"}],"twitter_card":"summary_large_image","twitter_site":"@woffu_app","twitter_misc":{"Tiempo de lectura":"6 minutos"},"schema":{"@context":"https:\/\/schema.org","@graph":[{"@type":"WebPage","@id":"https:\/\/woffu.midaweb.net\/es\/licencia-de-uso-del-software-woffu\/","url":"https:\/\/woffu.midaweb.net\/es\/licencia-de-uso-del-software-woffu\/","name":"Licencia de uso del software Woffu | Woffu","isPartOf":{"@id":"https:\/\/woffu.midaweb.net\/es\/#website"},"datePublished":"2021-06-21T16:57:56+00:00","dateModified":"2025-07-30T21:41:14+00:00","description":"Consulta la licencia de uso del software Woffu. Todo lo que tu empresa debe saber sobre control horario, recursos humanos y condiciones de uso","breadcrumb":{"@id":"https:\/\/woffu.midaweb.net\/es\/licencia-de-uso-del-software-woffu\/#breadcrumb"},"inLanguage":"es","potentialAction":[{"@type":"ReadAction","target":["https:\/\/woffu.midaweb.net\/es\/licencia-de-uso-del-software-woffu\/"]}]},{"@type":"BreadcrumbList","@id":"https:\/\/woffu.midaweb.net\/es\/licencia-de-uso-del-software-woffu\/#breadcrumb","itemListElement":[{"@type":"ListItem","position":1,"name":"Portada","item":"https:\/\/woffu.midaweb.net\/es\/"},{"@type":"ListItem","position":2,"name":"Licencia de uso del software Woffu"}]},{"@type":"WebSite","@id":"https:\/\/woffu.midaweb.net\/es\/#website","url":"https:\/\/woffu.midaweb.net\/es\/","name":"Woffu","description":"Woffu es una plataforma digital que facilita la gesti\u00f3n del tiempo laboral, control horario, vacaciones y ausencias, optimizando procesos de recursos humanos y asegurando el cumplimiento normativo en las empresas.","publisher":{"@id":"https:\/\/woffu.midaweb.net\/es\/#organization"},"alternateName":"Woffu","potentialAction":[{"@type":"SearchAction","target":{"@type":"EntryPoint","urlTemplate":"https:\/\/woffu.midaweb.net\/es\/?s={search_term_string}"},"query-input":{"@type":"PropertyValueSpecification","valueRequired":true,"valueName":"search_term_string"}}],"inLanguage":"es"},{"@type":"Organization","@id":"https:\/\/woffu.midaweb.net\/es\/#organization","name":"Woffu","url":"https:\/\/woffu.midaweb.net\/es\/","logo":{"@type":"ImageObject","inLanguage":"es","@id":"https:\/\/woffu.midaweb.net\/es\/#\/schema\/logo\/image\/","url":"https:\/\/woffu.midaweb.net\/wp-content\/uploads\/2021\/08\/logo-woffu-dark.svg","contentUrl":"https:\/\/woffu.midaweb.net\/wp-content\/uploads\/2021\/08\/logo-woffu-dark.svg","width":161,"height":38,"caption":"Woffu"},"image":{"@id":"https:\/\/woffu.midaweb.net\/es\/#\/schema\/logo\/image\/"},"sameAs":["https:\/\/x.com\/woffu_app","https:\/\/www.instagram.com\/woffu\/","https:\/\/www.linkedin.com\/company\/woffu\/mycompany\/"]}]}},"_links":{"self":[{"href":"https:\/\/woffu.midaweb.net\/es\/wp-json\/wp\/v2\/pages\/5678","targetHints":{"allow":["GET"]}}],"collection":[{"href":"https:\/\/woffu.midaweb.net\/es\/wp-json\/wp\/v2\/pages"}],"about":[{"href":"https:\/\/woffu.midaweb.net\/es\/wp-json\/wp\/v2\/types\/page"}],"author":[{"embeddable":true,"href":"https:\/\/woffu.midaweb.net\/es\/wp-json\/wp\/v2\/users\/1"}],"replies":[{"embeddable":true,"href":"https:\/\/woffu.midaweb.net\/es\/wp-json\/wp\/v2\/comments?post=5678"}],"version-history":[{"count":0,"href":"https:\/\/woffu.midaweb.net\/es\/wp-json\/wp\/v2\/pages\/5678\/revisions"}],"wp:attachment":[{"href":"https:\/\/woffu.midaweb.net\/es\/wp-json\/wp\/v2\/media?parent=5678"}],"curies":[{"name":"wp","href":"https:\/\/api.w.org\/{rel}","templated":true}]}}