{"id":10801,"date":"2025-01-16T18:34:08","date_gmt":"2025-01-16T17:34:08","guid":{"rendered":"https:\/\/woffu.midaweb.net\/ley-control-horario-copy\/"},"modified":"2025-07-03T13:25:51","modified_gmt":"2025-07-03T11:25:51","slug":"normativa-laboral-rrhh","status":"publish","type":"page","link":"https:\/\/woffu.midaweb.net\/es\/normativa-laboral-rrhh\/","title":{"rendered":"Ley control horario Linkedin"},"content":{"rendered":"<div class=\"wpb-content-wrapper\"><p>[vc_section el_class=&#8221;features-hero performance-hero ley-horario-hero&#8221;][vc_row el_class=&#8221;performance-hero-row&#8221;][vc_column el_class=&#8221;performance-hero-caption&#8221; offset=&#8221;vc_col-md-5&#8243;][vc_column_text el_class=&#8221;performance-hero-description&#8221;]<\/p>\n<h1>Cumple la normativa laboral en 2025<\/h1>\n<p>Evita sanciones con el registro digital obligatorio y la reducci\u00f3n de jornada laboral 37,5h.[\/vc_column_text][vc_btn title=&#8221;Quiero saber m\u00e1s&#8221; link=&#8221;url:%23solicita-demo|title:Solicita%20una%20demo&#8221; el_class=&#8221;btn btn-dark-new&#8221;][\/vc_column][vc_column offset=&#8221;vc_col-md-7&#8243;][vc_single_image image=&#8221;10555&#8243; img_size=&#8221;full&#8221; css=&#8221;&#8221;][\/vc_column][\/vc_row][\/vc_section][vc_section el_class=&#8221;ley-horario-info-section&#8221;][vc_row][vc_column el_class=&#8221;features-section-caption&#8221;][vc_column_text]<\/p>\n<h2>\u00bfQu\u00e9 debes saber como empresa sobre la nueva Ley de Control Horario?<\/h2>\n<p>Claves para cumplir con la normativa desde Recursos Humanos y gestionar eficazmente el registro de la jornada laboral.[\/vc_column_text][\/vc_column][\/vc_row][vc_row][vc_column width=&#8221;1\/2&#8243; el_class=&#8221;features-row-caption&#8221;][vc_custom_heading text=&#8221;Fichaje digital obligatorio para revisi\u00f3n telem\u00e1tica&#8221; font_container=&#8221;tag:h3|text_align:left&#8221; use_theme_fonts=&#8221;yes&#8221;][vc_column_text]<\/p>\n<ul>\n<li><strong>Registro obligatorio:<\/strong> Las empresas deben registrar las horas de inicio y fin de la jornada, incluidos los descansos, y conservar estos registros por 4 a\u00f1os.<\/li>\n<li><strong>Fichaje digital:<\/strong> Se obliga a usar sistemas digitales para registrar las horas, facilitando la supervisi\u00f3n remota de la Inspecci\u00f3n de Trabajo.<\/li>\n<li><strong>Acceso remoto para inspecciones:<\/strong> Los inspectores podr\u00e1n revisar los registros de forma telem\u00e1tica, agilizando las auditor\u00edas.<\/li>\n<li><strong>Excepciones:<\/strong> No se requiere el fichaje para ciertos puestos de trabajo, como altos cargos o aut\u00f3nomos.<\/li>\n<\/ul>\n<p>[\/vc_column_text][\/vc_column][vc_column width=&#8221;1\/2&#8243; el_class=&#8221;features-row-caption&#8221;][vc_custom_heading text=&#8221;Reducci\u00f3n de jornada (37,5 horas) para todos&#8221; font_container=&#8221;tag:h3|text_align:left&#8221; use_theme_fonts=&#8221;yes&#8221;][vc_column_text]<\/p>\n<ul>\n<li><strong>Conciliaci\u00f3n laboral y personal:<\/strong> Es importante mejorar el equilibrio entre la vida personal y profesional de los empleados.<\/li>\n<li><strong>Aumento de la productividad:<\/strong> Impulsar la eficiencia en las tareas laborales sin necesidad de aumentar las horas trabajadas.<\/li>\n<li><strong>Fomento de la igualdad:<\/strong> Es fundamental promover condiciones justas y equitativas para todos los trabajadores.<\/li>\n<li><strong>Estabilidad econ\u00f3mica:<\/strong> Garantizar que las mejoras en bienestar no afecten negativamente los salarios ni la sostenibilidad de las empresas.<\/li>\n<\/ul>\n<p>[\/vc_column_text][\/vc_column][\/vc_row][\/vc_section][vc_section el_class=&#8221;ley-horario-main-section&#8221;][vc_row][vc_column el_class=&#8221;features-section-caption&#8221;][vc_column_text]<\/p>\n<h2>El cumplimiento normativo deber ser una prioridad<\/h2>\n<p>Incumplir la Ley de Control Horario tiene un gran impacto en RR.HH., desde sanciones administrativas hasta horas de gesti\u00f3n perdidas.[\/vc_column_text][\/vc_column][\/vc_row][vc_row el_class=&#8221;ley-horario-options-row&#8221;][vc_column width=&#8221;1\/2&#8243;][vc_column_text css=&#8221;&#8221; el_class=&#8221;ley-horario-option&#8221;]<\/p>\n<h3>\ud83d\udcb0 Sanciones econ\u00f3micas<\/h3>\n<p>Multas y litigios que pueden afectar el presupuesto.[\/vc_column_text][vc_column_text css=&#8221;&#8221; el_class=&#8221;ley-horario-option&#8221;]<\/p>\n<h3>\ud83d\udca1 Imagen corporativa<\/h3>\n<p>Percepci\u00f3n negativa en el mercado laboral o frente a socios estrat\u00e9gicos.[\/vc_column_text][vc_column_text css=&#8221;&#8221; el_class=&#8221;ley-horario-option&#8221;]<\/p>\n<h3>\u2696\ufe0f Problemas legales<\/h3>\n<p>Riesgo de denuncias y conflictos laborales.[\/vc_column_text][\/vc_column][vc_column width=&#8221;1\/2&#8243;][vc_column_text css=&#8221;&#8221; el_class=&#8221;ley-horario-option&#8221;]<\/p>\n<h3>\ud83e\udd1d Impacto reputacional<\/h3>\n<p>Percepci\u00f3n negativa frente a la direcci\u00f3n y los empleados.[\/vc_column_text][vc_column_text css=&#8221;&#8221; el_class=&#8221;ley-horario-option&#8221;]<\/p>\n<h3>\u23f3 Tiempo perdido<\/h3>\n<p>Horas dedicadas a corregir errores en lugar de tareas estrat\u00e9gicas.[\/vc_column_text][vc_column_text css=&#8221;&#8221; el_class=&#8221;ley-horario-option&#8221;]<\/p>\n<h3>\ud83d\udcc9 Desmotivaci\u00f3n del equipo<\/h3>\n<p>Impacto directo en el bienestar y la fidelizaci\u00f3n del talento.[\/vc_column_text][\/vc_column][\/vc_row][vc_row][vc_column el_class=&#8221;features-section-caption ley-horario-caption-title&#8221;][vc_column_text el_class=&#8221;h3&#8243;]Y t\u00fa, como RR.HH., \u00bfa qu\u00e9 quieres dedicar tu tiempo?[\/vc_column_text][\/vc_column][\/vc_row][vc_row el_class=&#8221;ley-horario-caption-row&#8221;][vc_column width=&#8221;1\/2&#8243; el_class=&#8221;features-section-caption&#8221;][vc_single_image image=&#8221;10559&#8243; img_size=&#8221;full&#8221; css=&#8221;&#8221;][\/vc_column][vc_column width=&#8221;1\/2&#8243;][vc_column_text]<\/p>\n<h3>Una decisi\u00f3n inaplazable<\/h3>\n<p>En caso de una inspecci\u00f3n laboral, no solo se podr\u00e1 imponer una sanci\u00f3n econ\u00f3mica, sino que adem\u00e1s la empresa estar\u00e1 obligada a <strong>implementar una soluci\u00f3n correctiva en un plazo m\u00e1ximo de 24 horas<\/strong>.<\/p>\n<p>No esperes a que sea demasiado tarde. Toma acci\u00f3n ahora y asegura el cumplimiento normativo de tu empresa.[\/vc_column_text][\/vc_column][\/vc_row][\/vc_section][vc_section el_class=&#8221;performance-features-section ley-horario-features-section&#8221;][vc_row el_class=&#8221;features-row&#8221;][vc_column width=&#8221;1\/2&#8243; el_class=&#8221;features-row-caption&#8221;][vc_column_text]<\/p>\n<h3>Cumple la normativa con Woffu<\/h3>\n<p>Adapta tu empresa a la nueva ley de control horario y gestiona el registro de jornada laboral correctamente.[\/vc_column_text][vc_single_image image=&#8221;10563&#8243; img_size=&#8221;full&#8221; alignment=&#8221;right&#8221; css=&#8221;&#8221; el_class=&#8221;d-sm-none bg-colors-1&#8243;][vc_column_text]<\/p>\n<ul>\n<li>Registros horarios seguros en la nube durante 4 a\u00f1os.<\/li>\n<li>Accesible de forma remota para auditor\u00edas e inspecciones.<\/li>\n<li>Informes de presencia y ausencia con validez legal.<\/li>\n<li>Transparencia en la Pol\u00edtica Horaria.<\/li>\n<li>Control preciso de horas trabajadas y horas extra vs. horas por contrato.<\/li>\n<\/ul>\n<p>[\/vc_column_text][vc_btn title=&#8221;Saber m\u00e1s&#8221; link=&#8221;url:%23solicita-demo|title:Solicita%20una%20demo&#8221; el_class=&#8221;btn btn-dark-new small&#8221;][\/vc_column][vc_column width=&#8221;1\/2&#8243; el_class=&#8221;features-row-picture&#8221;][vc_single_image image=&#8221;10563&#8243; img_size=&#8221;full&#8221; alignment=&#8221;right&#8221; css=&#8221;&#8221; el_class=&#8221;d-none d-sm-block bg-colors-1&#8243;][\/vc_column][\/vc_row][\/vc_section][vc_section el_class=&#8221;performance-platform-section ley-horario-cards-section&#8221;][vc_row][vc_column el_class=&#8221;features-section-caption&#8221;][vc_column_text]<\/p>\n<h2>Toda la operativa de tu Pol\u00edtica Horaria integrada en una plataforma<\/h2>\n<p>Reduce las incidencias provocadas por la desconexi\u00f3n entre vacaciones, fichajes y turnos. M\u00e1s agilidad y eficiencia para RR.HH., managers y empleados.[\/vc_column_text][\/vc_column][\/vc_row][vc_row el_class=&#8221;performance-platform-row&#8221;][vc_column el_class=&#8221;performance-platform-card ley-horario-card&#8221; offset=&#8221;vc_col-md-4&#8243;][vc_custom_heading text=&#8221;Control horario y fichaje&#8221; font_container=&#8221;tag:h3|text_align:left&#8221; use_theme_fonts=&#8221;yes&#8221;][vc_column_text el_class=&#8221;description&#8221;]Automatiza el control horario y el fichaje digital, asegurando el cumplimiento de la normativa de forma sencilla y precisa.[\/vc_column_text][vc_single_image image=&#8221;10567&#8243; img_size=&#8221;full&#8221; css=&#8221;&#8221;][\/vc_column][vc_column el_class=&#8221;performance-platform-card ley-horario-card&#8221; offset=&#8221;vc_col-md-4&#8243;][vc_custom_heading text=&#8221;Vacaciones y bajas&#8221; font_container=&#8221;tag:h3|text_align:left&#8221; use_theme_fonts=&#8221;yes&#8221;][vc_column_text el_class=&#8221;description&#8221;]Gestiona todos los tipos de ausencias (bajas, vacaciones, permisos\u2026) con flujos de aprobaci\u00f3n. Evita coincidencias y configura limitaciones.[\/vc_column_text][vc_single_image image=&#8221;11177&#8243; img_size=&#8221;full&#8221; css=&#8221;&#8221;][\/vc_column][vc_column el_class=&#8221;performance-platform-card ley-horario-card&#8221; offset=&#8221;vc_col-md-4&#8243;][vc_custom_heading text=&#8221;Informes&#8221; font_container=&#8221;tag:h3|text_align:left&#8221; use_theme_fonts=&#8221;yes&#8221;][vc_column_text el_class=&#8221;description&#8221;]Utiliza los datos fiables de Woffu para crear informes que te ayuden a tomar decisiones para tu empresa. F\u00e1cil creaci\u00f3n y personalizaci\u00f3n a medida.[\/vc_column_text][vc_single_image image=&#8221;10575&#8243; img_size=&#8221;full&#8221; css=&#8221;&#8221;][\/vc_column][\/vc_row][\/vc_section][vc_section el_class=&#8221;features-section performance-form-section ley-horario-form-section&#8221;][vc_row][vc_column el_class=&#8221;features-section-caption&#8221;][vc_column_text]<\/p>\n<h2>Solicita una demo personalizada<\/h2>\n<h3>Flexibilidad y control con un software de RR.HH. que se adapta a tu sector<\/h3>\n<p>Un especialista te ense\u00f1ar\u00e1 la plataforma en acci\u00f3n y descubrir\u00e1s por qu\u00e9 Woffu es la soluci\u00f3n para ti.[\/vc_column_text][\/vc_column][\/vc_row][vc_row el_class=&#8221;cta-form-row performance-cta-form-row ley-horario-form-row&#8221;][vc_column el_class=&#8221;cta-form-container&#8221; el_id=&#8221;solicita-demo&#8221; offset=&#8221;vc_col-md-6&#8243;][vc_raw_html css=&#8221;&#8221;]JTNDaWZyYW1lJTIwaWQlM0QlMjJwYXJkb3QtaWZyYW1lJTIyJTIwc3JjJTNEJTIyaHR0cHMlM0ElMkYlMkZnby53b2ZmdS5jb20lMkZsJTJGNzc1MzQzJTJGMjAyNS0wMS0xNiUyRjJzbnBjZmwlMjIlMjB3aWR0aCUzRCUyMjEwMCUyNSUyMiUyMGhlaWdodCUzRCUyMjQwN3B4JTIyJTIwdHlwZSUzRCUyMnRleHQlMkZodG1sJTIyJTIwZnJhbWVib3JkZXIlM0QlMjIwJTIyJTIwYWxsb3dUcmFuc3BhcmVuY3klM0QlMjJ0cnVlJTIyJTIwc3R5bGUlM0QlMjJib3JkZXIlM0ElMjAwJTIyJTNFJTNDJTJGaWZyYW1lJTNF[\/vc_raw_html][\/vc_column][vc_column offset=&#8221;vc_col-md-6&#8243; el_class=&#8221;description&#8221;][vc_column_text]<\/p>\n<ul>\n<li>Registra y gestiona las horas autom\u00e1ticamente, ahorrando 85% de costes y tiempo.<\/li>\n<li>Configura horarios de 37,5 horas adaptados a la ley.<\/li>\n<li>Cumple con la normativa f\u00e1cilmente y elimina el 99% de incidencias.<\/li>\n<li>Personaliza nuestra plataforma de forma r\u00e1pida y sin complicaciones.<\/li>\n<\/ul>\n<p>[\/vc_column_text][\/vc_column][\/vc_row][\/vc_section][vc_section el_class=&#8221;performance-platform-section ley-horario-cards-section&#8221;][vc_row][vc_column el_class=&#8221;features-section-caption&#8221;][vc_column_text]<\/p>\n<h2>Personaliza la configuraci\u00f3n de fichajes y horarios para adaptarlos a la realidad de tu empresa y sector.<\/h2>\n<p>Con un acompa\u00f1amiento humano que transforma el soporte postventa en una ventaja estrat\u00e9gica para tu empresa.[\/vc_column_text][\/vc_column][\/vc_row][vc_row el_class=&#8221;performance-platform-row&#8221;][vc_column el_class=&#8221;performance-platform-card ley-horario-card&#8221; offset=&#8221;vc_col-md-4&#8243;][vc_custom_heading text=&#8221;Personaliza reglas seg\u00fan tu sector&#8221; font_container=&#8221;tag:h3|text_align:left&#8221; use_theme_fonts=&#8221;yes&#8221;][vc_column_text css=&#8221;&#8221; el_class=&#8221;description1&#8243;]Categor\u00edas de excesos de jornada, limitaci\u00f3n de permisos y m\u00e9todos de fichaje seg\u00fan empleado y \u00e1rea.[\/vc_column_text][vc_single_image image=&#8221;10579&#8243; img_size=&#8221;full&#8221; css=&#8221;&#8221;][\/vc_column][vc_column el_class=&#8221;performance-platform-card ley-horario-card&#8221; offset=&#8221;vc_col-md-4&#8243;][vc_custom_heading text=&#8221;Equipo de expertos a tu disposici\u00f3n&#8221; font_container=&#8221;tag:h3|text_align:left&#8221; use_theme_fonts=&#8221;yes&#8221;][vc_column_text css=&#8221;&#8221; el_class=&#8221;description1&#8243;]Formaci\u00f3n continua y seguimiento desde el primer d\u00eda para que el cambio sea \u00e1gil y cumplas tus objetivos.[\/vc_column_text][vc_single_image image=&#8221;10583&#8243; img_size=&#8221;full&#8221; css=&#8221;&#8221;][\/vc_column][vc_column el_class=&#8221;performance-platform-card ley-horario-card&#8221; offset=&#8221;vc_col-md-4&#8243;][vc_custom_heading text=&#8221;Integrable con ERP y otros sistemas de RR.HH.&#8221; font_container=&#8221;tag:h3|text_align:left&#8221; use_theme_fonts=&#8221;yes&#8221;][vc_column_text css=&#8221;&#8221; el_class=&#8221;description1&#8243;]Centraliza tu pol\u00edtica horaria desde una \u00fanica herramienta intuitiva e integrable con otros sistemas.[\/vc_column_text][vc_single_image image=&#8221;10587&#8243; img_size=&#8221;full&#8221; css=&#8221;&#8221;][\/vc_column][\/vc_row][\/vc_section][vc_section el_class=&#8221;features-logos performance-logos&#8221;][vc_row][vc_column][vc_column_text el_class=&#8221;features-logos-caption&#8221;]M\u00e1s de 3.000 clientes conf\u00edan en Woffu[\/vc_column_text]<div class=\"imagelist-container  features-logos-imagelist\" id=\"\">\r\n                    <ul class=\"imagelist\">\r\n                      <li><img decoding=\"async\" width=\"156\" height=\"36\" src=\"https:\/\/woffu.midaweb.net\/wp-content\/uploads\/2024\/05\/logo-maersk.svg\" class=\"attachment-full\" alt=\"\" title=\"logo-maersk\" \/><\/li><li><img decoding=\"async\" width=\"115\" height=\"42\" src=\"https:\/\/woffu.midaweb.net\/wp-content\/uploads\/2024\/05\/logo-kelloggs.svg\" class=\"attachment-full\" alt=\"\" title=\"logo-kelloggs\" \/><\/li><li><img decoding=\"async\" width=\"118\" height=\"24\" src=\"https:\/\/woffu.midaweb.net\/wp-content\/uploads\/2024\/05\/logo-isdin.svg\" class=\"attachment-full\" alt=\"\" title=\"logo-isdin\" \/><\/li><li><img decoding=\"async\" width=\"106\" height=\"42\" src=\"https:\/\/woffu.midaweb.net\/wp-content\/uploads\/2024\/05\/logo-prisa.svg\" class=\"attachment-full\" alt=\"\" title=\"logo-prisa\" \/><\/li><li><img decoding=\"async\" width=\"116\" height=\"24\" src=\"https:\/\/woffu.midaweb.net\/wp-content\/uploads\/2024\/05\/logo-viena.svg\" class=\"attachment-full\" alt=\"\" title=\"logo-viena\" \/><\/li>\r\n                    <\/ul>\r\n                <\/div>[\/vc_column][\/vc_row][\/vc_section][vc_section el_class=&#8221;ley-horario-cta&#8221;][vc_row el_class=&#8221;ley-horario-cta-row&#8221;][vc_column][vc_custom_heading text=&#8221;Descubre por qu\u00e9 Woffu es la mejor soluci\u00f3n de Control Horario para tu empresa.&#8221; use_theme_fonts=&#8221;yes&#8221;][vc_btn title=&#8221;\u00a1Empieza ahora!&#8221; link=&#8221;url:%23solicita-demo|title:Solicita%20una%20demo&#8221; el_class=&#8221;btn btn-dark-new&#8221;][vc_column_text]Gana eficiencia y agilidad en Recursos Humanos con la soluci\u00f3n especialista en Control Horario.[\/vc_column_text][\/vc_column][\/vc_row][\/vc_section]<\/p>\n<\/div>","protected":false},"excerpt":{"rendered":"<p>[vc_section el_class=&#8221;features-hero performance-hero ley-horario-hero&#8221;][vc_row el_class=&#8221;performance-hero-row&#8221;][vc_column el_class=&#8221;performance-hero-caption&#8221; offset=&#8221;vc_col-md-5&#8243;][vc_column_text el_class=&#8221;performance-hero-description&#8221;] Cumple la normativa laboral en 2025 Evita sanciones con el registro digital [&hellip;]<\/p>\n","protected":false},"author":1,"featured_media":0,"parent":0,"menu_order":0,"comment_status":"closed","ping_status":"closed","template":"page-new.php","meta":{"_acf_changed":false,"inline_featured_image":false,"footnotes":""},"class_list":["post-10801","page","type-page","status-publish","hentry"],"acf":[],"yoast_head":"<!-- This site is optimized with the Yoast SEO plugin v26.5 - https:\/\/yoast.com\/wordpress\/plugins\/seo\/ -->\n<title>Software de RR.HH. | Ley de control horario<\/title>\n<meta name=\"description\" content=\"Cumple la Ley de Control Horario de manera sencilla y eficiente. Asegura la transparencia y el cumplimiento legal en tu empresa con fichaje digital y acceso remoto para inspecciones.\" \/>\n<meta name=\"robots\" content=\"noindex, follow\" \/>\n<meta property=\"og:locale\" content=\"es_ES\" \/>\n<meta property=\"og:type\" content=\"article\" \/>\n<meta property=\"og:title\" content=\"Software de RR.HH. | Ley de control horario\" \/>\n<meta property=\"og:description\" content=\"Cumple la Ley de Control Horario de manera sencilla y eficiente. Asegura la transparencia y el cumplimiento legal en tu empresa con fichaje digital y acceso remoto para inspecciones.\" \/>\n<meta property=\"og:url\" content=\"https:\/\/woffu.midaweb.net\/es\/normativa-laboral-rrhh\/\" \/>\n<meta property=\"og:site_name\" content=\"Woffu\" \/>\n<meta property=\"article:modified_time\" content=\"2025-07-03T11:25:51+00:00\" \/>\n<meta property=\"og:image\" content=\"https:\/\/woffu.midaweb.net\/wp-content\/uploads\/2025\/07\/woffu-logo-color-marketplace.webp\" \/>\n\t<meta property=\"og:image:width\" content=\"625\" \/>\n\t<meta property=\"og:image:height\" content=\"332\" \/>\n\t<meta property=\"og:image:type\" content=\"image\/webp\" \/>\n<meta name=\"twitter:card\" content=\"summary_large_image\" \/>\n<meta name=\"twitter:site\" content=\"@woffu_app\" \/>\n<meta name=\"twitter:label1\" content=\"Tiempo de lectura\" \/>\n\t<meta name=\"twitter:data1\" content=\"5 minutos\" \/>\n<script type=\"application\/ld+json\" class=\"yoast-schema-graph\">{\"@context\":\"https:\/\/schema.org\",\"@graph\":[{\"@type\":\"WebPage\",\"@id\":\"https:\/\/woffu.midaweb.net\/es\/normativa-laboral-rrhh\/\",\"url\":\"https:\/\/woffu.midaweb.net\/es\/normativa-laboral-rrhh\/\",\"name\":\"Software de RR.HH. | Ley de control horario\",\"isPartOf\":{\"@id\":\"https:\/\/woffu.midaweb.net\/es\/#website\"},\"datePublished\":\"2025-01-16T17:34:08+00:00\",\"dateModified\":\"2025-07-03T11:25:51+00:00\",\"description\":\"Cumple la Ley de Control Horario de manera sencilla y eficiente. Asegura la transparencia y el cumplimiento legal en tu empresa con fichaje digital y acceso remoto para inspecciones.\",\"breadcrumb\":{\"@id\":\"https:\/\/woffu.midaweb.net\/es\/normativa-laboral-rrhh\/#breadcrumb\"},\"inLanguage\":\"es\",\"potentialAction\":[{\"@type\":\"ReadAction\",\"target\":[\"https:\/\/woffu.midaweb.net\/es\/normativa-laboral-rrhh\/\"]}]},{\"@type\":\"BreadcrumbList\",\"@id\":\"https:\/\/woffu.midaweb.net\/es\/normativa-laboral-rrhh\/#breadcrumb\",\"itemListElement\":[{\"@type\":\"ListItem\",\"position\":1,\"name\":\"Portada\",\"item\":\"https:\/\/woffu.midaweb.net\/es\/\"},{\"@type\":\"ListItem\",\"position\":2,\"name\":\"Ley control horario Linkedin\"}]},{\"@type\":\"WebSite\",\"@id\":\"https:\/\/woffu.midaweb.net\/es\/#website\",\"url\":\"https:\/\/woffu.midaweb.net\/es\/\",\"name\":\"Woffu\",\"description\":\"Woffu es una plataforma digital que facilita la gesti\u00f3n del tiempo laboral, control horario, vacaciones y ausencias, optimizando procesos de recursos humanos y asegurando el cumplimiento normativo en las empresas.\",\"publisher\":{\"@id\":\"https:\/\/woffu.midaweb.net\/es\/#organization\"},\"alternateName\":\"Woffu\",\"potentialAction\":[{\"@type\":\"SearchAction\",\"target\":{\"@type\":\"EntryPoint\",\"urlTemplate\":\"https:\/\/woffu.midaweb.net\/es\/?s={search_term_string}\"},\"query-input\":{\"@type\":\"PropertyValueSpecification\",\"valueRequired\":true,\"valueName\":\"search_term_string\"}}],\"inLanguage\":\"es\"},{\"@type\":\"Organization\",\"@id\":\"https:\/\/woffu.midaweb.net\/es\/#organization\",\"name\":\"Woffu\",\"url\":\"https:\/\/woffu.midaweb.net\/es\/\",\"logo\":{\"@type\":\"ImageObject\",\"inLanguage\":\"es\",\"@id\":\"https:\/\/woffu.midaweb.net\/es\/#\/schema\/logo\/image\/\",\"url\":\"https:\/\/woffu.midaweb.net\/wp-content\/uploads\/2021\/08\/logo-woffu-dark.svg\",\"contentUrl\":\"https:\/\/woffu.midaweb.net\/wp-content\/uploads\/2021\/08\/logo-woffu-dark.svg\",\"width\":161,\"height\":38,\"caption\":\"Woffu\"},\"image\":{\"@id\":\"https:\/\/woffu.midaweb.net\/es\/#\/schema\/logo\/image\/\"},\"sameAs\":[\"https:\/\/x.com\/woffu_app\",\"https:\/\/www.instagram.com\/woffu\/\",\"https:\/\/www.linkedin.com\/company\/woffu\/mycompany\/\"]}]}<\/script>\n<!-- \/ Yoast SEO plugin. -->","yoast_head_json":{"title":"Software de RR.HH. | Ley de control horario","description":"Cumple la Ley de Control Horario de manera sencilla y eficiente. Asegura la transparencia y el cumplimiento legal en tu empresa con fichaje digital y acceso remoto para inspecciones.","robots":{"index":"noindex","follow":"follow"},"og_locale":"es_ES","og_type":"article","og_title":"Software de RR.HH. | Ley de control horario","og_description":"Cumple la Ley de Control Horario de manera sencilla y eficiente. Asegura la transparencia y el cumplimiento legal en tu empresa con fichaje digital y acceso remoto para inspecciones.","og_url":"https:\/\/woffu.midaweb.net\/es\/normativa-laboral-rrhh\/","og_site_name":"Woffu","article_modified_time":"2025-07-03T11:25:51+00:00","og_image":[{"width":625,"height":332,"url":"https:\/\/woffu.midaweb.net\/wp-content\/uploads\/2025\/07\/woffu-logo-color-marketplace.webp","type":"image\/webp"}],"twitter_card":"summary_large_image","twitter_site":"@woffu_app","twitter_misc":{"Tiempo de lectura":"5 minutos"},"schema":{"@context":"https:\/\/schema.org","@graph":[{"@type":"WebPage","@id":"https:\/\/woffu.midaweb.net\/es\/normativa-laboral-rrhh\/","url":"https:\/\/woffu.midaweb.net\/es\/normativa-laboral-rrhh\/","name":"Software de RR.HH. | Ley de control horario","isPartOf":{"@id":"https:\/\/woffu.midaweb.net\/es\/#website"},"datePublished":"2025-01-16T17:34:08+00:00","dateModified":"2025-07-03T11:25:51+00:00","description":"Cumple la Ley de Control Horario de manera sencilla y eficiente. Asegura la transparencia y el cumplimiento legal en tu empresa con fichaje digital y acceso remoto para inspecciones.","breadcrumb":{"@id":"https:\/\/woffu.midaweb.net\/es\/normativa-laboral-rrhh\/#breadcrumb"},"inLanguage":"es","potentialAction":[{"@type":"ReadAction","target":["https:\/\/woffu.midaweb.net\/es\/normativa-laboral-rrhh\/"]}]},{"@type":"BreadcrumbList","@id":"https:\/\/woffu.midaweb.net\/es\/normativa-laboral-rrhh\/#breadcrumb","itemListElement":[{"@type":"ListItem","position":1,"name":"Portada","item":"https:\/\/woffu.midaweb.net\/es\/"},{"@type":"ListItem","position":2,"name":"Ley control horario Linkedin"}]},{"@type":"WebSite","@id":"https:\/\/woffu.midaweb.net\/es\/#website","url":"https:\/\/woffu.midaweb.net\/es\/","name":"Woffu","description":"Woffu es una plataforma digital que facilita la gesti\u00f3n del tiempo laboral, control horario, vacaciones y ausencias, optimizando procesos de recursos humanos y asegurando el cumplimiento normativo en las empresas.","publisher":{"@id":"https:\/\/woffu.midaweb.net\/es\/#organization"},"alternateName":"Woffu","potentialAction":[{"@type":"SearchAction","target":{"@type":"EntryPoint","urlTemplate":"https:\/\/woffu.midaweb.net\/es\/?s={search_term_string}"},"query-input":{"@type":"PropertyValueSpecification","valueRequired":true,"valueName":"search_term_string"}}],"inLanguage":"es"},{"@type":"Organization","@id":"https:\/\/woffu.midaweb.net\/es\/#organization","name":"Woffu","url":"https:\/\/woffu.midaweb.net\/es\/","logo":{"@type":"ImageObject","inLanguage":"es","@id":"https:\/\/woffu.midaweb.net\/es\/#\/schema\/logo\/image\/","url":"https:\/\/woffu.midaweb.net\/wp-content\/uploads\/2021\/08\/logo-woffu-dark.svg","contentUrl":"https:\/\/woffu.midaweb.net\/wp-content\/uploads\/2021\/08\/logo-woffu-dark.svg","width":161,"height":38,"caption":"Woffu"},"image":{"@id":"https:\/\/woffu.midaweb.net\/es\/#\/schema\/logo\/image\/"},"sameAs":["https:\/\/x.com\/woffu_app","https:\/\/www.instagram.com\/woffu\/","https:\/\/www.linkedin.com\/company\/woffu\/mycompany\/"]}]}},"_links":{"self":[{"href":"https:\/\/woffu.midaweb.net\/es\/wp-json\/wp\/v2\/pages\/10801","targetHints":{"allow":["GET"]}}],"collection":[{"href":"https:\/\/woffu.midaweb.net\/es\/wp-json\/wp\/v2\/pages"}],"about":[{"href":"https:\/\/woffu.midaweb.net\/es\/wp-json\/wp\/v2\/types\/page"}],"author":[{"embeddable":true,"href":"https:\/\/woffu.midaweb.net\/es\/wp-json\/wp\/v2\/users\/1"}],"replies":[{"embeddable":true,"href":"https:\/\/woffu.midaweb.net\/es\/wp-json\/wp\/v2\/comments?post=10801"}],"version-history":[{"count":0,"href":"https:\/\/woffu.midaweb.net\/es\/wp-json\/wp\/v2\/pages\/10801\/revisions"}],"wp:attachment":[{"href":"https:\/\/woffu.midaweb.net\/es\/wp-json\/wp\/v2\/media?parent=10801"}],"curies":[{"name":"wp","href":"https:\/\/api.w.org\/{rel}","templated":true}]}}