{"id":10760,"date":"2025-01-16T21:41:16","date_gmt":"2025-01-16T20:41:16","guid":{"rendered":"https:\/\/woffu.midaweb.net\/?page_id=10760"},"modified":"2025-09-19T14:23:35","modified_gmt":"2025-09-19T12:23:35","slug":"sostenibilidad","status":"publish","type":"page","link":"https:\/\/woffu.midaweb.net\/es\/sostenibilidad\/","title":{"rendered":"Sostenibilidad"},"content":{"rendered":"<div class=\"wpb-content-wrapper\"><p>[vc_section el_class=&#8221;features-hero sostenibilidad-hero&#8221;][vc_row][vc_column el_class=&#8221;sostenibilidad-hero-caption&#8221;][vc_column_text css=&#8221;&#8221;]<\/p>\n<h1>Woffu y su compromiso con la sostenibilidad<\/h1>\n<p>En Woffu, cuidamos de las personas y del planeta[\/vc_column_text][\/vc_column][\/vc_row][vc_row][vc_column el_class=&#8221;sostenibilidad-hero-video&#8221;][vc_column_text]<\/p>\n<h2>Un compromiso que va m\u00e1s all\u00e1 de la tecnolog\u00eda<\/h2>\n<p>[\/vc_column_text]<div class=\"woffu-video\" id=\"\">\r\n                    <div class=\"picture\"><img decoding=\"async\" width=\"1751\" height=\"932\" src=\"https:\/\/woffu.midaweb.net\/wp-content\/uploads\/2025\/01\/sostenibilidad.png\" class=\"attachment-full size-full\" alt=\"\" srcset=\"https:\/\/woffu.midaweb.net\/wp-content\/uploads\/2025\/01\/sostenibilidad.png 1751w, https:\/\/woffu.midaweb.net\/wp-content\/uploads\/2025\/01\/sostenibilidad-300x160.png 300w, https:\/\/woffu.midaweb.net\/wp-content\/uploads\/2025\/01\/sostenibilidad-1024x545.png 1024w, https:\/\/woffu.midaweb.net\/wp-content\/uploads\/2025\/01\/sostenibilidad-768x409.png 768w, https:\/\/woffu.midaweb.net\/wp-content\/uploads\/2025\/01\/sostenibilidad-1536x818.png 1536w\" sizes=\"(max-width: 1751px) 100vw, 1751px\" \/><\/div>\r\n                    <div class=\"description\"><\/div><a class=\"btn-play\" href=\"https:\/\/www.youtube.com\/watch?v=ZzAQl8QQ6JA\" data-remote=\"https:\/\/www.youtube.com\/watch?v=ZzAQl8QQ6JA\" data-toggle=\"lightbox\"><\/a>\r\n                  <\/div>[vc_column_text]Trabajamos cada d\u00eda para garantizar la <strong>sostenibilidad econ\u00f3mica, social y ambiental<\/strong>, cuidando del entorno mediante acciones como la reducci\u00f3n del consumo de energ\u00eda, el reciclaje y la reutilizaci\u00f3n de recursos. Nos enorgullece ser <strong>reconocidos por nuestras buenas pr\u00e1cticas sociales<\/strong> y contar con un equipo comprometido con la causa.[\/vc_column_text][\/vc_column][\/vc_row][\/vc_section][vc_section el_class=&#8221;sostenibilidad-compromisos&#8221;][vc_row][vc_column el_class=&#8221;features-section-caption&#8221;][vc_column_text]<\/p>\n<h2>Nuestro compromiso en cada paso<\/h2>\n<p>En Woffu, creemos que un impacto positivo en el mundo se construye a trav\u00e9s de acciones concretas. Nuestros proyectos de sostenibilidad y colaboraci\u00f3n social reflejan nuestro <strong>compromiso con el medio ambiente y con causas que importan<\/strong>.[\/vc_column_text][\/vc_column][\/vc_row][vc_row el_class=&#8221;compromisos-row&#8221;][vc_column width=&#8221;1\/4&#8243;]<a href=\"https:\/\/woffu.midaweb.net\/blog\/personas\/reto-metastasis-lucha-contra-el-cancer\/\" target=\"\" class=\"card resource-card ebook-card customer-card compromiso-card\" id=\"\">\n                    <div class=\"card-header\"><img decoding=\"async\" width=\"563\" height=\"390\" src=\"https:\/\/woffu.midaweb.net\/wp-content\/uploads\/2025\/01\/compromiso-1.jpg\" class=\"attachment-full size-full\" alt=\"\" srcset=\"https:\/\/woffu.midaweb.net\/wp-content\/uploads\/2025\/01\/compromiso-1.jpg 563w, https:\/\/woffu.midaweb.net\/wp-content\/uploads\/2025\/01\/compromiso-1-300x208.jpg 300w\" sizes=\"(max-width: 563px) 100vw, 563px\" \/><\/div>\n                    <div class=\"card-body\">\n                        <div class=\"category\"> | <\/div>\n                        <h2>Reto met\u00e1stasis<\/h2>\n                        <div class=\"btn btn-default\">conoce la historia<\/div>\n                    <\/div>\n                <\/a>[\/vc_column][vc_column width=&#8221;1\/4&#8243;]<a href=\"https:\/\/woffu.midaweb.net\/blog\/personas\/limpieza-de-playas-cram-conservacion-oceanos\/\" target=\"\" class=\"card resource-card ebook-card customer-card compromiso-card\" id=\"\">\n                    <div class=\"card-header\"><img decoding=\"async\" width=\"563\" height=\"390\" src=\"https:\/\/woffu.midaweb.net\/wp-content\/uploads\/2025\/01\/compromiso-2.jpg\" class=\"attachment-full size-full\" alt=\"\" srcset=\"https:\/\/woffu.midaweb.net\/wp-content\/uploads\/2025\/01\/compromiso-2.jpg 563w, https:\/\/woffu.midaweb.net\/wp-content\/uploads\/2025\/01\/compromiso-2-300x208.jpg 300w\" sizes=\"(max-width: 563px) 100vw, 563px\" \/><\/div>\n                    <div class=\"card-body\">\n                        <div class=\"category\"> | <\/div>\n                        <h2>Jornada de limpieza en la playa<\/h2>\n                        <div class=\"btn btn-default\">conoce la historia<\/div>\n                    <\/div>\n                <\/a>[\/vc_column][vc_column width=&#8221;1\/4&#8243;]<a href=\"https:\/\/woffu.midaweb.net\/blog\/personas\/woffu-huella-de-carbono\/\" target=\"\" class=\"card resource-card ebook-card customer-card compromiso-card\" id=\"\">\n                    <div class=\"card-header\"><img decoding=\"async\" width=\"563\" height=\"390\" src=\"https:\/\/woffu.midaweb.net\/wp-content\/uploads\/2025\/01\/compromiso-3.jpg\" class=\"attachment-full size-full\" alt=\"\" srcset=\"https:\/\/woffu.midaweb.net\/wp-content\/uploads\/2025\/01\/compromiso-3.jpg 563w, https:\/\/woffu.midaweb.net\/wp-content\/uploads\/2025\/01\/compromiso-3-300x208.jpg 300w\" sizes=\"(max-width: 563px) 100vw, 563px\" \/><\/div>\n                    <div class=\"card-body\">\n                        <div class=\"category\"> | <\/div>\n                        <h2>Huella de carbono neutro<\/h2>\n                        <div class=\"btn btn-default\">conoce la historia<\/div>\n                    <\/div>\n                <\/a>[\/vc_column][vc_column width=&#8221;1\/4&#8243;]<a href=\"https:\/\/woffu.midaweb.net\/blog\/gestion-horario\/woffu-impulsa-practicas-responsables-en-el-trabajo-con-alianzas-sostenibles\/\" target=\"\" class=\"card resource-card ebook-card customer-card compromiso-card\" id=\"\">\n                    <div class=\"card-header\"><img decoding=\"async\" width=\"563\" height=\"390\" src=\"https:\/\/woffu.midaweb.net\/wp-content\/uploads\/2025\/01\/compromiso-4.jpg\" class=\"attachment-full size-full\" alt=\"\" srcset=\"https:\/\/woffu.midaweb.net\/wp-content\/uploads\/2025\/01\/compromiso-4.jpg 563w, https:\/\/woffu.midaweb.net\/wp-content\/uploads\/2025\/01\/compromiso-4-300x208.jpg 300w\" sizes=\"(max-width: 563px) 100vw, 563px\" \/><\/div>\n                    <div class=\"card-body\">\n                        <div class=\"category\"> | <\/div>\n                        <h2>Nuestros aliados<\/h2>\n                        <div class=\"btn btn-default\">conoce la historia<\/div>\n                    <\/div>\n                <\/a>[\/vc_column][\/vc_row][\/vc_section][vc_section el_class=&#8221;features-section sostenibilidad-features-section&#8221;][vc_row][vc_column el_class=&#8221;features-section-caption&#8221;][vc_column_text]<\/p>\n<h2>Un espacio para el bienestar y la sostenibilidad<\/h2>\n<p>[\/vc_column_text][\/vc_column][\/vc_row][vc_row el_class=&#8221;features-row&#8221;][vc_column width=&#8221;1\/2&#8243; el_class=&#8221;features-row-caption&#8221;][vc_column_text]<\/p>\n<h3>Biblioteca sostenible<\/h3>\n<p>Explora nuestra biblioteca de empresas que lideran el cambio hacia un mundo m\u00e1s verde. <strong>Insp\u00edrate y conecta con iniciativas sostenibles.<\/strong>[\/vc_column_text][vc_btn title=&#8221;Conocer m\u00e1s&#8221; el_class=&#8221;btn btn-dark-new&#8221; link=&#8221;url:https%3A%2F%2Fwoffu.midaweb.net%2Fwp-content%2Fuploads%2F2024%2F03%2FEmpresas-de-Consumo-Responsable.pdf|title:Conocer%20m%C3%A1s|target:_blank&#8221;][\/vc_column][vc_column width=&#8221;1\/2&#8243;][vc_single_image image=&#8221;10786&#8243; img_size=&#8221;full&#8221; css=&#8221;&#8221;][\/vc_column][\/vc_row][vc_row el_class=&#8221;features-row features-row-right&#8221;][vc_column width=&#8221;1\/2&#8243; el_class=&#8221;features-row-caption&#8221;][vc_column_text]<\/p>\n<h3>Activa tu felicidad<\/h3>\n<p>Descubre consejos y pr\u00e1cticas para cuidar tu <strong>bienestar f\u00edsico, mental y emocional<\/strong>.[\/vc_column_text][vc_btn title=&#8221;\u00a1Tu felicidad comienza aqu\u00ed!&#8221; el_class=&#8221;btn btn-dark-new&#8221; link=&#8221;url:https%3A%2F%2Fwoffu.midaweb.net%2Fwp-content%2Fuploads%2F2024%2F06%2FInfografico-Hormonas-de-la-felicidad.pdf|title:%C2%A1Tu%20felicidad%20comienza%20aqu%C3%AD!|target:_blank&#8221;][\/vc_column][vc_column width=&#8221;1\/2&#8243;][vc_single_image image=&#8221;10790&#8243; img_size=&#8221;full&#8221; css=&#8221;&#8221;][\/vc_column][\/vc_row][\/vc_section][vc_section css=&#8221;.vc_custom_1736939496133{background-image: url(https:\/\/woffu.midaweb.net\/wp-content\/uploads\/2025\/01\/nature-bg-scaled.jpg?id=10778) !important;background-position: center !important;background-repeat: no-repeat !important;background-size: cover !important;}&#8221; el_class=&#8221;sostenibilidad-form-section&#8221;][vc_row][vc_column el_id=&#8221;demo-form&#8221;][vc_column_text el_class=&#8221;sostenibilidad-form-caption&#8221;]<\/p>\n<h2>\u00danete a Nuestro Movimiento<\/h2>\n<p>Si eres una ONG o una organizaci\u00f3n comprometida con la sostenibilidad y el cuidado del medio ambiente, nos encantar\u00eda colaborar contigo. <strong>Estamos abiertos a trabajar juntos en proyectos que generen un impacto positivo en nuestro planeta.<\/strong> Escr\u00edbenos y construyamos juntos un futuro m\u00e1s sostenible.[\/vc_column_text][vc_raw_html css=&#8221;&#8221; el_class=&#8221;sostenibilidad-form-container&#8221;]JTNDaWZyYW1lJTIwaWQlM0QlMjJwYXJkb3QtaWZyYW1lJTIyJTIwc3JjJTNEJTIyaHR0cHMlM0ElMkYlMkZnby53b2ZmdS5jb20lMkZsJTJGNzc1MzQzJTJGMjAyNS0wMS0wOCUyRjJzbmxuY3klMjIlMjB3aWR0aCUzRCUyMjEwMCUyNSUyMiUyMGhlaWdodCUzRCUyMjM3MHB4JTIyJTIwdHlwZSUzRCUyMnRleHQlMkZodG1sJTIyJTIwZnJhbWVib3JkZXIlM0QlMjIwJTIyJTIwYWxsb3dUcmFuc3BhcmVuY3klM0QlMjJ0cnVlJTIyJTIwc3R5bGUlM0QlMjJib3JkZXIlM0ElMjAwJTIyJTNFJTNDJTJGaWZyYW1lJTNF[\/vc_raw_html][\/vc_column][\/vc_row][\/vc_section][vc_section el_class=&#8221;sostenibilidad-demo-section&#8221;][vc_row][vc_column][vc_column_text el_class=&#8221;sostenibilidad-demo-caption&#8221;]<\/p>\n<h2>Innovaci\u00f3n con Prop\u00f3sito Sostenible<\/h2>\n<p><strong>\u00bfBuscas un software de RR.HH para gestionar la pol\u00edtica horaria de los empleados, que tambi\u00e9n cuide del planeta?<\/strong> En Woffu, no solo te ofrecemos una herramienta l\u00edder en gesti\u00f3n de tiempo y control horario, sino que tambi\u00e9n compartimos contigo el compromiso de generar un impacto positivo en el medio ambiente.[\/vc_column_text][vc_single_image image=&#8221;10624&#8243; img_size=&#8221;full&#8221; css=&#8221;&#8221;][vc_btn title=&#8221;Solicita una demo&#8221; el_class=&#8221;btn btn-dark-new&#8221; link=&#8221;url:%23demo-form|title:Demo&#8221;][\/vc_column][\/vc_row][\/vc_section]<\/p>\n<\/div>","protected":false},"excerpt":{"rendered":"<p>[vc_section el_class=&#8221;features-hero sostenibilidad-hero&#8221;][vc_row][vc_column el_class=&#8221;sostenibilidad-hero-caption&#8221;][vc_column_text css=&#8221;&#8221;] Woffu y su compromiso con la sostenibilidad En Woffu, cuidamos de las personas y del [&hellip;]<\/p>\n","protected":false},"author":1,"featured_media":0,"parent":0,"menu_order":0,"comment_status":"closed","ping_status":"closed","template":"page-new.php","meta":{"_acf_changed":false,"inline_featured_image":false,"footnotes":""},"class_list":["post-10760","page","type-page","status-publish","hentry"],"acf":[],"yoast_head":"<!-- This site is optimized with the Yoast SEO plugin v26.5 - https:\/\/yoast.com\/wordpress\/plugins\/seo\/ -->\n<title>Woffu y su compromiso con la sostenibilidad | Woffu<\/title>\n<meta name=\"description\" content=\"En Woffu, software de recursos humanos y gesti\u00f3n del tiempo de trabajo, tenemos un fuerte compromiso con la sostenibilidad econ\u00f3mica, social y ambiental\" \/>\n<meta name=\"robots\" content=\"noindex, follow, max-snippet:-1, max-image-preview:large, max-video-preview:-1\" \/>\n<meta property=\"og:locale\" content=\"es_ES\" \/>\n<meta property=\"og:type\" content=\"article\" \/>\n<meta property=\"og:title\" content=\"Woffu y su compromiso con la sostenibilidad | Woffu\" \/>\n<meta property=\"og:description\" content=\"En Woffu, software de recursos humanos y gesti\u00f3n del tiempo de trabajo, tenemos un fuerte compromiso con la sostenibilidad econ\u00f3mica, social y ambiental.\" \/>\n<meta property=\"og:url\" content=\"https:\/\/woffu.midaweb.net\/es\/sostenibilidad\/\" \/>\n<meta property=\"og:site_name\" content=\"Woffu\" \/>\n<meta property=\"article:modified_time\" content=\"2025-09-19T12:23:35+00:00\" \/>\n<meta property=\"og:image\" content=\"https:\/\/woffu.midaweb.net\/wp-content\/uploads\/2025\/07\/woffu-logo-color-marketplace.webp\" \/>\n\t<meta property=\"og:image:width\" content=\"625\" \/>\n\t<meta property=\"og:image:height\" content=\"332\" \/>\n\t<meta property=\"og:image:type\" content=\"image\/webp\" \/>\n<meta name=\"twitter:card\" content=\"summary_large_image\" \/>\n<meta name=\"twitter:site\" content=\"@woffu_app\" \/>\n<meta name=\"twitter:label1\" content=\"Tiempo de lectura\" \/>\n\t<meta name=\"twitter:data1\" content=\"4 minutos\" \/>\n<script type=\"application\/ld+json\" class=\"yoast-schema-graph\">{\"@context\":\"https:\/\/schema.org\",\"@graph\":[{\"@type\":\"WebPage\",\"@id\":\"https:\/\/woffu.midaweb.net\/es\/sostenibilidad\/\",\"url\":\"https:\/\/woffu.midaweb.net\/es\/sostenibilidad\/\",\"name\":\"Woffu y su compromiso con la sostenibilidad | Woffu\",\"isPartOf\":{\"@id\":\"https:\/\/woffu.midaweb.net\/es\/#website\"},\"datePublished\":\"2025-01-16T20:41:16+00:00\",\"dateModified\":\"2025-09-19T12:23:35+00:00\",\"description\":\"En Woffu, software de recursos humanos y gesti\u00f3n del tiempo de trabajo, tenemos un fuerte compromiso con la sostenibilidad econ\u00f3mica, social y ambiental\",\"breadcrumb\":{\"@id\":\"https:\/\/woffu.midaweb.net\/es\/sostenibilidad\/#breadcrumb\"},\"inLanguage\":\"es\",\"potentialAction\":[{\"@type\":\"ReadAction\",\"target\":[\"https:\/\/woffu.midaweb.net\/es\/sostenibilidad\/\"]}]},{\"@type\":\"BreadcrumbList\",\"@id\":\"https:\/\/woffu.midaweb.net\/es\/sostenibilidad\/#breadcrumb\",\"itemListElement\":[{\"@type\":\"ListItem\",\"position\":1,\"name\":\"Portada\",\"item\":\"https:\/\/woffu.midaweb.net\/es\/\"},{\"@type\":\"ListItem\",\"position\":2,\"name\":\"Sostenibilidad\"}]},{\"@type\":\"WebSite\",\"@id\":\"https:\/\/woffu.midaweb.net\/es\/#website\",\"url\":\"https:\/\/woffu.midaweb.net\/es\/\",\"name\":\"Woffu\",\"description\":\"Woffu es una plataforma digital que facilita la gesti\u00f3n del tiempo laboral, control horario, vacaciones y ausencias, optimizando procesos de recursos humanos y asegurando el cumplimiento normativo en las empresas.\",\"publisher\":{\"@id\":\"https:\/\/woffu.midaweb.net\/es\/#organization\"},\"alternateName\":\"Woffu\",\"potentialAction\":[{\"@type\":\"SearchAction\",\"target\":{\"@type\":\"EntryPoint\",\"urlTemplate\":\"https:\/\/woffu.midaweb.net\/es\/?s={search_term_string}\"},\"query-input\":{\"@type\":\"PropertyValueSpecification\",\"valueRequired\":true,\"valueName\":\"search_term_string\"}}],\"inLanguage\":\"es\"},{\"@type\":\"Organization\",\"@id\":\"https:\/\/woffu.midaweb.net\/es\/#organization\",\"name\":\"Woffu\",\"url\":\"https:\/\/woffu.midaweb.net\/es\/\",\"logo\":{\"@type\":\"ImageObject\",\"inLanguage\":\"es\",\"@id\":\"https:\/\/woffu.midaweb.net\/es\/#\/schema\/logo\/image\/\",\"url\":\"https:\/\/woffu.midaweb.net\/wp-content\/uploads\/2021\/08\/logo-woffu-dark.svg\",\"contentUrl\":\"https:\/\/woffu.midaweb.net\/wp-content\/uploads\/2021\/08\/logo-woffu-dark.svg\",\"width\":161,\"height\":38,\"caption\":\"Woffu\"},\"image\":{\"@id\":\"https:\/\/woffu.midaweb.net\/es\/#\/schema\/logo\/image\/\"},\"sameAs\":[\"https:\/\/x.com\/woffu_app\",\"https:\/\/www.instagram.com\/woffu\/\",\"https:\/\/www.linkedin.com\/company\/woffu\/mycompany\/\"]}]}<\/script>\n<!-- \/ Yoast SEO plugin. -->","yoast_head_json":{"title":"Woffu y su compromiso con la sostenibilidad | Woffu","description":"En Woffu, software de recursos humanos y gesti\u00f3n del tiempo de trabajo, tenemos un fuerte compromiso con la sostenibilidad econ\u00f3mica, social y ambiental","robots":{"index":"noindex","follow":"follow","max-snippet":"max-snippet:-1","max-image-preview":"max-image-preview:large","max-video-preview":"max-video-preview:-1"},"og_locale":"es_ES","og_type":"article","og_title":"Woffu y su compromiso con la sostenibilidad | Woffu","og_description":"En Woffu, software de recursos humanos y gesti\u00f3n del tiempo de trabajo, tenemos un fuerte compromiso con la sostenibilidad econ\u00f3mica, social y ambiental.","og_url":"https:\/\/woffu.midaweb.net\/es\/sostenibilidad\/","og_site_name":"Woffu","article_modified_time":"2025-09-19T12:23:35+00:00","og_image":[{"width":625,"height":332,"url":"https:\/\/woffu.midaweb.net\/wp-content\/uploads\/2025\/07\/woffu-logo-color-marketplace.webp","type":"image\/webp"}],"twitter_card":"summary_large_image","twitter_site":"@woffu_app","twitter_misc":{"Tiempo de lectura":"4 minutos"},"schema":{"@context":"https:\/\/schema.org","@graph":[{"@type":"WebPage","@id":"https:\/\/woffu.midaweb.net\/es\/sostenibilidad\/","url":"https:\/\/woffu.midaweb.net\/es\/sostenibilidad\/","name":"Woffu y su compromiso con la sostenibilidad | Woffu","isPartOf":{"@id":"https:\/\/woffu.midaweb.net\/es\/#website"},"datePublished":"2025-01-16T20:41:16+00:00","dateModified":"2025-09-19T12:23:35+00:00","description":"En Woffu, software de recursos humanos y gesti\u00f3n del tiempo de trabajo, tenemos un fuerte compromiso con la sostenibilidad econ\u00f3mica, social y ambiental","breadcrumb":{"@id":"https:\/\/woffu.midaweb.net\/es\/sostenibilidad\/#breadcrumb"},"inLanguage":"es","potentialAction":[{"@type":"ReadAction","target":["https:\/\/woffu.midaweb.net\/es\/sostenibilidad\/"]}]},{"@type":"BreadcrumbList","@id":"https:\/\/woffu.midaweb.net\/es\/sostenibilidad\/#breadcrumb","itemListElement":[{"@type":"ListItem","position":1,"name":"Portada","item":"https:\/\/woffu.midaweb.net\/es\/"},{"@type":"ListItem","position":2,"name":"Sostenibilidad"}]},{"@type":"WebSite","@id":"https:\/\/woffu.midaweb.net\/es\/#website","url":"https:\/\/woffu.midaweb.net\/es\/","name":"Woffu","description":"Woffu es una plataforma digital que facilita la gesti\u00f3n del tiempo laboral, control horario, vacaciones y ausencias, optimizando procesos de recursos humanos y asegurando el cumplimiento normativo en las empresas.","publisher":{"@id":"https:\/\/woffu.midaweb.net\/es\/#organization"},"alternateName":"Woffu","potentialAction":[{"@type":"SearchAction","target":{"@type":"EntryPoint","urlTemplate":"https:\/\/woffu.midaweb.net\/es\/?s={search_term_string}"},"query-input":{"@type":"PropertyValueSpecification","valueRequired":true,"valueName":"search_term_string"}}],"inLanguage":"es"},{"@type":"Organization","@id":"https:\/\/woffu.midaweb.net\/es\/#organization","name":"Woffu","url":"https:\/\/woffu.midaweb.net\/es\/","logo":{"@type":"ImageObject","inLanguage":"es","@id":"https:\/\/woffu.midaweb.net\/es\/#\/schema\/logo\/image\/","url":"https:\/\/woffu.midaweb.net\/wp-content\/uploads\/2021\/08\/logo-woffu-dark.svg","contentUrl":"https:\/\/woffu.midaweb.net\/wp-content\/uploads\/2021\/08\/logo-woffu-dark.svg","width":161,"height":38,"caption":"Woffu"},"image":{"@id":"https:\/\/woffu.midaweb.net\/es\/#\/schema\/logo\/image\/"},"sameAs":["https:\/\/x.com\/woffu_app","https:\/\/www.instagram.com\/woffu\/","https:\/\/www.linkedin.com\/company\/woffu\/mycompany\/"]}]}},"_links":{"self":[{"href":"https:\/\/woffu.midaweb.net\/es\/wp-json\/wp\/v2\/pages\/10760","targetHints":{"allow":["GET"]}}],"collection":[{"href":"https:\/\/woffu.midaweb.net\/es\/wp-json\/wp\/v2\/pages"}],"about":[{"href":"https:\/\/woffu.midaweb.net\/es\/wp-json\/wp\/v2\/types\/page"}],"author":[{"embeddable":true,"href":"https:\/\/woffu.midaweb.net\/es\/wp-json\/wp\/v2\/users\/1"}],"replies":[{"embeddable":true,"href":"https:\/\/woffu.midaweb.net\/es\/wp-json\/wp\/v2\/comments?post=10760"}],"version-history":[{"count":0,"href":"https:\/\/woffu.midaweb.net\/es\/wp-json\/wp\/v2\/pages\/10760\/revisions"}],"wp:attachment":[{"href":"https:\/\/woffu.midaweb.net\/es\/wp-json\/wp\/v2\/media?parent=10760"}],"curies":[{"name":"wp","href":"https:\/\/api.w.org\/{rel}","templated":true}]}}