{"id":10622,"date":"2025-01-16T21:46:31","date_gmt":"2025-01-16T20:46:31","guid":{"rendered":"https:\/\/woffu.midaweb.net\/?page_id=10622"},"modified":"2025-06-30T14:11:04","modified_gmt":"2025-06-30T12:11:04","slug":"quienes-somos","status":"publish","type":"page","link":"https:\/\/woffu.midaweb.net\/es\/quienes-somos\/","title":{"rendered":"Qui\u00e9nes somos"},"content":{"rendered":"<div class=\"wpb-content-wrapper\"><p>[vc_section el_class=&#8221;features-hero performance-hero ley-horario-hero nosotros-hero&#8221;][vc_row el_class=&#8221;performance-hero-row&#8221;][vc_column el_class=&#8221;performance-hero-caption&#8221; offset=&#8221;vc_col-md-5&#8243;][vc_column_text el_class=&#8221;performance-hero-description&#8221;]<\/p>\n<h1>Conoce Woffu<\/h1>\n<p>Queremos ser la soluci\u00f3n m\u00e1s completa e intuitiva en la gesti\u00f3n de Pol\u00edticas Horarias y con el mejor acompa\u00f1amiento al cliente[\/vc_column_text][vc_btn title=&#8221;Solicita una demo&#8221; css=&#8221;&#8221; link=&#8221;url:https%3A%2F%2Fwoffu.midaweb.net%2Fdemo%2F|title:Solicita%20una%20demo&#8221; el_class=&#8221;btn btn-dark-new&#8221;][\/vc_column][vc_column offset=&#8221;vc_col-md-7&#8243;][vc_single_image image=&#8221;10624&#8243; img_size=&#8221;full&#8221; css=&#8221;&#8221;][\/vc_column][\/vc_row][\/vc_section][vc_section el_class=&#8221;performance-features-section nosotros-features-section&#8221;][vc_row el_class=&#8221;features-row&#8221;][vc_column width=&#8221;1\/2&#8243; el_class=&#8221;features-row-caption&#8221;][vc_column_text css=&#8221;&#8221;]<\/p>\n<h3>Nuestra raz\u00f3n de ser<\/h3>\n<p>Woffu es una plataforma de RR.HH. creada con el prop\u00f3sito de <strong>maximizar la comunicaci\u00f3n y la transparencia entre todos los departamentos<\/strong> de una empresa y mejorar la relaci\u00f3n entre empleado y empleador.<\/p>\n<p>En Woffu queremos <strong>digitalizar eficientemente las Pol\u00edticas Horarias<\/strong> de las organizaciones, adapt\u00e1ndolas a la realidad actual y a los cambios normativos a los que se enfrentan cada departamento de Recursos Humanos.<\/p>\n<p><strong>Siempre orientados a nuestros <a href=\"https:\/\/woffu.midaweb.net\/clientes-woffu\/\">clientes<\/a><\/strong>, ofrecemos un acompa\u00f1amiento humano \u00fanico en el sector con 4 \u00e1reas especializadas en atenci\u00f3n postventa.[\/vc_column_text][\/vc_column][vc_column width=&#8221;1\/2&#8243;][vc_single_image image=&#8221;10628&#8243; img_size=&#8221;full&#8221; alignment=&#8221;right&#8221; css=&#8221;&#8221;][\/vc_column][\/vc_row][vc_row el_class=&#8221;features-row features-row-right&#8221;][vc_column width=&#8221;1\/2&#8243; el_class=&#8221;features-row-caption&#8221;][vc_column_text]<\/p>\n<h3>C\u00f3mo empez\u00f3 todo<\/h3>\n<p>Woffu fue fundado en 2015 por <strong>Miguel Fresneda y V\u00edctor Perez<\/strong> a ra\u00edz de la necesidad de simplificar la compleja gesti\u00f3n de las vacaciones de los empleados.<\/p>\n<p>Desde entonces, siempre nos ha impulsado la misma creencia: que <strong>el tiempo de cada persona es un recurso valioso<\/strong> que merece ser optimizado y cuidado con la mayor atenci\u00f3n.[\/vc_column_text][\/vc_column][vc_column width=&#8221;1\/2&#8243;][vc_single_image image=&#8221;10632&#8243; img_size=&#8221;full&#8221; alignment=&#8221;right&#8221; css=&#8221;&#8221; el_class=&#8221;bg-colors-1&#8243;][\/vc_column][\/vc_row][vc_row el_class=&#8221;features-row&#8221;][vc_column width=&#8221;1\/2&#8243; el_class=&#8221;features-row-caption&#8221;][vc_column_text]<\/p>\n<h3>Nos acompa\u00f1a: Visma<\/h3>\n<p>Desde nuestros inicios Woffu ha crecido de forma bootstrap, sostenible y sin inversi\u00f3n externa, y desde abril del 2022, <strong>formamos parte del grupo Visma<\/strong>, multinacional noruega especializada en software de gesti\u00f3n para empresas con m\u00e1s de 14.000 empleados y 1,2 millones de clientes.<\/p>\n<p>Esta alianza permite a Woffu <strong>expandir nuestros horizontes<\/strong> reforzados con su enorme valor.[\/vc_column_text][\/vc_column][vc_column width=&#8221;1\/2&#8243;][vc_single_image image=&#8221;10636&#8243; img_size=&#8221;full&#8221; alignment=&#8221;right&#8221; css=&#8221;&#8221; el_class=&#8221;bg-colors-1&#8243;][\/vc_column][\/vc_row][vc_row el_class=&#8221;text-center&#8221;][vc_column][vc_btn title=&#8221;Solicita una demo&#8221; css=&#8221;&#8221; link=&#8221;url:https%3A%2F%2Fwoffu.midaweb.net%2Fdemo%2F|title:Solicita%20una%20demo&#8221; el_class=&#8221;btn btn-dark-new small&#8221;][\/vc_column][\/vc_row][\/vc_section][vc_section el_class=&#8221;nosotros-articulos-section&#8221;][vc_row][vc_column el_class=&#8221;features-section-caption&#8221;][vc_column_text]<\/p>\n<h2>Woffu en los medios<\/h2>\n<p>[\/vc_column_text][\/vc_column][\/vc_row][vc_row el_class=&#8221;nosotros-articulos-row&#8221;][vc_column width=&#8221;1\/4&#8243; el_class=&#8221;nosotros-articulo color-1&#8243;][vc_single_image image=&#8221;10644&#8243; img_size=&#8221;full&#8221; css=&#8221;&#8221;][vc_column_text]Visma refuerza su presencia en Espa\u00f1a con la adquisici\u00f3n de Woffu.[\/vc_column_text][vc_btn title=&#8221;leer art\u00edculo&#8221; link=&#8221;url:https%3A%2F%2Fwww.europapress.es%2Feconomia%2Fnoticia-tecnologica-noruega-visma-compra-catalana-woffu-segunda-adquisicion-espana-semana-20220426111100.html|title:leer%20art%C3%ADculo|target:_blank&#8221; el_class=&#8221;btn btn-dark-new&#8221;][\/vc_column][vc_column width=&#8221;1\/4&#8243; el_class=&#8221;nosotros-articulo color-2&#8243;][vc_single_image image=&#8221;10648&#8243; img_size=&#8221;full&#8221; css=&#8221;&#8221;][vc_column_text]Woffu ha firmado acuerdos con m\u00e1s de 25 socios como Sage, Ricoh, Securitas, Lefebvre y el grupo Serhs.[\/vc_column_text][vc_btn title=&#8221;leer art\u00edculo&#8221; link=&#8221;url:https%3A%2F%2Fwww.lavanguardia.com%2Fvida%2F20200102%2F472670230819%2Fwoffu-supera-los-dos-millones-de-euros-de-facturacion-en-2019-tres-veces-mas.html|title:leer%20art%C3%ADculo|target:_blank&#8221; el_class=&#8221;btn btn-dark-new&#8221;][\/vc_column][vc_column width=&#8221;1\/4&#8243; el_class=&#8221;nosotros-articulo color-3&#8243;][vc_single_image image=&#8221;10640&#8243; img_size=&#8221;full&#8221; css=&#8221;&#8221;][vc_column_text]Ahorro de hasta 80% del tiempo para los departamentos de Recursos Humanos con Woffu.[\/vc_column_text][vc_btn title=&#8221;leer art\u00edculo&#8221; link=&#8221;url:https%3A%2F%2Felpais.com%2Feconomia%2F2018%2F09%2F19%2Factualidad%2F1537372880_043263.html|title:leer%20art%C3%ADculo|target:_blank&#8221; el_class=&#8221;btn btn-dark-new&#8221;][\/vc_column][vc_column width=&#8221;1\/4&#8243; el_class=&#8221;nosotros-articulo color-4&#8243;][vc_single_image image=&#8221;10652&#8243; img_size=&#8221;full&#8221; css=&#8221;&#8221;][vc_column_text]Woffu crece por encima del 300% con respecto al a\u00f1o pasado.[\/vc_column_text][vc_btn title=&#8221;leer art\u00edculo&#8221; link=&#8221;url:https%3A%2F%2Fwww.rrhhdigital.com%2Fsecciones%2Fempresa%2F138307%2FWoffu-crece-por-encima-del-300-con-respecto-al-ano-pasado%2F|title:leer%20art%C3%ADculo|target:_blank&#8221; el_class=&#8221;btn btn-dark-new&#8221;][\/vc_column][\/vc_row][\/vc_section][vc_section el_class=&#8221;nosotros-valores&#8221;][vc_row][vc_column el_class=&#8221;features-section-caption&#8221;][vc_column_text]<\/p>\n<h2>Lo que nos representa<\/h2>\n<p>[\/vc_column_text][\/vc_column][\/vc_row][vc_row][vc_column][vc_tta_tabs style=&#8221;flat&#8221; shape=&#8221;square&#8221; color=&#8221;white&#8221; alignment=&#8221;center&#8221; active_section=&#8221;1&#8243; no_fill_content_area=&#8221;true&#8221; el_class=&#8221;performance-tabs&#8221; el_id=&#8221;nosotros-tabs&#8221;][vc_tta_section title=&#8221;Flexibilidad&#8221; tab_id=&#8221;flexibilidad&#8221;][vc_row_inner el_class=&#8221;performance-tabs-row&#8221;][vc_column_inner el_class=&#8221;features-row-caption&#8221; offset=&#8221;vc_col-md-6&#8243;][vc_column_text el_class=&#8221;description&#8221;]<\/p>\n<h3>Flexibilidad<\/h3>\n<p>Lideramos y abrazamos el cambio, buscando nuevas y mejores formas de adaptarnos a las necesidades cambiantes en una realidad l\u00edquida. Aprovechamos las oportunidades para proporcionar continuamente a nuestros clientes y a la sociedad ventajas competitivas.[\/vc_column_text][\/vc_column_inner][vc_column_inner offset=&#8221;vc_col-md-6&#8243;][vc_single_image image=&#8221;10656&#8243; img_size=&#8221;full&#8221; alignment=&#8221;right&#8221; css=&#8221;&#8221;][\/vc_column_inner][\/vc_row_inner][\/vc_tta_section][vc_tta_section title=&#8221;Ambici\u00f3n&#8221; tab_id=&#8221;ambicion&#8221;][vc_row_inner el_class=&#8221;performance-tabs-row&#8221;][vc_column_inner el_class=&#8221;features-row-caption&#8221; offset=&#8221;vc_col-md-6&#8243;][vc_column_text]<\/p>\n<h3>Ambici\u00f3n<\/h3>\n<p>Nunca nos conformamos, constantemente elevamos los est\u00e1ndares y nos esforzamos por ser lo mejor de nosotros mismos. Desafiamos nuestras ideas de lo que es posible para satisfacer mejor las necesidades de nuestros clientes y colegas.[\/vc_column_text][\/vc_column_inner][vc_column_inner offset=&#8221;vc_col-md-6&#8243;][vc_single_image image=&#8221;10660&#8243; img_size=&#8221;full&#8221; alignment=&#8221;right&#8221; css=&#8221;&#8221;][\/vc_column_inner][\/vc_row_inner][\/vc_tta_section][vc_tta_section title=&#8221;M\u00e9todo&#8221; tab_id=&#8221;metodo&#8221;][vc_row_inner el_class=&#8221;performance-tabs-row&#8221;][vc_column_inner el_class=&#8221;features-row-caption&#8221; offset=&#8221;vc_col-md-6&#8243;][vc_column_text]<\/p>\n<h3>M\u00e9todo<\/h3>\n<p>Nos esforzamos por establecer el m\u00e1s alto est\u00e1ndar de calidad en todo lo que hacemos. Definimos metodolog\u00edas de trabajo escalables y din\u00e1micas que nos gu\u00edan para alinearnos y crecer como equipo.[\/vc_column_text][\/vc_column_inner][vc_column_inner offset=&#8221;vc_col-md-6&#8243;][vc_single_image image=&#8221;10664&#8243; img_size=&#8221;full&#8221; alignment=&#8221;right&#8221; css=&#8221;&#8221;][\/vc_column_inner][\/vc_row_inner][\/vc_tta_section][vc_tta_section title=&#8221;Integridad&#8221; tab_id=&#8221;integridad&#8221;][vc_row_inner el_class=&#8221;performance-tabs-row&#8221;][vc_column_inner el_class=&#8221;features-row-caption&#8221; offset=&#8221;vc_col-md-6&#8243;][vc_column_text]<\/p>\n<h3>Integridad<\/h3>\n<p>Somos honestos, transparentes y comprometidos a hacer lo que es mejor para nosotros mismos, nuestros clientes y nuestra sociedad. Celebramos y abrazamos nuestra diversidad, buscando formas para que todos pertenezcan.[\/vc_column_text][\/vc_column_inner][vc_column_inner offset=&#8221;vc_col-md-6&#8243;][vc_single_image image=&#8221;10668&#8243; img_size=&#8221;full&#8221; alignment=&#8221;right&#8221; css=&#8221;&#8221;][\/vc_column_inner][\/vc_row_inner][\/vc_tta_section][vc_tta_section title=&#8221;Liderazgo&#8221; tab_id=&#8221;liderazgo&#8221;][vc_row_inner el_class=&#8221;performance-tabs-row&#8221;][vc_column_inner el_class=&#8221;features-row-caption&#8221; offset=&#8221;vc_col-md-6&#8243;][vc_column_text]<\/p>\n<h3>Liderazgo<\/h3>\n<p>Somos due\u00f1os de nuestro destino, lideramos el camino y predicamos con el ejemplo. Establecemos nuestros objetivos ambiciosos y perseguimos su cumplimiento de manera intencionada.[\/vc_column_text][\/vc_column_inner][vc_column_inner offset=&#8221;vc_col-md-6&#8243;][vc_single_image image=&#8221;10672&#8243; img_size=&#8221;full&#8221; alignment=&#8221;right&#8221; css=&#8221;&#8221;][\/vc_column_inner][\/vc_row_inner][\/vc_tta_section][vc_tta_section title=&#8221;Innovaci\u00f3n&#8221; tab_id=&#8221;innovacion&#8221;][vc_row_inner el_class=&#8221;performance-tabs-row&#8221;][vc_column_inner el_class=&#8221;features-row-caption&#8221; offset=&#8221;vc_col-md-6&#8243;][vc_column_text]<\/p>\n<h3>Innovaci\u00f3n<\/h3>\n<p>Nuestra pasi\u00f3n por nuestra misi\u00f3n nos da el coraje de ir m\u00e1s all\u00e1 de nuestra zona de confort para probar ideas innovadoras y poco convencionales, siempre atrevi\u00e9ndonos a adaptarnos a la nueva realidad de las pol\u00edticas de gesti\u00f3n del tiempo.[\/vc_column_text][\/vc_column_inner][vc_column_inner offset=&#8221;vc_col-md-6&#8243;][vc_single_image image=&#8221;10676&#8243; img_size=&#8221;full&#8221; alignment=&#8221;right&#8221; css=&#8221;&#8221;][\/vc_column_inner][\/vc_row_inner][\/vc_tta_section][vc_tta_section title=&#8221;Agilidad&#8221; tab_id=&#8221;agilidad&#8221;][vc_row_inner el_class=&#8221;performance-tabs-row&#8221;][vc_column_inner el_class=&#8221;features-row-caption&#8221; offset=&#8221;vc_col-md-6&#8243;][vc_column_text]<\/p>\n<h3>Agilidad<\/h3>\n<p>Nos movemos r\u00e1pido, tomamos riesgos inteligentes, luchamos, fallamos, aprendemos r\u00e1pidamente y lo intentamos de nuevo. Los primeros antes que los mejores. Trabajamos continuamente para aumentar la velocidad en nuestros procesos y entregar a nuestro cliente.[\/vc_column_text][\/vc_column_inner][vc_column_inner offset=&#8221;vc_col-md-6&#8243;][vc_single_image image=&#8221;10680&#8243; img_size=&#8221;full&#8221; alignment=&#8221;right&#8221; css=&#8221;&#8221;][\/vc_column_inner][\/vc_row_inner][\/vc_tta_section][\/vc_tta_tabs][\/vc_column][\/vc_row][\/vc_section][vc_section el_class=&#8221;nosotros-galeria-section&#8221;][vc_row el_class=&#8221;nosotros-galeria-row&#8221;][vc_column width=&#8221;1\/3&#8243; offset=&#8221;vc_col-md-3 vc_col-xs-6&#8243;][vc_single_image image=&#8221;10684&#8243; img_size=&#8221;full&#8221; css=&#8221;&#8221;][\/vc_column][vc_column width=&#8221;1\/3&#8243; offset=&#8221;vc_col-md-3 vc_col-xs-6&#8243;][vc_single_image image=&#8221;10688&#8243; img_size=&#8221;full&#8221; css=&#8221;&#8221;][\/vc_column][vc_column width=&#8221;1\/3&#8243; offset=&#8221;vc_col-md-3 vc_col-xs-6&#8243;][vc_single_image image=&#8221;10692&#8243; img_size=&#8221;full&#8221; css=&#8221;&#8221;][\/vc_column][vc_column width=&#8221;1\/3&#8243; offset=&#8221;vc_col-md-3 vc_col-xs-6&#8243;][vc_single_image image=&#8221;10696&#8243; img_size=&#8221;full&#8221; css=&#8221;&#8221;][\/vc_column][vc_column width=&#8221;1\/3&#8243; offset=&#8221;vc_col-md-3 vc_col-xs-6&#8243;][vc_single_image image=&#8221;10700&#8243; img_size=&#8221;full&#8221; css=&#8221;&#8221;][\/vc_column][vc_column width=&#8221;1\/3&#8243; offset=&#8221;vc_col-md-3 vc_col-xs-6&#8243;][vc_single_image image=&#8221;10704&#8243; img_size=&#8221;full&#8221; css=&#8221;&#8221;][\/vc_column][vc_column width=&#8221;1\/3&#8243; offset=&#8221;vc_col-md-3 vc_col-xs-6&#8243;][vc_single_image image=&#8221;10708&#8243; img_size=&#8221;full&#8221; css=&#8221;&#8221;][\/vc_column][vc_column width=&#8221;1\/3&#8243; offset=&#8221;vc_col-md-3 vc_col-xs-6&#8243;][vc_single_image image=&#8221;10712&#8243; img_size=&#8221;full&#8221; css=&#8221;&#8221;][\/vc_column][\/vc_row][vc_row el_class=&#8221;nosotros-galeria-button&#8221;][vc_column][vc_btn title=&#8221;\u00danete al equipo&#8221; link=&#8221;url:https%3A%2F%2Fjobs.woffu.com%2F|title:%C3%9Anete%20al%20equipo|target:_blank&#8221; el_class=&#8221;btn btn-dark-new small&#8221;][\/vc_column][\/vc_row][\/vc_section][vc_section el_class=&#8221;nosotros-numbers-section&#8221;][vc_row][vc_column]<div  class=\"wpb_content_element numbers-block-new\">\n      <div class=\"widget our_numbers_widget\">\n        <h2 class=\"widgettitle\">Nuestros n\u00fameros<\/h2>\n\n\n        <div class=\"row row-counter\">\n\n          <div class=\"col-sm-4 col-4\">\n\n            <div class=\"img\"><img decoding=\"async\" src=\"https:\/\/woffu.midaweb.net\/wp-content\/uploads\/2020\/01\/counter-1.png\" alt=\"\" \/><\/div>\n\n            <h3>+3.000<\/h3>\n\n            <p>Clientes conf\u00edan en Woffu<\/p>\n\n          <\/div>\n\n          <div class=\"col-sm-4 col-4\">\n\n            <div class=\"img\"><img decoding=\"async\" src=\"https:\/\/woffu.midaweb.net\/wp-content\/uploads\/2024\/08\/icon-emoticon.svg\" alt=\"\" \/><\/div>\n\n            <h3>300.000<\/h3>\n\n            <p>Usuarios activos<\/p>\n\n          <\/div>\n\n          <div class=\"col-sm-4 col-4\">\n\n            <div class=\"img\"><img decoding=\"async\" src=\"https:\/\/woffu.midaweb.net\/wp-content\/uploads\/2024\/08\/icon-phone.svg\" alt=\"\" \/><\/div>\n\n            <h3>235.000<\/h3>\n\n            <p>Descargas de nuestra App<\/p>\n\n          <\/div>\n\n        <\/div>\n\n\n\n        <div class=\"banner\"><span>Woffu en el \u00faltimo a\u00f1o<\/span><\/div>\n\n        \n\n        <div class=\"row row-counter bottom\">\n\n          <div class=\"col-sm-4 col-4\">\n\n            <div class=\"img\"><img decoding=\"async\" src=\"https:\/\/woffu.midaweb.net\/wp-content\/uploads\/2020\/01\/counter-4.png\" alt=\"\" \/><\/div>\n\n            <h3>2.927.785<\/h3>\n\n            <p>Solicitudes<\/p>\n\n          <\/div>\n\n          <div class=\"col-sm-4 col-4\">\n\n            <div class=\"img\"><img decoding=\"async\" src=\"https:\/\/woffu.midaweb.net\/wp-content\/uploads\/2020\/01\/counter-5.png\" alt=\"\" \/><\/div>\n\n            <h3>2.610.923<\/h3>\n\n            <p>D\u00edas de vacaciones disfrutados<\/p>\n\n          <\/div>\n\n          <div class=\"col-sm-4 col-4\">\n\n            <div class=\"img\"><img decoding=\"async\" src=\"https:\/\/woffu.midaweb.net\/wp-content\/uploads\/2020\/01\/counter-6.png\" alt=\"\" \/><\/div>\n\n            <h3>63.253.731<\/h3>\n\n            <p>Entradas y salidas<\/p>\n\n          <\/div>\n\n        <\/div>\n\n\n\n      <\/div>\n      <\/div>[vc_btn title=&#8221;Solicita una demo&#8221; css=&#8221;&#8221; link=&#8221;url:https%3A%2F%2Fwoffu.midaweb.net%2Fdemo%2F|title:Solicita%20una%20demo%20personalizada&#8221; el_class=&#8221;btn btn-dark-new small&#8221;][\/vc_column][\/vc_row][\/vc_section]<\/p>\n<\/div>","protected":false},"excerpt":{"rendered":"<p>[vc_section el_class=&#8221;features-hero performance-hero ley-horario-hero nosotros-hero&#8221;][vc_row el_class=&#8221;performance-hero-row&#8221;][vc_column el_class=&#8221;performance-hero-caption&#8221; offset=&#8221;vc_col-md-5&#8243;][vc_column_text el_class=&#8221;performance-hero-description&#8221;] Conoce Woffu Queremos ser la soluci\u00f3n m\u00e1s completa e intuitiva en [&hellip;]<\/p>\n","protected":false},"author":1,"featured_media":0,"parent":0,"menu_order":0,"comment_status":"closed","ping_status":"closed","template":"page-new.php","meta":{"_acf_changed":false,"inline_featured_image":false,"footnotes":""},"class_list":["post-10622","page","type-page","status-publish","hentry"],"acf":[],"yoast_head":"<!-- This site is optimized with the Yoast SEO plugin v26.5 - https:\/\/yoast.com\/wordpress\/plugins\/seo\/ -->\n<title>Conoce Woffu | Woffu<\/title>\n<meta name=\"description\" content=\"Conoce a Woffu, tu software de recursos humanos para empresas. Simplificamos el control horario y la gesti\u00f3n del tiempo de trabajo de tus trabajadores\" \/>\n<meta name=\"robots\" content=\"noindex, follow, max-snippet:-1, max-image-preview:large, max-video-preview:-1\" \/>\n<meta property=\"og:locale\" content=\"es_ES\" \/>\n<meta property=\"og:type\" content=\"article\" \/>\n<meta property=\"og:title\" content=\"Conoce Woffu | Woffu\" \/>\n<meta property=\"og:description\" content=\"Conoce a Woffu, tu software de recursos humanos para empresas. Simplificamos el control horario y la gesti\u00f3n del tiempo de trabajo de tus trabajadores\" \/>\n<meta property=\"og:url\" content=\"https:\/\/woffu.midaweb.net\/es\/quienes-somos\/\" \/>\n<meta property=\"og:site_name\" content=\"Woffu\" \/>\n<meta property=\"article:modified_time\" content=\"2025-06-30T12:11:04+00:00\" \/>\n<meta property=\"og:image\" content=\"https:\/\/woffu.midaweb.net\/wp-content\/uploads\/2025\/07\/woffu-logo-color-marketplace.webp\" \/>\n\t<meta property=\"og:image:width\" content=\"625\" \/>\n\t<meta property=\"og:image:height\" content=\"332\" \/>\n\t<meta property=\"og:image:type\" content=\"image\/webp\" \/>\n<meta name=\"twitter:card\" content=\"summary_large_image\" \/>\n<meta name=\"twitter:site\" content=\"@woffu_app\" \/>\n<meta name=\"twitter:label1\" content=\"Tiempo de lectura\" \/>\n\t<meta name=\"twitter:data1\" content=\"4 minutos\" \/>\n<script type=\"application\/ld+json\" class=\"yoast-schema-graph\">{\"@context\":\"https:\/\/schema.org\",\"@graph\":[{\"@type\":\"WebPage\",\"@id\":\"https:\/\/woffu.midaweb.net\/es\/quienes-somos\/\",\"url\":\"https:\/\/woffu.midaweb.net\/es\/quienes-somos\/\",\"name\":\"Conoce Woffu | Woffu\",\"isPartOf\":{\"@id\":\"https:\/\/woffu.midaweb.net\/es\/#website\"},\"datePublished\":\"2025-01-16T20:46:31+00:00\",\"dateModified\":\"2025-06-30T12:11:04+00:00\",\"description\":\"Conoce a Woffu, tu software de recursos humanos para empresas. Simplificamos el control horario y la gesti\u00f3n del tiempo de trabajo de tus trabajadores\",\"breadcrumb\":{\"@id\":\"https:\/\/woffu.midaweb.net\/es\/quienes-somos\/#breadcrumb\"},\"inLanguage\":\"es\",\"potentialAction\":[{\"@type\":\"ReadAction\",\"target\":[\"https:\/\/woffu.midaweb.net\/es\/quienes-somos\/\"]}]},{\"@type\":\"BreadcrumbList\",\"@id\":\"https:\/\/woffu.midaweb.net\/es\/quienes-somos\/#breadcrumb\",\"itemListElement\":[{\"@type\":\"ListItem\",\"position\":1,\"name\":\"Portada\",\"item\":\"https:\/\/woffu.midaweb.net\/es\/\"},{\"@type\":\"ListItem\",\"position\":2,\"name\":\"Qui\u00e9nes somos\"}]},{\"@type\":\"WebSite\",\"@id\":\"https:\/\/woffu.midaweb.net\/es\/#website\",\"url\":\"https:\/\/woffu.midaweb.net\/es\/\",\"name\":\"Woffu\",\"description\":\"Woffu es una plataforma digital que facilita la gesti\u00f3n del tiempo laboral, control horario, vacaciones y ausencias, optimizando procesos de recursos humanos y asegurando el cumplimiento normativo en las empresas.\",\"publisher\":{\"@id\":\"https:\/\/woffu.midaweb.net\/es\/#organization\"},\"alternateName\":\"Woffu\",\"potentialAction\":[{\"@type\":\"SearchAction\",\"target\":{\"@type\":\"EntryPoint\",\"urlTemplate\":\"https:\/\/woffu.midaweb.net\/es\/?s={search_term_string}\"},\"query-input\":{\"@type\":\"PropertyValueSpecification\",\"valueRequired\":true,\"valueName\":\"search_term_string\"}}],\"inLanguage\":\"es\"},{\"@type\":\"Organization\",\"@id\":\"https:\/\/woffu.midaweb.net\/es\/#organization\",\"name\":\"Woffu\",\"url\":\"https:\/\/woffu.midaweb.net\/es\/\",\"logo\":{\"@type\":\"ImageObject\",\"inLanguage\":\"es\",\"@id\":\"https:\/\/woffu.midaweb.net\/es\/#\/schema\/logo\/image\/\",\"url\":\"https:\/\/woffu.midaweb.net\/wp-content\/uploads\/2021\/08\/logo-woffu-dark.svg\",\"contentUrl\":\"https:\/\/woffu.midaweb.net\/wp-content\/uploads\/2021\/08\/logo-woffu-dark.svg\",\"width\":161,\"height\":38,\"caption\":\"Woffu\"},\"image\":{\"@id\":\"https:\/\/woffu.midaweb.net\/es\/#\/schema\/logo\/image\/\"},\"sameAs\":[\"https:\/\/x.com\/woffu_app\",\"https:\/\/www.instagram.com\/woffu\/\",\"https:\/\/www.linkedin.com\/company\/woffu\/mycompany\/\"]}]}<\/script>\n<!-- \/ Yoast SEO plugin. -->","yoast_head_json":{"title":"Conoce Woffu | Woffu","description":"Conoce a Woffu, tu software de recursos humanos para empresas. Simplificamos el control horario y la gesti\u00f3n del tiempo de trabajo de tus trabajadores","robots":{"index":"noindex","follow":"follow","max-snippet":"max-snippet:-1","max-image-preview":"max-image-preview:large","max-video-preview":"max-video-preview:-1"},"og_locale":"es_ES","og_type":"article","og_title":"Conoce Woffu | Woffu","og_description":"Conoce a Woffu, tu software de recursos humanos para empresas. Simplificamos el control horario y la gesti\u00f3n del tiempo de trabajo de tus trabajadores","og_url":"https:\/\/woffu.midaweb.net\/es\/quienes-somos\/","og_site_name":"Woffu","article_modified_time":"2025-06-30T12:11:04+00:00","og_image":[{"width":625,"height":332,"url":"https:\/\/woffu.midaweb.net\/wp-content\/uploads\/2025\/07\/woffu-logo-color-marketplace.webp","type":"image\/webp"}],"twitter_card":"summary_large_image","twitter_site":"@woffu_app","twitter_misc":{"Tiempo de lectura":"4 minutos"},"schema":{"@context":"https:\/\/schema.org","@graph":[{"@type":"WebPage","@id":"https:\/\/woffu.midaweb.net\/es\/quienes-somos\/","url":"https:\/\/woffu.midaweb.net\/es\/quienes-somos\/","name":"Conoce Woffu | Woffu","isPartOf":{"@id":"https:\/\/woffu.midaweb.net\/es\/#website"},"datePublished":"2025-01-16T20:46:31+00:00","dateModified":"2025-06-30T12:11:04+00:00","description":"Conoce a Woffu, tu software de recursos humanos para empresas. Simplificamos el control horario y la gesti\u00f3n del tiempo de trabajo de tus trabajadores","breadcrumb":{"@id":"https:\/\/woffu.midaweb.net\/es\/quienes-somos\/#breadcrumb"},"inLanguage":"es","potentialAction":[{"@type":"ReadAction","target":["https:\/\/woffu.midaweb.net\/es\/quienes-somos\/"]}]},{"@type":"BreadcrumbList","@id":"https:\/\/woffu.midaweb.net\/es\/quienes-somos\/#breadcrumb","itemListElement":[{"@type":"ListItem","position":1,"name":"Portada","item":"https:\/\/woffu.midaweb.net\/es\/"},{"@type":"ListItem","position":2,"name":"Qui\u00e9nes somos"}]},{"@type":"WebSite","@id":"https:\/\/woffu.midaweb.net\/es\/#website","url":"https:\/\/woffu.midaweb.net\/es\/","name":"Woffu","description":"Woffu es una plataforma digital que facilita la gesti\u00f3n del tiempo laboral, control horario, vacaciones y ausencias, optimizando procesos de recursos humanos y asegurando el cumplimiento normativo en las empresas.","publisher":{"@id":"https:\/\/woffu.midaweb.net\/es\/#organization"},"alternateName":"Woffu","potentialAction":[{"@type":"SearchAction","target":{"@type":"EntryPoint","urlTemplate":"https:\/\/woffu.midaweb.net\/es\/?s={search_term_string}"},"query-input":{"@type":"PropertyValueSpecification","valueRequired":true,"valueName":"search_term_string"}}],"inLanguage":"es"},{"@type":"Organization","@id":"https:\/\/woffu.midaweb.net\/es\/#organization","name":"Woffu","url":"https:\/\/woffu.midaweb.net\/es\/","logo":{"@type":"ImageObject","inLanguage":"es","@id":"https:\/\/woffu.midaweb.net\/es\/#\/schema\/logo\/image\/","url":"https:\/\/woffu.midaweb.net\/wp-content\/uploads\/2021\/08\/logo-woffu-dark.svg","contentUrl":"https:\/\/woffu.midaweb.net\/wp-content\/uploads\/2021\/08\/logo-woffu-dark.svg","width":161,"height":38,"caption":"Woffu"},"image":{"@id":"https:\/\/woffu.midaweb.net\/es\/#\/schema\/logo\/image\/"},"sameAs":["https:\/\/x.com\/woffu_app","https:\/\/www.instagram.com\/woffu\/","https:\/\/www.linkedin.com\/company\/woffu\/mycompany\/"]}]}},"_links":{"self":[{"href":"https:\/\/woffu.midaweb.net\/es\/wp-json\/wp\/v2\/pages\/10622","targetHints":{"allow":["GET"]}}],"collection":[{"href":"https:\/\/woffu.midaweb.net\/es\/wp-json\/wp\/v2\/pages"}],"about":[{"href":"https:\/\/woffu.midaweb.net\/es\/wp-json\/wp\/v2\/types\/page"}],"author":[{"embeddable":true,"href":"https:\/\/woffu.midaweb.net\/es\/wp-json\/wp\/v2\/users\/1"}],"replies":[{"embeddable":true,"href":"https:\/\/woffu.midaweb.net\/es\/wp-json\/wp\/v2\/comments?post=10622"}],"version-history":[{"count":0,"href":"https:\/\/woffu.midaweb.net\/es\/wp-json\/wp\/v2\/pages\/10622\/revisions"}],"wp:attachment":[{"href":"https:\/\/woffu.midaweb.net\/es\/wp-json\/wp\/v2\/media?parent=10622"}],"curies":[{"name":"wp","href":"https:\/\/api.w.org\/{rel}","templated":true}]}}