{"id":10284,"date":"2024-11-18T00:28:36","date_gmt":"2024-11-17T23:28:36","guid":{"rendered":"https:\/\/woffu.midaweb.net\/?page_id=10284"},"modified":"2025-11-02T23:51:52","modified_gmt":"2025-11-02T22:51:52","slug":"partners","status":"publish","type":"page","link":"https:\/\/woffu.midaweb.net\/es\/partners\/","title":{"rendered":"Partners"},"content":{"rendered":"<div class=\"wpb-content-wrapper\"><p>[vc_section el_class=&#8221;features-hero partners-hero&#8221;][vc_row][vc_column][vc_column_text el_class=&#8221;features-hero-caption large&#8221;]<\/p>\n<h1>Forma parte de la red de Partners de Woffu<\/h1>\n<p>Expande tu oferta, fideliza a tus clientes y haz crecer tu negocio con los especialistas en control horario.[\/vc_column_text][vc_btn title=&#8221;\u00danete al programa de partners de Woffu&#8221; link=&#8221;url:%23partners-form|title:%C3%9Anete&#8221; el_class=&#8221;btn btn-dark-new&#8221;][vc_single_image image=&#8221;10285&#8243; img_size=&#8221;full&#8221; css=&#8221;&#8221;][\/vc_column][\/vc_row][\/vc_section][vc_section el_class=&#8221;features-logos&#8221;][vc_row][vc_column][vc_column_text el_class=&#8221;features-logos-caption&#8221;]\u00danete a nuestra comunidad[\/vc_column_text]<div class=\"imagelist-container  features-logos-imagelist partners-logos-imagelist\" id=\"\">\r\n                    <ul class=\"imagelist\">\r\n                      <li><img decoding=\"async\" width=\"85\" height=\"48\" src=\"https:\/\/woffu.midaweb.net\/wp-content\/uploads\/2023\/09\/logo-sage-1.svg\" class=\"attachment-full\" alt=\"\" title=\"logo-sage-1\" \/><\/li><li><img decoding=\"async\" width=\"89\" height=\"48\" src=\"https:\/\/woffu.midaweb.net\/wp-content\/uploads\/2022\/12\/logo-securitas.svg\" class=\"attachment-full\" alt=\"Logo de Securitas, partner de Woffu\" title=\"Logo de Securitas, partner de Woffu\" \/><\/li><li><img decoding=\"async\" width=\"150\" height=\"39\" src=\"https:\/\/woffu.midaweb.net\/wp-content\/uploads\/2022\/12\/logo-lefebvre.svg\" class=\"attachment-full\" alt=\"Logo de Lefebvre, partner de Woffu\" title=\"Logo de Lefebvre, partner de Woffu\" \/><\/li><li><img decoding=\"async\" width=\"102\" height=\"20\" src=\"https:\/\/woffu.midaweb.net\/wp-content\/uploads\/2022\/12\/logo-ricoh.svg\" class=\"attachment-full\" alt=\"Logo de Ricoh, partner de Woffu\" title=\"Logo de Ricoh, partner de Woffu\" \/><\/li><li><img decoding=\"async\" width=\"120\" height=\"55\" src=\"https:\/\/woffu.midaweb.net\/wp-content\/uploads\/2023\/04\/logo-grupo-castilla.svg\" class=\"attachment-full\" alt=\"Logo de Grupo Castilla, partner de Woffu\" title=\"Logo de Grupo Castilla, partner de Woffu\" \/><\/li><li><img decoding=\"async\" width=\"82\" height=\"32\" src=\"https:\/\/woffu.midaweb.net\/wp-content\/uploads\/2025\/11\/logo-BDO.svg\" class=\"attachment-full\" alt=\"\" title=\"logo-BDO\" \/><\/li><li><img decoding=\"async\" width=\"115\" height=\"39\" src=\"https:\/\/woffu.midaweb.net\/wp-content\/uploads\/2024\/11\/logo-cuviv.svg\" class=\"attachment-full\" alt=\"\" title=\"logo-cuviv\" \/><\/li><li><img decoding=\"async\" width=\"157\" height=\"35\" src=\"https:\/\/woffu.midaweb.net\/wp-content\/uploads\/2024\/11\/logo-teamtailor.svg\" class=\"attachment-full\" alt=\"\" title=\"logo-teamtailor\" \/><\/li><li><img decoding=\"async\" width=\"133\" height=\"37\" src=\"https:\/\/woffu.midaweb.net\/wp-content\/uploads\/2024\/12\/Hrider.svg\" class=\"attachment-full\" alt=\"\" title=\"Hrider\" \/><\/li>\r\n                    <\/ul>\r\n                <\/div>[\/vc_column][\/vc_row][\/vc_section][vc_section el_class=&#8221;partners-team-section&#8221;][vc_row][vc_column el_class=&#8221;features-section-caption&#8221;][vc_column_text css=&#8221;&#8221;]<\/p>\n<h2>Descubre nuestro ecosistema de Partners<\/h2>\n<p>Tres formas de colaborar. Una sola meta: generar valor juntos. Elige el tipo de colaboraci\u00f3n que mejor encaje con tu negocio.[\/vc_column_text][\/vc_column][\/vc_row][vc_row][vc_column][vc_tta_tabs style=&#8221;flat&#8221; shape=&#8221;square&#8221; color=&#8221;white&#8221; alignment=&#8221;center&#8221; active_section=&#8221;1&#8243; no_fill_content_area=&#8221;true&#8221; el_class=&#8221;performance-tabs partners-tabs&#8221;][vc_tta_section title=&#8221;Solution Partner&#8221; tab_id=&#8221;SolutionPartner&#8221;][vc_row_inner el_class=&#8221;partners-tab-row&#8221;][vc_column_inner width=&#8221;1\/3&#8243;][vc_column_text css=&#8221;&#8221; el_class=&#8221;description&#8221;]<\/p>\n<h3>Solution Partner<\/h3>\n<p>Especial para quienes quieren vender y tambi\u00e9n ofrecer servicios de configuraci\u00f3n inicial, especialmente en pymes.[\/vc_column_text][vc_btn title=&#8221;Hazte partner&#8221; css=&#8221;&#8221; link=&#8221;url:%23partners-form&#8221; el_class=&#8221;btn btn-dark-new small&#8221;][\/vc_column_inner][vc_column_inner el_class=&#8221;caption-container&#8221; width=&#8221;2\/3&#8243; css=&#8221;.vc_custom_1753792223553{background-image: url(https:\/\/woffu.midaweb.net\/wp-content\/uploads\/2025\/07\/partners-1-solution.png?id=11566) !important;background-position: 0 0 !important;background-repeat: no-repeat !important;}&#8221;][vc_column_text css=&#8221;&#8221; el_class=&#8221;caption&#8221;]<\/p>\n<ul>\n<li>Se encarga de todo el ciclo: recomendaci\u00f3n, venta y puesta en marcha.<\/li>\n<li>Puede integrar Woffu en el porfolio o paquete de soluciones propio.<\/li>\n<li>Recibe ingresos recurrentes por cada nuevo cliente y facturas por servicios de implementaci\u00f3n.<\/li>\n<\/ul>\n<p>[\/vc_column_text][\/vc_column_inner][\/vc_row_inner][\/vc_tta_section][vc_tta_section title=&#8221;Prescriptor&#8221; tab_id=&#8221;Prescriptor&#8221;][vc_row_inner el_class=&#8221;partners-tab-row&#8221;][vc_column_inner width=&#8221;1\/3&#8243;][vc_column_text css=&#8221;&#8221; el_class=&#8221;description&#8221;]<\/p>\n<h3>Prescriptor<\/h3>\n<p>Pensado para consultores, asesores o comerciales independientes que recomiendan soluciones tecnol\u00f3gicas. T\u00fa recomiendas, nosotros ejecutamos.[\/vc_column_text][vc_btn title=&#8221;Hazte partner&#8221; css=&#8221;&#8221; link=&#8221;url:%23partners-form&#8221; el_class=&#8221;btn btn-dark-new small&#8221;][\/vc_column_inner][vc_column_inner el_class=&#8221;caption-container&#8221; width=&#8221;2\/3&#8243; css=&#8221;.vc_custom_1753792312860{background-image: url(https:\/\/woffu.midaweb.net\/wp-content\/uploads\/2025\/07\/partners-2-prescriptor.png?id=11570) !important;background-position: 0 0 !important;background-repeat: no-repeat !important;}&#8221;][vc_column_text css=&#8221;&#8221; el_class=&#8221;caption&#8221;]<\/p>\n<ul>\n<li>Recomienda Woffu a tus clientes o contactos.<\/li>\n<li>Woffu se encarga de la venta y la implantaci\u00f3n.<\/li>\n<li>Recibe ingresos recurrentes por cada nuevo cliente.<\/li>\n<\/ul>\n<p>[\/vc_column_text][\/vc_column_inner][\/vc_row_inner][\/vc_tta_section][vc_tta_section title=&#8221;Service Partner&#8221; tab_id=&#8221;ServicePartner&#8221;][vc_row_inner el_class=&#8221;partners-tab-row&#8221;][vc_column_inner width=&#8221;1\/3&#8243;][vc_column_text css=&#8221;&#8221; el_class=&#8221;description&#8221;]<\/p>\n<h3>Service Partner<\/h3>\n<p>Ideal para empresas que quieren prestar servicios de configuraci\u00f3n y soporte al momento de la implementaci\u00f3n.[\/vc_column_text][vc_btn title=&#8221;Hazte partner&#8221; css=&#8221;&#8221; link=&#8221;url:%23partners-form&#8221; el_class=&#8221;btn btn-dark-new small&#8221;][\/vc_column_inner][vc_column_inner el_class=&#8221;caption-container&#8221; width=&#8221;2\/3&#8243; css=&#8221;.vc_custom_1753792870253{background-image: url(https:\/\/woffu.midaweb.net\/wp-content\/uploads\/2025\/07\/partners-3-service.png?id=11574) !important;background-position: 0 0 !important;background-repeat: no-repeat !important;}&#8221;][vc_column_text css=&#8221;&#8221; el_class=&#8221;caption&#8221;]<\/p>\n<ul>\n<li>Se enfoca en ofrecer un servicio de implementaci\u00f3n de calidad.<\/li>\n<li>Factura directamente por el trabajo realizado.<\/li>\n<\/ul>\n<p>[\/vc_column_text][\/vc_column_inner][\/vc_row_inner][\/vc_tta_section][\/vc_tta_tabs][\/vc_column][\/vc_row][\/vc_section][vc_section el_class=&#8221;partner-features-section&#8221;][vc_row][vc_column el_class=&#8221;features-section-caption&#8221;][vc_column_text]<\/p>\n<h2>\u00bfPor qu\u00e9 ser Partner de Woffu?<\/h2>\n<p>Trabajamos con empresas que buscan soluciones digitales que fortalezcan la lealtad de sus clientes y aporten un valor diferencial.<\/p>\n<h3>\u00danete al programa de Partners con m\u00e1s beneficios del sector tecnol\u00f3gico<\/h3>\n<p>[\/vc_column_text][\/vc_column][\/vc_row][vc_row el_class=&#8221;team-features-row partner-features-row&#8221;][vc_column width=&#8221;1\/4&#8243; el_class=&#8221;team-feature partner-feature&#8221; offset=&#8221;vc_col-xs-6&#8243;][vc_single_image image=&#8221;10309&#8243; img_size=&#8221;full&#8221; css=&#8221;&#8221;][vc_column_text]Modelo de negocio sencillo que aporta <strong>ingresos recurrentes<\/strong>.[\/vc_column_text][\/vc_column][vc_column width=&#8221;1\/4&#8243; el_class=&#8221;team-feature partner-feature&#8221; offset=&#8221;vc_col-xs-6&#8243;][vc_single_image image=&#8221;10313&#8243; img_size=&#8221;full&#8221; css=&#8221;&#8221;][vc_column_text]<strong>Fideliza a tus clientes<\/strong> ofreciendo un software especialista en gestionar la pol\u00edtica horaria de las empresas.[\/vc_column_text][\/vc_column][vc_column width=&#8221;1\/4&#8243; el_class=&#8221;team-feature partner-feature&#8221; offset=&#8221;vc_col-xs-6&#8243;][vc_single_image image=&#8221;10317&#8243; img_size=&#8221;full&#8221; css=&#8221;&#8221;][vc_column_text]<strong>\u00danete al programa sin coste ni tarifas.<\/strong> Queremos que t\u00fa y tus clientes disfruten de un software especialista.[\/vc_column_text][\/vc_column][vc_column width=&#8221;1\/4&#8243; el_class=&#8221;team-feature partner-feature&#8221; offset=&#8221;vc_col-xs-6&#8243;][vc_single_image image=&#8221;10321&#8243; img_size=&#8221;full&#8221; css=&#8221;&#8221;][vc_column_text]Seguimiento pre y post venta con un <strong>Account Executive dedicado a la colaboraci\u00f3n<\/strong>.[\/vc_column_text][\/vc_column][\/vc_row][vc_row el_class=&#8221;team-features-button-container partner-features-button-container&#8221;][vc_column][vc_btn title=&#8221;Hazte Partner&#8221; link=&#8221;url:%23partners-form|title:Partners&#8221; el_class=&#8221;btn btn-more-new&#8221;][\/vc_column][\/vc_row][\/vc_section][vc_section el_class=&#8221;features-section partners-section&#8221;][vc_row][vc_column el_class=&#8221;features-section-caption&#8221;][vc_column_text]<\/p>\n<h2>Permite que tus clientes disfruten de beneficios exclusivos<\/h2>\n<p>Ofrece soluciones de calidad a tu cartera de clientes que te ayuden a fidelizarlos y alcanzar ingresos recurrentes.[\/vc_column_text][\/vc_column][\/vc_row][vc_row el_class=&#8221;features-row features-row-right partners-features-row&#8221;][vc_column width=&#8221;1\/2&#8243; el_class=&#8221;features-row-caption&#8221;][vc_column_text]<\/p>\n<h3>Ofrece a tus clientes la mejor herramienta para optimizar su gesti\u00f3n de RR.HH. con el software especialista en el mercado.<\/h3>\n<ul>\n<li>Garantiza el <strong>cumplimiento legal<\/strong> con un software que se actualiza continuamente para reflejar las normativas m\u00e1s recientes.<\/li>\n<li>Woffu se adapta a las necesidades espec\u00edficas de la empresa para <strong>reflejar la pol\u00edtica horaria<\/strong>.<\/li>\n<li>Consigue <strong>visibilidad de los datos de control horario<\/strong>, con una interfaz intuitiva que permite generar informes personalizados de manera sencilla.<\/li>\n<li>Convierte al equipo de <strong>RR.HH. en un motor clave de productividad<\/strong> con informaci\u00f3n detallada de cada centro, equipo y empleado.<\/li>\n<\/ul>\n<p>[\/vc_column_text][vc_btn title=&#8221;Solicita informaci\u00f3n&#8221; link=&#8221;url:%23partners-form|title:Saber%20m%C3%A1s&#8221; el_class=&#8221;btn btn-more-new&#8221;][\/vc_column][vc_column width=&#8221;1\/2&#8243; el_class=&#8221;features-row-picture bg-transparent&#8221;][vc_single_image image=&#8221;10325&#8243; img_size=&#8221;full&#8221; alignment=&#8221;right&#8221; css=&#8221;&#8221;][\/vc_column][\/vc_row][vc_row el_class=&#8221;cta-form-row&#8221;][vc_column width=&#8221;1\/2&#8243; el_class=&#8221;cta-form-container&#8221; el_id=&#8221;partners-form&#8221;][vc_custom_heading text=&#8221;Convi\u00e9rtete en Partner&#8221; use_theme_fonts=&#8221;yes&#8221;][vc_column_text]\u00danete a nuestro programa de partners y aumenta el potencial de tu negocio.[\/vc_column_text][vc_raw_html]JTNDaWZyYW1lJTIwaWQlM0QlMjJwYXJkb3QtaWZyYW1lJTIyJTIwc3JjJTNEJTIyaHR0cHMlM0ElMkYlMkZnby53b2ZmdS5jb20lMkZsJTJGNzc1MzQzJTJGMjAyNC0xMS0wMyUyRjJzbWt4dHklMjIlMjB3aWR0aCUzRCUyMjEwMCUyNSUyMiUyMGhlaWdodCUzRCUyMjQyMHB4JTIyJTIwdHlwZSUzRCUyMnRleHQlMkZodG1sJTIyJTIwZnJhbWVib3JkZXIlM0QlMjIwJTIyJTIwYWxsb3dUcmFuc3BhcmVuY3klM0QlMjJ0cnVlJTIyJTIwc3R5bGUlM0QlMjJib3JkZXIlM0ElMjAwJTIyJTNFJTNDJTJGaWZyYW1lJTNF[\/vc_raw_html][\/vc_column][vc_column width=&#8221;1\/2&#8243;][vc_single_image image=&#8221;10329&#8243; img_size=&#8221;full&#8221; css=&#8221;&#8221;][\/vc_column][\/vc_row][\/vc_section][vc_section el_class=&#8221;qa-section&#8221;][vc_row][vc_column][vc_custom_heading text=&#8221;Preguntas frecuentes&#8221; font_container=&#8221;tag:h2|text_align:center&#8221;][vc_toggle title=&#8221;\u00bfQui\u00e9n puede unirse al programa de Partners de Woffu?&#8221; open=&#8221;true&#8221;]Cualquier empresa o profesional que ofrezca servicios B2B, como asesor\u00edas, consultor\u00edas, instalaci\u00f3n de sistemas o soluciones tecnol\u00f3gicas. El programa de Partners est\u00e1 dise\u00f1ado para adaptarse a todos los sectores y permitirles expandir su oferta de servicios, generar ingresos recurrentes y fidelizar a sus clientes.[\/vc_toggle][vc_toggle title=&#8221;\u00bfCu\u00e1les son los beneficios de ser un Partner de Woffu?&#8221;]Como Partner de Woffu, tendr\u00e1s acceso a un modelo de negocio sencillo que genera ingresos recurrentes. Podr\u00e1s ofrecer una herramienta avanzada para la gesti\u00f3n de control horario, vacaciones, ausencias, pol\u00edtica horaria y m\u00e1s, ayudando a tus clientes a digitalizar sus procesos de RR.HH y optimizar sus recursos.[\/vc_toggle][vc_toggle title=&#8221;\u00bfQu\u00e9 ventajas ofrece Woffu a los clientes de los Partners?&#8221;]Woffu permite a los clientes disfrutar de una gesti\u00f3n avanzada y personalizada de su pol\u00edtica horaria de RR.HH., cumpliendo con las normativas legales vigentes. La herramienta facilita la visualizaci\u00f3n de todos los datos de control horario, incluyendo horas trabajadas y ausencias, y ofrece informes personalizados, convirtiendo al equipo de RR.HH. en un agente clave para la productividad.[\/vc_toggle][vc_toggle title=&#8221;\u00bfC\u00f3mo puedo empezar a ser Partner de Woffu?&#8221;]Para unirte al programa de Partners de Woffu, completa el formulario en la secci\u00f3n &#8220;Solicita informaci\u00f3n&#8221; de esta web. Uno de nuestros especialistas se pondr\u00e1 en contacto contigo para mostrarte la plataforma en acci\u00f3n y explicarte c\u00f3mo puedes empezar a generar ingresos recurrentes.[\/vc_toggle][vc_toggle title=&#8221;\u00bfExisten costos asociados al unirse al programa de Partners?&#8221;]No, unirse al programa de Partners de Woffu es completamente gratuito. Queremos que tanto t\u00fa como tus clientes disfruten de las ventajas de nuestro software sin ning\u00fan coste inicial ni tarifas adicionales.[\/vc_toggle][vc_toggle title=&#8221;\u00bfQu\u00e9 tipo de integraci\u00f3n ofrece Woffu con otros sistemas?&#8221;]Woffu se integra f\u00e1cilmente con diversos ERPs, SAP, A3 y otros software de gesti\u00f3n de n\u00f3minas y sistemas de RR.HH. Esto permite a los Partners potenciar las herramientas existentes de sus clientes, ofreciendo una soluci\u00f3n integral y eficiente para la gesti\u00f3n del tiempo y los RR.HH.[\/vc_toggle][\/vc_column][\/vc_row][\/vc_section]<\/p>\n<\/div>","protected":false},"excerpt":{"rendered":"<p>[vc_section el_class=&#8221;features-hero partners-hero&#8221;][vc_row][vc_column][vc_column_text el_class=&#8221;features-hero-caption large&#8221;] Forma parte de la red de Partners de Woffu Expande tu oferta, fideliza a tus [&hellip;]<\/p>\n","protected":false},"author":1,"featured_media":0,"parent":0,"menu_order":0,"comment_status":"closed","ping_status":"closed","template":"page-new.php","meta":{"_acf_changed":false,"inline_featured_image":false,"footnotes":""},"class_list":["post-10284","page","type-page","status-publish","hentry"],"acf":[],"yoast_head":"<!-- This site is optimized with the Yoast SEO plugin v26.5 - https:\/\/yoast.com\/wordpress\/plugins\/seo\/ -->\n<title>Forma parte de la red de Partners de Woffu | Woffu<\/title>\n<meta name=\"description\" content=\"Descubre los partners de Woffu, expertos en software de control horario y recursos humanos que ayudan a las empresas a digitalizar su gesti\u00f3n del tiempo\" \/>\n<meta name=\"robots\" content=\"noindex, follow, max-snippet:-1, max-image-preview:large, max-video-preview:-1\" \/>\n<meta property=\"og:locale\" content=\"es_ES\" \/>\n<meta property=\"og:type\" content=\"article\" \/>\n<meta property=\"og:title\" content=\"Forma parte de la red de Partners de Woffu | Woffu\" \/>\n<meta property=\"og:description\" content=\"Descubre los partners de Woffu, expertos en software de control horario y recursos humanos que ayudan a las empresas a digitalizar su gesti\u00f3n del tiempo\" \/>\n<meta property=\"og:url\" content=\"https:\/\/woffu.midaweb.net\/es\/partners\/\" \/>\n<meta property=\"og:site_name\" content=\"Woffu\" \/>\n<meta property=\"article:modified_time\" content=\"2025-11-02T22:51:52+00:00\" \/>\n<meta property=\"og:image\" content=\"https:\/\/woffu.midaweb.net\/wp-content\/uploads\/2025\/07\/woffu-logo-color-marketplace.webp\" \/>\n\t<meta property=\"og:image:width\" content=\"625\" \/>\n\t<meta property=\"og:image:height\" content=\"332\" \/>\n\t<meta property=\"og:image:type\" content=\"image\/webp\" \/>\n<meta name=\"twitter:card\" content=\"summary_large_image\" \/>\n<meta name=\"twitter:site\" content=\"@woffu_app\" \/>\n<meta name=\"twitter:label1\" content=\"Tiempo de lectura\" \/>\n\t<meta name=\"twitter:data1\" content=\"5 minutos\" \/>\n<script type=\"application\/ld+json\" class=\"yoast-schema-graph\">{\"@context\":\"https:\/\/schema.org\",\"@graph\":[{\"@type\":\"WebPage\",\"@id\":\"https:\/\/woffu.midaweb.net\/es\/partners\/\",\"url\":\"https:\/\/woffu.midaweb.net\/es\/partners\/\",\"name\":\"Forma parte de la red de Partners de Woffu | Woffu\",\"isPartOf\":{\"@id\":\"https:\/\/woffu.midaweb.net\/es\/#website\"},\"datePublished\":\"2024-11-17T23:28:36+00:00\",\"dateModified\":\"2025-11-02T22:51:52+00:00\",\"description\":\"Descubre los partners de Woffu, expertos en software de control horario y recursos humanos que ayudan a las empresas a digitalizar su gesti\u00f3n del tiempo\",\"breadcrumb\":{\"@id\":\"https:\/\/woffu.midaweb.net\/es\/partners\/#breadcrumb\"},\"inLanguage\":\"es\",\"potentialAction\":[{\"@type\":\"ReadAction\",\"target\":[\"https:\/\/woffu.midaweb.net\/es\/partners\/\"]}]},{\"@type\":\"BreadcrumbList\",\"@id\":\"https:\/\/woffu.midaweb.net\/es\/partners\/#breadcrumb\",\"itemListElement\":[{\"@type\":\"ListItem\",\"position\":1,\"name\":\"Portada\",\"item\":\"https:\/\/woffu.midaweb.net\/es\/\"},{\"@type\":\"ListItem\",\"position\":2,\"name\":\"Partners\"}]},{\"@type\":\"WebSite\",\"@id\":\"https:\/\/woffu.midaweb.net\/es\/#website\",\"url\":\"https:\/\/woffu.midaweb.net\/es\/\",\"name\":\"Woffu\",\"description\":\"Woffu es una plataforma digital que facilita la gesti\u00f3n del tiempo laboral, control horario, vacaciones y ausencias, optimizando procesos de recursos humanos y asegurando el cumplimiento normativo en las empresas.\",\"publisher\":{\"@id\":\"https:\/\/woffu.midaweb.net\/es\/#organization\"},\"alternateName\":\"Woffu\",\"potentialAction\":[{\"@type\":\"SearchAction\",\"target\":{\"@type\":\"EntryPoint\",\"urlTemplate\":\"https:\/\/woffu.midaweb.net\/es\/?s={search_term_string}\"},\"query-input\":{\"@type\":\"PropertyValueSpecification\",\"valueRequired\":true,\"valueName\":\"search_term_string\"}}],\"inLanguage\":\"es\"},{\"@type\":\"Organization\",\"@id\":\"https:\/\/woffu.midaweb.net\/es\/#organization\",\"name\":\"Woffu\",\"url\":\"https:\/\/woffu.midaweb.net\/es\/\",\"logo\":{\"@type\":\"ImageObject\",\"inLanguage\":\"es\",\"@id\":\"https:\/\/woffu.midaweb.net\/es\/#\/schema\/logo\/image\/\",\"url\":\"https:\/\/woffu.midaweb.net\/wp-content\/uploads\/2021\/08\/logo-woffu-dark.svg\",\"contentUrl\":\"https:\/\/woffu.midaweb.net\/wp-content\/uploads\/2021\/08\/logo-woffu-dark.svg\",\"width\":161,\"height\":38,\"caption\":\"Woffu\"},\"image\":{\"@id\":\"https:\/\/woffu.midaweb.net\/es\/#\/schema\/logo\/image\/\"},\"sameAs\":[\"https:\/\/x.com\/woffu_app\",\"https:\/\/www.instagram.com\/woffu\/\",\"https:\/\/www.linkedin.com\/company\/woffu\/mycompany\/\"]}]}<\/script>\n<!-- \/ Yoast SEO plugin. -->","yoast_head_json":{"title":"Forma parte de la red de Partners de Woffu | Woffu","description":"Descubre los partners de Woffu, expertos en software de control horario y recursos humanos que ayudan a las empresas a digitalizar su gesti\u00f3n del tiempo","robots":{"index":"noindex","follow":"follow","max-snippet":"max-snippet:-1","max-image-preview":"max-image-preview:large","max-video-preview":"max-video-preview:-1"},"og_locale":"es_ES","og_type":"article","og_title":"Forma parte de la red de Partners de Woffu | Woffu","og_description":"Descubre los partners de Woffu, expertos en software de control horario y recursos humanos que ayudan a las empresas a digitalizar su gesti\u00f3n del tiempo","og_url":"https:\/\/woffu.midaweb.net\/es\/partners\/","og_site_name":"Woffu","article_modified_time":"2025-11-02T22:51:52+00:00","og_image":[{"width":625,"height":332,"url":"https:\/\/woffu.midaweb.net\/wp-content\/uploads\/2025\/07\/woffu-logo-color-marketplace.webp","type":"image\/webp"}],"twitter_card":"summary_large_image","twitter_site":"@woffu_app","twitter_misc":{"Tiempo de lectura":"5 minutos"},"schema":{"@context":"https:\/\/schema.org","@graph":[{"@type":"WebPage","@id":"https:\/\/woffu.midaweb.net\/es\/partners\/","url":"https:\/\/woffu.midaweb.net\/es\/partners\/","name":"Forma parte de la red de Partners de Woffu | Woffu","isPartOf":{"@id":"https:\/\/woffu.midaweb.net\/es\/#website"},"datePublished":"2024-11-17T23:28:36+00:00","dateModified":"2025-11-02T22:51:52+00:00","description":"Descubre los partners de Woffu, expertos en software de control horario y recursos humanos que ayudan a las empresas a digitalizar su gesti\u00f3n del tiempo","breadcrumb":{"@id":"https:\/\/woffu.midaweb.net\/es\/partners\/#breadcrumb"},"inLanguage":"es","potentialAction":[{"@type":"ReadAction","target":["https:\/\/woffu.midaweb.net\/es\/partners\/"]}]},{"@type":"BreadcrumbList","@id":"https:\/\/woffu.midaweb.net\/es\/partners\/#breadcrumb","itemListElement":[{"@type":"ListItem","position":1,"name":"Portada","item":"https:\/\/woffu.midaweb.net\/es\/"},{"@type":"ListItem","position":2,"name":"Partners"}]},{"@type":"WebSite","@id":"https:\/\/woffu.midaweb.net\/es\/#website","url":"https:\/\/woffu.midaweb.net\/es\/","name":"Woffu","description":"Woffu es una plataforma digital que facilita la gesti\u00f3n del tiempo laboral, control horario, vacaciones y ausencias, optimizando procesos de recursos humanos y asegurando el cumplimiento normativo en las empresas.","publisher":{"@id":"https:\/\/woffu.midaweb.net\/es\/#organization"},"alternateName":"Woffu","potentialAction":[{"@type":"SearchAction","target":{"@type":"EntryPoint","urlTemplate":"https:\/\/woffu.midaweb.net\/es\/?s={search_term_string}"},"query-input":{"@type":"PropertyValueSpecification","valueRequired":true,"valueName":"search_term_string"}}],"inLanguage":"es"},{"@type":"Organization","@id":"https:\/\/woffu.midaweb.net\/es\/#organization","name":"Woffu","url":"https:\/\/woffu.midaweb.net\/es\/","logo":{"@type":"ImageObject","inLanguage":"es","@id":"https:\/\/woffu.midaweb.net\/es\/#\/schema\/logo\/image\/","url":"https:\/\/woffu.midaweb.net\/wp-content\/uploads\/2021\/08\/logo-woffu-dark.svg","contentUrl":"https:\/\/woffu.midaweb.net\/wp-content\/uploads\/2021\/08\/logo-woffu-dark.svg","width":161,"height":38,"caption":"Woffu"},"image":{"@id":"https:\/\/woffu.midaweb.net\/es\/#\/schema\/logo\/image\/"},"sameAs":["https:\/\/x.com\/woffu_app","https:\/\/www.instagram.com\/woffu\/","https:\/\/www.linkedin.com\/company\/woffu\/mycompany\/"]}]}},"_links":{"self":[{"href":"https:\/\/woffu.midaweb.net\/es\/wp-json\/wp\/v2\/pages\/10284","targetHints":{"allow":["GET"]}}],"collection":[{"href":"https:\/\/woffu.midaweb.net\/es\/wp-json\/wp\/v2\/pages"}],"about":[{"href":"https:\/\/woffu.midaweb.net\/es\/wp-json\/wp\/v2\/types\/page"}],"author":[{"embeddable":true,"href":"https:\/\/woffu.midaweb.net\/es\/wp-json\/wp\/v2\/users\/1"}],"replies":[{"embeddable":true,"href":"https:\/\/woffu.midaweb.net\/es\/wp-json\/wp\/v2\/comments?post=10284"}],"version-history":[{"count":0,"href":"https:\/\/woffu.midaweb.net\/es\/wp-json\/wp\/v2\/pages\/10284\/revisions"}],"wp:attachment":[{"href":"https:\/\/woffu.midaweb.net\/es\/wp-json\/wp\/v2\/media?parent=10284"}],"curies":[{"name":"wp","href":"https:\/\/api.w.org\/{rel}","templated":true}]}}